{"id":3313,"date":"2019-12-06T09:09:52","date_gmt":"2019-12-06T08:09:52","guid":{"rendered":"https:\/\/balsamico.shop\/de\/?post_type=product&#038;p=3313"},"modified":"2026-05-15T11:04:45","modified_gmt":"2026-05-15T09:04:45","slug":"malagoli-aceto-balsamico-tradizionale-di-modena-dop","status":"publish","type":"product","link":"https:\/\/balsamico.shop\/de\/produkt\/malagoli-aceto-balsamico-tradizionale-di-modena-dop\/","title":{"rendered":"Aceto Balsamico Tradizionale di Modena D.O.P. Affinato \u2013 Malagoli"},"content":{"rendered":"<p><img loading=\"lazy\" decoding=\"async\" class=\"size-full wp-image-3326 alignright\" src=\"https:\/\/balsamico.shop\/de\/wp-content\/uploads\/2019\/12\/acetaia-malagoli.jpg\" alt=\"Acetaia Malagoli\" width=\"236\" height=\"328\" srcset=\"https:\/\/balsamico.shop\/de\/wp-content\/uploads\/2019\/12\/acetaia-malagoli.jpg 236w, https:\/\/balsamico.shop\/de\/wp-content\/uploads\/2019\/12\/acetaia-malagoli-216x300.jpg 216w\" sizes=\"auto, (max-width: 236px) 100vw, 236px\" \/>Dieser Aceto Balsamico Tradizionale di Modena D.O.P. stammt aus den F\u00e4ssern der Acetaia Malagoli. Diese Acetaia wurde von Daniele Malagoli gegr\u00fcndet und entstand aus der Leidenschaft zum Balsamico vor knapp 30 Jahren auf einem f\u00fcr die Region typischen Anwesen s\u00fcd-\u00f6stlich von Modena umgeben von Weinreben, Obstb\u00e4umen und Feldern. Die Anzahl der F\u00e4sser wuchs \u00fcber die Jahre und mit Ihr auch die ausgezeichnete Qualit\u00e4t des dort produzierten Aceto Balsamicos. Heute wird die Acetaia von Sofia Malagoli vertreten, der \u00e4ltesten Tochter der Malagolis. Auch Sofia tr\u00e4gt die Leidenschaft zum Balsamico genau wie Ihr Vaters in sich und engagiert sich im Consorzio Tutela Aceto Balsamico Tradizionale di Modena als Repr\u00e4sentantin, gibt Balsamico-Kurse und professionell gef\u00fchrte Touren zu diesem Thema.<\/p>\n<p>Dieser Aceto Balsamico Tradizionale di Modena D.O.P. Affinato reifte zwischen 12 bis 24 Jahre in den Holzf\u00e4sser der Acetaia Malagoli. Wir sind aktuell der einzige Online Shop in Deutschland bei dem Sie diesen au\u00dfergew\u00f6hnlich guten traditionellen Balsamico online kaufen k\u00f6nnen.<\/p>\n<p><img loading=\"lazy\" decoding=\"async\" class=\"alignnone wp-image-3349 size-full\" src=\"https:\/\/balsamico.shop\/de\/wp-content\/uploads\/2019\/12\/sofia-malagoli-abtm-affinato.jpg\" alt=\"Sofia Malagoli - Aceto Balsamico Tradizionale di Modena DOP Affinato\" width=\"600\" height=\"400\" srcset=\"https:\/\/balsamico.shop\/de\/wp-content\/uploads\/2019\/12\/sofia-malagoli-abtm-affinato.jpg 600w, https:\/\/balsamico.shop\/de\/wp-content\/uploads\/2019\/12\/sofia-malagoli-abtm-affinato-300x200.jpg 300w, https:\/\/balsamico.shop\/de\/wp-content\/uploads\/2019\/12\/sofia-malagoli-abtm-affinato-390x260.jpg 390w\" sizes=\"auto, (max-width: 600px) 100vw, 600px\" \/><br \/>\n<em>Foto &#8211; Sofia Malagoli &#8211; Acetaia Malagoli<\/em><\/p>\n<p>Diese Charge, welche sehr begrenzt verf\u00fcgbar ist, wird in einer Holzbox mit dem typischen Ausgie\u00dfer geliefert.<\/p>\n<p><strong>Zutaten<\/strong>: 100% eingekochter Traubenmost<\/p>\n<p>Hinweis: Kann Sulfite enthalten.<\/p>\n","protected":false},"excerpt":{"rendered":"<p>Ein Aceto Balsamico Tradizionale di Modena aus den F\u00e4ssern der Acetaia Malagoli. Mit viel Hingabe und Liebe zum Produkt reifte dieses Produkt mehr als 12 Jahre &#8211; eine einzigartige S\u00fc\u00dfe und intensive Weinnoten zeichnen dieses Produkt besonders aus.<\/p>\n","protected":false},"featured_media":3312,"template":"","meta":[],"product_brand":[],"product_cat":[72],"product_tag":[59,60],"class_list":{"0":"post-3313","1":"product","2":"type-product","3":"status-publish","4":"has-post-thumbnail","6":"product_cat-malagoli","7":"product_tag-59","8":"product_tag-modena","9":"product_shipping_class-balsamico","11":"first","12":"instock","13":"taxable","14":"shipping-taxable","15":"purchasable","16":"product-type-simple"},"bundle_layout":"","bundled_by":[],"bundled_items":[],"yoast_head":"<!-- This site is optimized with the Yoast SEO plugin v27.5 - https:\/\/yoast.com\/product\/yoast-seo-wordpress\/ -->\n<title>Malagoli - Aceto Balsamico Tradizionale di Modena D.O.P.<\/title>\n<meta name=\"description\" content=\"Erleben Sie den einen Aceto Balsamico Tradizionale di Modena der Spitzenklasse aus der traditionsreichen Acetaia Malagoli - exklsuiv f\u00fcr Sie in Deutschland verf\u00fcgbar.\" \/>\n<meta name=\"robots\" content=\"index, follow, max-snippet:-1, max-image-preview:large, max-video-preview:-1\" \/>\n<link rel=\"canonical\" href=\"https:\/\/balsamico.shop\/de\/produkt\/malagoli-aceto-balsamico-tradizionale-di-modena-dop\/\" \/>\n<script type=\"application\/ld+json\" class=\"yoast-schema-graph\">{\"@context\":\"https:\\\/\\\/schema.org\",\"@graph\":[{\"@type\":\"WebPage\",\"@id\":\"https:\\\/\\\/balsamico.shop\\\/de\\\/produkt\\\/malagoli-aceto-balsamico-tradizionale-di-modena-dop\\\/\",\"url\":\"https:\\\/\\\/balsamico.shop\\\/de\\\/produkt\\\/malagoli-aceto-balsamico-tradizionale-di-modena-dop\\\/\",\"name\":\"Malagoli - Aceto Balsamico Tradizionale di Modena D.O.P.\",\"isPartOf\":{\"@id\":\"https:\\\/\\\/balsamico.shop\\\/de\\\/#website\"},\"primaryImageOfPage\":{\"@id\":\"https:\\\/\\\/balsamico.shop\\\/de\\\/produkt\\\/malagoli-aceto-balsamico-tradizionale-di-modena-dop\\\/#primaryimage\"},\"image\":{\"@id\":\"https:\\\/\\\/balsamico.shop\\\/de\\\/produkt\\\/malagoli-aceto-balsamico-tradizionale-di-modena-dop\\\/#primaryimage\"},\"thumbnailUrl\":\"https:\\\/\\\/balsamico.shop\\\/de\\\/wp-content\\\/uploads\\\/2019\\\/12\\\/aceto-balsamico-tradizionale-di-modena-dop-malagoli-12.jpg\",\"datePublished\":\"2019-12-06T08:09:52+00:00\",\"dateModified\":\"2026-05-15T09:04:45+00:00\",\"description\":\"Erleben Sie den einen Aceto Balsamico Tradizionale di Modena der Spitzenklasse aus der traditionsreichen Acetaia Malagoli - exklsuiv f\u00fcr Sie in Deutschland verf\u00fcgbar.\",\"breadcrumb\":{\"@id\":\"https:\\\/\\\/balsamico.shop\\\/de\\\/produkt\\\/malagoli-aceto-balsamico-tradizionale-di-modena-dop\\\/#breadcrumb\"},\"inLanguage\":\"de\",\"potentialAction\":[{\"@type\":\"ReadAction\",\"target\":[\"https:\\\/\\\/balsamico.shop\\\/de\\\/produkt\\\/malagoli-aceto-balsamico-tradizionale-di-modena-dop\\\/\"]}]},{\"@type\":\"ImageObject\",\"inLanguage\":\"de\",\"@id\":\"https:\\\/\\\/balsamico.shop\\\/de\\\/produkt\\\/malagoli-aceto-balsamico-tradizionale-di-modena-dop\\\/#primaryimage\",\"url\":\"https:\\\/\\\/balsamico.shop\\\/de\\\/wp-content\\\/uploads\\\/2019\\\/12\\\/aceto-balsamico-tradizionale-di-modena-dop-malagoli-12.jpg\",\"contentUrl\":\"https:\\\/\\\/balsamico.shop\\\/de\\\/wp-content\\\/uploads\\\/2019\\\/12\\\/aceto-balsamico-tradizionale-di-modena-dop-malagoli-12.jpg\",\"width\":1600,\"height\":1872,\"caption\":\"Aceto Balsamico Tradizionale di Modena DOP - Malagoli\"},{\"@type\":\"BreadcrumbList\",\"@id\":\"https:\\\/\\\/balsamico.shop\\\/de\\\/produkt\\\/malagoli-aceto-balsamico-tradizionale-di-modena-dop\\\/#breadcrumb\",\"itemListElement\":[{\"@type\":\"ListItem\",\"position\":1,\"name\":\"Startseite\",\"item\":\"https:\\\/\\\/balsamico.shop\\\/de\\\/\"},{\"@type\":\"ListItem\",\"position\":2,\"name\":\"Aceto Balsamico Shop\",\"item\":\"https:\\\/\\\/balsamico.shop\\\/de\\\/shop\\\/\"},{\"@type\":\"ListItem\",\"position\":3,\"name\":\"Aceto Balsamico Tradizionale di Modena D.O.P. Affinato \u2013 Malagoli\"}]},{\"@type\":\"WebSite\",\"@id\":\"https:\\\/\\\/balsamico.shop\\\/de\\\/#website\",\"url\":\"https:\\\/\\\/balsamico.shop\\\/de\\\/\",\"name\":\"Aceto Balsamico Shop\",\"description\":\"Shop f\u00fcr Balsamico aus Modena &amp; Reggio Emilia\",\"publisher\":{\"@id\":\"https:\\\/\\\/balsamico.shop\\\/de\\\/#organization\"},\"potentialAction\":[{\"@type\":\"SearchAction\",\"target\":{\"@type\":\"EntryPoint\",\"urlTemplate\":\"https:\\\/\\\/balsamico.shop\\\/de\\\/?s={search_term_string}\"},\"query-input\":{\"@type\":\"PropertyValueSpecification\",\"valueRequired\":true,\"valueName\":\"search_term_string\"}}],\"inLanguage\":\"de\"},{\"@type\":\"Organization\",\"@id\":\"https:\\\/\\\/balsamico.shop\\\/de\\\/#organization\",\"name\":\"Bernardo Tesori\",\"url\":\"https:\\\/\\\/balsamico.shop\\\/de\\\/\",\"logo\":{\"@type\":\"ImageObject\",\"inLanguage\":\"de\",\"@id\":\"https:\\\/\\\/balsamico.shop\\\/de\\\/#\\\/schema\\\/logo\\\/image\\\/\",\"url\":\"https:\\\/\\\/balsamico.shop\\\/de\\\/wp-content\\\/uploads\\\/2016\\\/04\\\/logo_bernardo.png\",\"contentUrl\":\"https:\\\/\\\/balsamico.shop\\\/de\\\/wp-content\\\/uploads\\\/2016\\\/04\\\/logo_bernardo.png\",\"width\":278,\"height\":466,\"caption\":\"Bernardo Tesori\"},\"image\":{\"@id\":\"https:\\\/\\\/balsamico.shop\\\/de\\\/#\\\/schema\\\/logo\\\/image\\\/\"}}]}<\/script>\n<!-- \/ Yoast SEO plugin. -->","yoast_head_json":{"title":"Malagoli - Aceto Balsamico Tradizionale di Modena D.O.P.","description":"Erleben Sie den einen Aceto Balsamico Tradizionale di Modena der Spitzenklasse aus der traditionsreichen Acetaia Malagoli - exklsuiv f\u00fcr Sie in Deutschland verf\u00fcgbar.","robots":{"index":"index","follow":"follow","max-snippet":"max-snippet:-1","max-image-preview":"max-image-preview:large","max-video-preview":"max-video-preview:-1"},"canonical":"https:\/\/balsamico.shop\/de\/produkt\/malagoli-aceto-balsamico-tradizionale-di-modena-dop\/","schema":{"@context":"https:\/\/schema.org","@graph":[{"@type":"WebPage","@id":"https:\/\/balsamico.shop\/de\/produkt\/malagoli-aceto-balsamico-tradizionale-di-modena-dop\/","url":"https:\/\/balsamico.shop\/de\/produkt\/malagoli-aceto-balsamico-tradizionale-di-modena-dop\/","name":"Malagoli - Aceto Balsamico Tradizionale di Modena D.O.P.","isPartOf":{"@id":"https:\/\/balsamico.shop\/de\/#website"},"primaryImageOfPage":{"@id":"https:\/\/balsamico.shop\/de\/produkt\/malagoli-aceto-balsamico-tradizionale-di-modena-dop\/#primaryimage"},"image":{"@id":"https:\/\/balsamico.shop\/de\/produkt\/malagoli-aceto-balsamico-tradizionale-di-modena-dop\/#primaryimage"},"thumbnailUrl":"https:\/\/balsamico.shop\/de\/wp-content\/uploads\/2019\/12\/aceto-balsamico-tradizionale-di-modena-dop-malagoli-12.jpg","datePublished":"2019-12-06T08:09:52+00:00","dateModified":"2026-05-15T09:04:45+00:00","description":"Erleben Sie den einen Aceto Balsamico Tradizionale di Modena der Spitzenklasse aus der traditionsreichen Acetaia Malagoli - exklsuiv f\u00fcr Sie in Deutschland verf\u00fcgbar.","breadcrumb":{"@id":"https:\/\/balsamico.shop\/de\/produkt\/malagoli-aceto-balsamico-tradizionale-di-modena-dop\/#breadcrumb"},"inLanguage":"de","potentialAction":[{"@type":"ReadAction","target":["https:\/\/balsamico.shop\/de\/produkt\/malagoli-aceto-balsamico-tradizionale-di-modena-dop\/"]}]},{"@type":"ImageObject","inLanguage":"de","@id":"https:\/\/balsamico.shop\/de\/produkt\/malagoli-aceto-balsamico-tradizionale-di-modena-dop\/#primaryimage","url":"https:\/\/balsamico.shop\/de\/wp-content\/uploads\/2019\/12\/aceto-balsamico-tradizionale-di-modena-dop-malagoli-12.jpg","contentUrl":"https:\/\/balsamico.shop\/de\/wp-content\/uploads\/2019\/12\/aceto-balsamico-tradizionale-di-modena-dop-malagoli-12.jpg","width":1600,"height":1872,"caption":"Aceto Balsamico Tradizionale di Modena DOP - Malagoli"},{"@type":"BreadcrumbList","@id":"https:\/\/balsamico.shop\/de\/produkt\/malagoli-aceto-balsamico-tradizionale-di-modena-dop\/#breadcrumb","itemListElement":[{"@type":"ListItem","position":1,"name":"Startseite","item":"https:\/\/balsamico.shop\/de\/"},{"@type":"ListItem","position":2,"name":"Aceto Balsamico Shop","item":"https:\/\/balsamico.shop\/de\/shop\/"},{"@type":"ListItem","position":3,"name":"Aceto Balsamico Tradizionale di Modena D.O.P. Affinato \u2013 Malagoli"}]},{"@type":"WebSite","@id":"https:\/\/balsamico.shop\/de\/#website","url":"https:\/\/balsamico.shop\/de\/","name":"Aceto Balsamico Shop","description":"Shop f\u00fcr Balsamico aus Modena &amp; Reggio Emilia","publisher":{"@id":"https:\/\/balsamico.shop\/de\/#organization"},"potentialAction":[{"@type":"SearchAction","target":{"@type":"EntryPoint","urlTemplate":"https:\/\/balsamico.shop\/de\/?s={search_term_string}"},"query-input":{"@type":"PropertyValueSpecification","valueRequired":true,"valueName":"search_term_string"}}],"inLanguage":"de"},{"@type":"Organization","@id":"https:\/\/balsamico.shop\/de\/#organization","name":"Bernardo Tesori","url":"https:\/\/balsamico.shop\/de\/","logo":{"@type":"ImageObject","inLanguage":"de","@id":"https:\/\/balsamico.shop\/de\/#\/schema\/logo\/image\/","url":"https:\/\/balsamico.shop\/de\/wp-content\/uploads\/2016\/04\/logo_bernardo.png","contentUrl":"https:\/\/balsamico.shop\/de\/wp-content\/uploads\/2016\/04\/logo_bernardo.png","width":278,"height":466,"caption":"Bernardo Tesori"},"image":{"@id":"https:\/\/balsamico.shop\/de\/#\/schema\/logo\/image\/"}}]}},"_links":{"self":[{"href":"https:\/\/balsamico.shop\/de\/wp-json\/wp\/v2\/product\/3313","targetHints":{"allow":["GET"]}}],"collection":[{"href":"https:\/\/balsamico.shop\/de\/wp-json\/wp\/v2\/product"}],"about":[{"href":"https:\/\/balsamico.shop\/de\/wp-json\/wp\/v2\/types\/product"}],"wp:featuredmedia":[{"embeddable":true,"href":"https:\/\/balsamico.shop\/de\/wp-json\/wp\/v2\/media\/3312"}],"wp:attachment":[{"href":"https:\/\/balsamico.shop\/de\/wp-json\/wp\/v2\/media?parent=3313"}],"wp:term":[{"taxonomy":"product_brand","embeddable":true,"href":"https:\/\/balsamico.shop\/de\/wp-json\/wp\/v2\/product_brand?post=3313"},{"taxonomy":"product_cat","embeddable":true,"href":"https:\/\/balsamico.shop\/de\/wp-json\/wp\/v2\/product_cat?post=3313"},{"taxonomy":"product_tag","embeddable":true,"href":"https:\/\/balsamico.shop\/de\/wp-json\/wp\/v2\/product_tag?post=3313"}],"curies":[{"name":"wp","href":"https:\/\/api.w.org\/{rel}","templated":true}]}}