{"id":2962,"date":"2020-09-03T20:39:53","date_gmt":"2020-09-03T18:39:53","guid":{"rendered":"https:\/\/balsamico.shop\/de\/?post_type=product&#038;p=2962"},"modified":"2024-07-15T17:25:40","modified_gmt":"2024-07-15T15:25:40","slug":"il-denso-balsamico-giuseppe-giusti-aceto-balsamico-di-modena-igp","status":"publish","type":"product","link":"https:\/\/balsamico.shop\/de\/produkt\/il-denso-balsamico-giuseppe-giusti-aceto-balsamico-di-modena-igp\/","title":{"rendered":"Il Denso Balsamico &#8211; Giuseppe Giusti &#8211; Aceto Balsamico di Modena IGP"},"content":{"rendered":"<p>Dieser Aceto Balsamico di Modena IGP aus dem Hause Giuseppe Giusti wurde 2009 vom Feinschmecker Magazin zum Testsieger bzw. <strong>Nummer 1 der Einkaufstipps<\/strong> pr\u00e4miert und genie\u00dft seither eine hohe Beliebtheit in Deutschland. Der hier angebotene Balsamico &#8211; wird mit <strong>3 Gold-Medaillen<\/strong> gekennzeichnet und bildet damit das mittlere Produkt in der historischen Serie der <a href=\"https:\/\/giusti.it\/en\/products\/the-historical-collection\/\" target=\"_blank\" rel=\"noopener noreferrer\">IGP Essige<\/a> von Giusti. Die Konsistenz dieses Balsamicos, bestehend aus Traubenmost und Weinessig &#8211; mit einer vorgeschriebenen S\u00e4ure von 6% ist bereits sirupartig. Die S\u00e4ure ist kr\u00e4ftig und betont die Beilage (z.B. Salat) unverwechselbar mit den Weinnoten eines gealterten Traubenessigs.<\/p>\n<p>Giusti selbst beschreibt diesen Balsamico so:<\/p>\n<p>Dem Vorfahren gewidmet, der das Rezept zu Beginn des 20. Jahrhunderts kreierte, wird dieser Balsamico aus s\u00fc\u00dfen, sonnen-getrockneten Trauben gewonnen. D\u00fcfte und Aromen von Pflaumenmarmelade und roten Fr\u00fcchten greifen ineinander mit Noten von Honig und einem Hauch Vanille in einem dickfl\u00fcssigen und s\u00fc\u00dfen Balsamico , perfekt als frisches Dressing f\u00fcr verschiedene herzhafte oder s\u00fc\u00dfe Gerichte.<\/p>\n<p><strong>Alterung<\/strong>:<br \/>\nDie Traubenmost-Anteile reiften<strong> mehrere Jahre<\/strong> in klassischen Barriquef\u00e4ssern (Eiche). W\u00e4hrend der Essigg\u00e4rung wird regelm\u00e4\u00dfig sehr lang gereifter Balsamico-Essig, der aus einer Reihe von jahrhundertealten F\u00e4ssern zugesetzt und abgeschmeckt. F\u00fcr die finale IGP Mischung wurde gealterter Weinessig aus der hauseigenen Produktion verwendet.<\/p>\n<p><strong>Farbe<\/strong>: sattes dunkelbraun<\/p>\n<p><strong>Geruch<\/strong>: angenehme S\u00e4ure, fruchtige Kirsche und Pflaume mit typischer Weinnote<\/p>\n<p><strong>Geschmack &amp; Intensit\u00e4t<\/strong>: milde und dennoch pr\u00e4gende S\u00e4ure, dominierende getrocknete s\u00fc\u00dfe Pflaume, kurzlebig, zur\u00fcckhaltend im Abgang<\/p>\n<p><strong>Aufbewahrung<\/strong>: licht-gesch\u00fctzt, verschlossen bei Zimmertemperatur.<\/p>\n<p><strong>Haltbarkeit: v<\/strong>erschlossen 10 Jahre haltbar &#8211; <a href=\"https:\/\/eur-lex.europa.eu\/legal-content\/DE\/TXT\/HTML\/?uri=CELEX:32011R1169&amp;from=DE#d1e32-57-1\">kein MHD\u00a0 lt. EU Lebensmittelverordnung<\/a>.<\/p>\n<p><b>Ursprungsland<\/b>: Italien<\/p>\n<p><strong>Hergestellt und verarbeitet<\/strong>: Modena, Italien<\/p>\n<p><strong>Schutzsiegel<\/strong>: I.G.P. \/ g.g.A (Gesch\u00fctzte geografische Angabe).<\/p>\n<p><strong>Bezeichnung gesch\u00fctzt durch<\/strong>: Verordnung (EG) <a href=\"https:\/\/eur-lex.europa.eu\/legal-content\/DE\/TXT\/HTML\/?uri=CELEX:32009R0583&amp;from=DE\" target=\"_blank\" rel=\"noopener noreferrer\">Nr. 583\/2009<\/a> &#8211; Aceto Balsamico di Modena<\/p>\n<p><strong>Ausgie\u00dfer<\/strong>: integriert, Silikon<\/p>\n<p><strong>Flaschenform<\/strong>: Champagnotta, Glas<\/p>\n<p><strong>Menge<\/strong>: 250 Milliliter, ab 6 Flaschen sparen<\/p>\n<p><strong>Inhaltsstoffe<\/strong>:<br \/>\n6% S\u00e4ure, Most aus gekochten, sonnen-getrockneten Trauben, gereifter Weinessig.<\/p>\n<p><strong>Hinweis<\/strong>: enth\u00e4lt Sulfite<\/p>\n<p><iframe loading=\"lazy\" src=\"https:\/\/www.youtube-nocookie.com\/embed\/uz_BA15FcrQ\" width=\"560\" height=\"315\" frameborder=\"0\" allowfullscreen=\"allowfullscreen\"><\/iframe><\/p>\n<p><strong>Produktbezeichnungen<\/strong> &#8211; welche diesem Produkt zugeordnet werden k\u00f6nnen:<\/p>\n<ul>\n<li>Aceto Balsamico di Modena von Giusti rotes Etikett<\/li>\n<li>3 Medaglie d\u2019oro Riccardo Giusti<\/li>\n<li>Rote Giusti Flasche mit drei Goldmedaillen<\/li>\n<li>Gran Deposito Aceto Balsamico Giuseppe Giusti Modena 250 ml<\/li>\n<li>Aceto Balsamico Giusti 3 Medaglie &#8211; Oro 250ml<\/li>\n<li>Gran Deposito Aceto Balsamico di Giuseppe Giusti dal 1605<\/li>\n<\/ul>\n<p>&nbsp;<\/p>\n","protected":false},"excerpt":{"rendered":"<p>Dieser milde Aceto Balsamico di Modena IGP aus dem Hause Giuseppe Giusti wurde vom Feinschmecker Magazin zum Testsieger bzw. <strong>Nummer 1 der Einkaufstipps<\/strong> pr\u00e4miert und genie\u00dft seither eine hohe Beliebtheit in Deutschland.<\/p>\n","protected":false},"featured_media":2963,"template":"","meta":[],"product_brand":[],"product_cat":[56],"product_tag":[69,60],"class_list":{"0":"post-2962","1":"product","2":"type-product","3":"status-publish","4":"has-post-thumbnail","6":"product_cat-giusti","7":"product_tag-igp","8":"product_tag-modena","9":"product_shipping_class-balsamico","11":"first","12":"outofstock","13":"sale","14":"taxable","15":"shipping-taxable","16":"purchasable","17":"product-type-simple"},"bundle_layout":"","bundled_by":[],"bundled_items":[],"yoast_head":"<!-- This site is optimized with the Yoast SEO plugin v27.3 - https:\/\/yoast.com\/product\/yoast-seo-wordpress\/ -->\n<title>Il Denso Balsamico - Giuseppe Giusti - Aceto Balsamico di Modena IGP<\/title>\n<meta name=\"description\" content=\"%Sale - Der pr\u00e4mierte Balsamico - Il Denso Balsamico 250 ml - rotes Etikett aus der Acetaia Giuseppe Giusti in Modena - der beliebte Aceto Balsamico di Modena IGP mit 3 Medaillen jetzt kaufen.\" \/>\n<meta name=\"robots\" content=\"index, follow, max-snippet:-1, max-image-preview:large, max-video-preview:-1\" \/>\n<link rel=\"canonical\" href=\"https:\/\/balsamico.shop\/de\/produkt\/il-denso-balsamico-giuseppe-giusti-aceto-balsamico-di-modena-igp\/\" \/>\n<script type=\"application\/ld+json\" class=\"yoast-schema-graph\">{\"@context\":\"https:\\\/\\\/schema.org\",\"@graph\":[{\"@type\":\"ImageObject\",\"inLanguage\":\"de\",\"@id\":\"https:\\\/\\\/balsamico.shop\\\/de\\\/produkt\\\/il-denso-balsamico-giuseppe-giusti-aceto-balsamico-di-modena-igp\\\/#primaryimage\",\"url\":\"https:\\\/\\\/balsamico.shop\\\/de\\\/wp-content\\\/uploads\\\/2019\\\/09\\\/guiseppe-giusti-il-denso-aceto-balsamico-di-modena-igp.jpg\",\"contentUrl\":\"https:\\\/\\\/balsamico.shop\\\/de\\\/wp-content\\\/uploads\\\/2019\\\/09\\\/guiseppe-giusti-il-denso-aceto-balsamico-di-modena-igp.jpg\",\"width\":1600,\"height\":1872,\"caption\":\"Il Denso Balsamico - Guiseppe Giusti - Aceto Balsamico di Modena IGP\"},{\"@type\":\"BreadcrumbList\",\"@id\":\"https:\\\/\\\/balsamico.shop\\\/de\\\/produkt\\\/il-denso-balsamico-giuseppe-giusti-aceto-balsamico-di-modena-igp\\\/#breadcrumb\",\"itemListElement\":[{\"@type\":\"ListItem\",\"position\":1,\"name\":\"Startseite\",\"item\":\"https:\\\/\\\/balsamico.shop\\\/de\\\/\"},{\"@type\":\"ListItem\",\"position\":2,\"name\":\"Aceto Balsamico Shop\",\"item\":\"https:\\\/\\\/balsamico.shop\\\/de\\\/shop\\\/\"},{\"@type\":\"ListItem\",\"position\":3,\"name\":\"Il Denso Balsamico &#8211; Giuseppe Giusti &#8211; Aceto Balsamico di Modena IGP\"}]},{\"@type\":\"WebSite\",\"@id\":\"https:\\\/\\\/balsamico.shop\\\/de\\\/#website\",\"url\":\"https:\\\/\\\/balsamico.shop\\\/de\\\/\",\"name\":\"Aceto Balsamico Shop\",\"description\":\"Shop f\u00fcr Balsamico aus Modena &amp; Reggio Emilia\",\"publisher\":{\"@id\":\"https:\\\/\\\/balsamico.shop\\\/de\\\/#organization\"},\"potentialAction\":[{\"@type\":\"SearchAction\",\"target\":{\"@type\":\"EntryPoint\",\"urlTemplate\":\"https:\\\/\\\/balsamico.shop\\\/de\\\/?s={search_term_string}\"},\"query-input\":{\"@type\":\"PropertyValueSpecification\",\"valueRequired\":true,\"valueName\":\"search_term_string\"}}],\"inLanguage\":\"de\"},{\"@type\":\"Organization\",\"@id\":\"https:\\\/\\\/balsamico.shop\\\/de\\\/#organization\",\"name\":\"Bernardo Tesori\",\"url\":\"https:\\\/\\\/balsamico.shop\\\/de\\\/\",\"logo\":{\"@type\":\"ImageObject\",\"inLanguage\":\"de\",\"@id\":\"https:\\\/\\\/balsamico.shop\\\/de\\\/#\\\/schema\\\/logo\\\/image\\\/\",\"url\":\"https:\\\/\\\/balsamico.shop\\\/de\\\/wp-content\\\/uploads\\\/2016\\\/04\\\/logo_bernardo.png\",\"contentUrl\":\"https:\\\/\\\/balsamico.shop\\\/de\\\/wp-content\\\/uploads\\\/2016\\\/04\\\/logo_bernardo.png\",\"width\":278,\"height\":466,\"caption\":\"Bernardo Tesori\"},\"image\":{\"@id\":\"https:\\\/\\\/balsamico.shop\\\/de\\\/#\\\/schema\\\/logo\\\/image\\\/\"}}]}<\/script>\n<!-- \/ Yoast SEO plugin. -->","yoast_head_json":{"title":"Il Denso Balsamico - Giuseppe Giusti - Aceto Balsamico di Modena IGP","description":"%Sale - Der pr\u00e4mierte Balsamico - Il Denso Balsamico 250 ml - rotes Etikett aus der Acetaia Giuseppe Giusti in Modena - der beliebte Aceto Balsamico di Modena IGP mit 3 Medaillen jetzt kaufen.","robots":{"index":"index","follow":"follow","max-snippet":"max-snippet:-1","max-image-preview":"max-image-preview:large","max-video-preview":"max-video-preview:-1"},"canonical":"https:\/\/balsamico.shop\/de\/produkt\/il-denso-balsamico-giuseppe-giusti-aceto-balsamico-di-modena-igp\/","schema":{"@context":"https:\/\/schema.org","@graph":[{"@type":"ImageObject","inLanguage":"de","@id":"https:\/\/balsamico.shop\/de\/produkt\/il-denso-balsamico-giuseppe-giusti-aceto-balsamico-di-modena-igp\/#primaryimage","url":"https:\/\/balsamico.shop\/de\/wp-content\/uploads\/2019\/09\/guiseppe-giusti-il-denso-aceto-balsamico-di-modena-igp.jpg","contentUrl":"https:\/\/balsamico.shop\/de\/wp-content\/uploads\/2019\/09\/guiseppe-giusti-il-denso-aceto-balsamico-di-modena-igp.jpg","width":1600,"height":1872,"caption":"Il Denso Balsamico - Guiseppe Giusti - Aceto Balsamico di Modena IGP"},{"@type":"BreadcrumbList","@id":"https:\/\/balsamico.shop\/de\/produkt\/il-denso-balsamico-giuseppe-giusti-aceto-balsamico-di-modena-igp\/#breadcrumb","itemListElement":[{"@type":"ListItem","position":1,"name":"Startseite","item":"https:\/\/balsamico.shop\/de\/"},{"@type":"ListItem","position":2,"name":"Aceto Balsamico Shop","item":"https:\/\/balsamico.shop\/de\/shop\/"},{"@type":"ListItem","position":3,"name":"Il Denso Balsamico &#8211; Giuseppe Giusti &#8211; Aceto Balsamico di Modena IGP"}]},{"@type":"WebSite","@id":"https:\/\/balsamico.shop\/de\/#website","url":"https:\/\/balsamico.shop\/de\/","name":"Aceto Balsamico Shop","description":"Shop f\u00fcr Balsamico aus Modena &amp; Reggio Emilia","publisher":{"@id":"https:\/\/balsamico.shop\/de\/#organization"},"potentialAction":[{"@type":"SearchAction","target":{"@type":"EntryPoint","urlTemplate":"https:\/\/balsamico.shop\/de\/?s={search_term_string}"},"query-input":{"@type":"PropertyValueSpecification","valueRequired":true,"valueName":"search_term_string"}}],"inLanguage":"de"},{"@type":"Organization","@id":"https:\/\/balsamico.shop\/de\/#organization","name":"Bernardo Tesori","url":"https:\/\/balsamico.shop\/de\/","logo":{"@type":"ImageObject","inLanguage":"de","@id":"https:\/\/balsamico.shop\/de\/#\/schema\/logo\/image\/","url":"https:\/\/balsamico.shop\/de\/wp-content\/uploads\/2016\/04\/logo_bernardo.png","contentUrl":"https:\/\/balsamico.shop\/de\/wp-content\/uploads\/2016\/04\/logo_bernardo.png","width":278,"height":466,"caption":"Bernardo Tesori"},"image":{"@id":"https:\/\/balsamico.shop\/de\/#\/schema\/logo\/image\/"}}]}},"_links":{"self":[{"href":"https:\/\/balsamico.shop\/de\/wp-json\/wp\/v2\/product\/2962","targetHints":{"allow":["GET"]}}],"collection":[{"href":"https:\/\/balsamico.shop\/de\/wp-json\/wp\/v2\/product"}],"about":[{"href":"https:\/\/balsamico.shop\/de\/wp-json\/wp\/v2\/types\/product"}],"wp:featuredmedia":[{"embeddable":true,"href":"https:\/\/balsamico.shop\/de\/wp-json\/wp\/v2\/media\/2963"}],"wp:attachment":[{"href":"https:\/\/balsamico.shop\/de\/wp-json\/wp\/v2\/media?parent=2962"}],"wp:term":[{"taxonomy":"product_brand","embeddable":true,"href":"https:\/\/balsamico.shop\/de\/wp-json\/wp\/v2\/product_brand?post=2962"},{"taxonomy":"product_cat","embeddable":true,"href":"https:\/\/balsamico.shop\/de\/wp-json\/wp\/v2\/product_cat?post=2962"},{"taxonomy":"product_tag","embeddable":true,"href":"https:\/\/balsamico.shop\/de\/wp-json\/wp\/v2\/product_tag?post=2962"}],"curies":[{"name":"wp","href":"https:\/\/api.w.org\/{rel}","templated":true}]}}