{"id":2771,"date":"2019-06-21T09:03:56","date_gmt":"2019-06-21T07:03:56","guid":{"rendered":"https:\/\/balsamico.shop\/de\/?post_type=product&#038;p=2771"},"modified":"2024-07-15T17:31:44","modified_gmt":"2024-07-15T15:31:44","slug":"balsamico-perlen-hell-weissweinessig","status":"publish","type":"product","link":"https:\/\/balsamico.shop\/de\/produkt\/balsamico-perlen-hell-weissweinessig\/","title":{"rendered":"Balsamico Perlen &#8211; hell &#8211; Wei\u00dfweinessig"},"content":{"rendered":"<p>Diese Balsamico Perlen sind ein Meisterwerk der Molekulark\u00fcche und eignet sich ausgezeichnet zur Dekoration liebevoll angerichteten Speisen. Die Perlen, welche mit feinem Wei\u00dfweinessig und Traubenmostkonzentrat aus der <a href=\"http:\/\/www.terradeltuono.it\/\" target=\"_blank\" rel=\"noopener noreferrer\">Acetaia Terra del Tuono<\/a> in der italienischen Region Reggio Emilia hergestellt wurden sind von der Konsistenz hervorragend produziert. Sie zerplatzen im richtigen Moment im Mund und er\u00f6ffnen dabei eine kleine meist unerwartete s\u00fc\u00dfsaure Geschmacksexplosion. Durch Ihr Erscheinungsbild erwecken Sie einen kaviar\u00e4hnlichen Eindruck und werden deswegen oft zu Fischgerichten serviert. Die zur Verarbeitung genutzten Lebensmittelchemikalien sind in der molekularen K\u00fcche normal und werden zur <a href=\"https:\/\/www.youtube.com\/watch?v=2jq2OT15tRI\" target=\"_blank\" rel=\"noopener noreferrer\">Herstellung von Sph\u00e4ren<\/a> genutzt.<\/p>\n<p><strong>Zutaten<\/strong>: konzentrierter Traubenmost aus hellen Trauben, Wei\u00dfweinessig, Verdickungsmittel: Cellulosegummi, Geliermittel: Calciumchlorid, Natriumalginat.<\/p>\n<p><strong>Hinweis<\/strong>: enth\u00e4lt Sulfite.<\/p>\n","protected":false},"excerpt":{"rendered":"<p>Diese Balsamico Perlen sind ein Meisterwerk der Molekulark\u00fcche und eignet sich ausgezeichnet zur Dekoration liebevoll angerichteten Speisen. Die Perlen, welche mit feinem Wei\u00dfweinessig und Traubenmostkonzentrat aus der Acetaia Terra del Tuono in der italienischen Region Reggio Emilia hergestellt wurden sind von der Konsistenz hervorragend produziert. Sie zerplatzen im richtigen Moment im Mund und er\u00f6ffnen dabei eine kleine meist unerwartete s\u00fc\u00dfsaure Geschmacksexplosion. Durch Ihr Erscheinungsbild erwecken Sie einen kaviar\u00e4hnlichen Eindruck und werden deswegen oft zu Fischgerichten serviert. Die zur Verarbeitung genutzten Lebensmittelchemikalien sind in der molekularen K\u00fcche normal und werden zur Herstellung von Sph\u00e4ren genutzt. Zutaten: konzentrierter Traubenmost aus hellen Trauben, Wei\u00dfweinessig, Verdickungsmittel: Cellulosegummi, Geliermittel: Calciumchlorid, Natriumalginat. Hinweis: enth\u00e4lt Sulfite.<\/p>\n","protected":false},"featured_media":2772,"template":"","meta":[],"product_brand":[],"product_cat":[68],"product_tag":[63],"class_list":{"0":"post-2771","1":"product","2":"type-product","3":"status-publish","4":"has-post-thumbnail","6":"product_cat-terra-del-tuono","7":"product_tag-fruchtbalsamico","8":"product_shipping_class-balsamico","10":"first","11":"outofstock","12":"taxable","13":"shipping-taxable","14":"purchasable","15":"product-type-simple"},"bundle_layout":"","bundled_by":[],"bundled_items":[],"yoast_head":"<!-- This site is optimized with the Yoast SEO plugin v27.3 - https:\/\/yoast.com\/product\/yoast-seo-wordpress\/ -->\n<title>Balsamico Perlen hell - aus Wei\u00dfweinessig - wei\u00dfe Perlen Balsamessig<\/title>\n<meta name=\"description\" content=\"Die perfekte Dekorationsidee f\u00fcr Ihre Fisch und Fleischgerichte. Wei\u00dfe Balsamico Perlen sind das Highlight in der molekularen K\u00fcchen und f\u00fcr jeden Gourmet ein Hingucker.\" \/>\n<meta name=\"robots\" content=\"index, follow, max-snippet:-1, max-image-preview:large, max-video-preview:-1\" \/>\n<link rel=\"canonical\" href=\"https:\/\/balsamico.shop\/de\/produkt\/balsamico-perlen-hell-weissweinessig\/\" \/>\n<script type=\"application\/ld+json\" class=\"yoast-schema-graph\">{\"@context\":\"https:\\\/\\\/schema.org\",\"@graph\":[{\"@type\":\"ImageObject\",\"inLanguage\":\"de\",\"@id\":\"https:\\\/\\\/balsamico.shop\\\/de\\\/produkt\\\/balsamico-perlen-hell-weissweinessig\\\/#primaryimage\",\"url\":\"https:\\\/\\\/balsamico.shop\\\/de\\\/wp-content\\\/uploads\\\/2019\\\/06\\\/balsamico-perlen-weiss.jpg\",\"contentUrl\":\"https:\\\/\\\/balsamico.shop\\\/de\\\/wp-content\\\/uploads\\\/2019\\\/06\\\/balsamico-perlen-weiss.jpg\",\"width\":1600,\"height\":1872},{\"@type\":\"BreadcrumbList\",\"@id\":\"https:\\\/\\\/balsamico.shop\\\/de\\\/produkt\\\/balsamico-perlen-hell-weissweinessig\\\/#breadcrumb\",\"itemListElement\":[{\"@type\":\"ListItem\",\"position\":1,\"name\":\"Startseite\",\"item\":\"https:\\\/\\\/balsamico.shop\\\/de\\\/\"},{\"@type\":\"ListItem\",\"position\":2,\"name\":\"Aceto Balsamico Shop\",\"item\":\"https:\\\/\\\/balsamico.shop\\\/de\\\/shop\\\/\"},{\"@type\":\"ListItem\",\"position\":3,\"name\":\"Balsamico Perlen &#8211; hell &#8211; Wei\u00dfweinessig\"}]},{\"@type\":\"WebSite\",\"@id\":\"https:\\\/\\\/balsamico.shop\\\/de\\\/#website\",\"url\":\"https:\\\/\\\/balsamico.shop\\\/de\\\/\",\"name\":\"Aceto Balsamico Shop\",\"description\":\"Shop f\u00fcr Balsamico aus Modena &amp; Reggio Emilia\",\"publisher\":{\"@id\":\"https:\\\/\\\/balsamico.shop\\\/de\\\/#organization\"},\"potentialAction\":[{\"@type\":\"SearchAction\",\"target\":{\"@type\":\"EntryPoint\",\"urlTemplate\":\"https:\\\/\\\/balsamico.shop\\\/de\\\/?s={search_term_string}\"},\"query-input\":{\"@type\":\"PropertyValueSpecification\",\"valueRequired\":true,\"valueName\":\"search_term_string\"}}],\"inLanguage\":\"de\"},{\"@type\":\"Organization\",\"@id\":\"https:\\\/\\\/balsamico.shop\\\/de\\\/#organization\",\"name\":\"Bernardo Tesori\",\"url\":\"https:\\\/\\\/balsamico.shop\\\/de\\\/\",\"logo\":{\"@type\":\"ImageObject\",\"inLanguage\":\"de\",\"@id\":\"https:\\\/\\\/balsamico.shop\\\/de\\\/#\\\/schema\\\/logo\\\/image\\\/\",\"url\":\"https:\\\/\\\/balsamico.shop\\\/de\\\/wp-content\\\/uploads\\\/2016\\\/04\\\/logo_bernardo.png\",\"contentUrl\":\"https:\\\/\\\/balsamico.shop\\\/de\\\/wp-content\\\/uploads\\\/2016\\\/04\\\/logo_bernardo.png\",\"width\":278,\"height\":466,\"caption\":\"Bernardo Tesori\"},\"image\":{\"@id\":\"https:\\\/\\\/balsamico.shop\\\/de\\\/#\\\/schema\\\/logo\\\/image\\\/\"}}]}<\/script>\n<!-- \/ Yoast SEO plugin. -->","yoast_head_json":{"title":"Balsamico Perlen hell - aus Wei\u00dfweinessig - wei\u00dfe Perlen Balsamessig","description":"Die perfekte Dekorationsidee f\u00fcr Ihre Fisch und Fleischgerichte. Wei\u00dfe Balsamico Perlen sind das Highlight in der molekularen K\u00fcchen und f\u00fcr jeden Gourmet ein Hingucker.","robots":{"index":"index","follow":"follow","max-snippet":"max-snippet:-1","max-image-preview":"max-image-preview:large","max-video-preview":"max-video-preview:-1"},"canonical":"https:\/\/balsamico.shop\/de\/produkt\/balsamico-perlen-hell-weissweinessig\/","schema":{"@context":"https:\/\/schema.org","@graph":[{"@type":"ImageObject","inLanguage":"de","@id":"https:\/\/balsamico.shop\/de\/produkt\/balsamico-perlen-hell-weissweinessig\/#primaryimage","url":"https:\/\/balsamico.shop\/de\/wp-content\/uploads\/2019\/06\/balsamico-perlen-weiss.jpg","contentUrl":"https:\/\/balsamico.shop\/de\/wp-content\/uploads\/2019\/06\/balsamico-perlen-weiss.jpg","width":1600,"height":1872},{"@type":"BreadcrumbList","@id":"https:\/\/balsamico.shop\/de\/produkt\/balsamico-perlen-hell-weissweinessig\/#breadcrumb","itemListElement":[{"@type":"ListItem","position":1,"name":"Startseite","item":"https:\/\/balsamico.shop\/de\/"},{"@type":"ListItem","position":2,"name":"Aceto Balsamico Shop","item":"https:\/\/balsamico.shop\/de\/shop\/"},{"@type":"ListItem","position":3,"name":"Balsamico Perlen &#8211; hell &#8211; Wei\u00dfweinessig"}]},{"@type":"WebSite","@id":"https:\/\/balsamico.shop\/de\/#website","url":"https:\/\/balsamico.shop\/de\/","name":"Aceto Balsamico Shop","description":"Shop f\u00fcr Balsamico aus Modena &amp; Reggio Emilia","publisher":{"@id":"https:\/\/balsamico.shop\/de\/#organization"},"potentialAction":[{"@type":"SearchAction","target":{"@type":"EntryPoint","urlTemplate":"https:\/\/balsamico.shop\/de\/?s={search_term_string}"},"query-input":{"@type":"PropertyValueSpecification","valueRequired":true,"valueName":"search_term_string"}}],"inLanguage":"de"},{"@type":"Organization","@id":"https:\/\/balsamico.shop\/de\/#organization","name":"Bernardo Tesori","url":"https:\/\/balsamico.shop\/de\/","logo":{"@type":"ImageObject","inLanguage":"de","@id":"https:\/\/balsamico.shop\/de\/#\/schema\/logo\/image\/","url":"https:\/\/balsamico.shop\/de\/wp-content\/uploads\/2016\/04\/logo_bernardo.png","contentUrl":"https:\/\/balsamico.shop\/de\/wp-content\/uploads\/2016\/04\/logo_bernardo.png","width":278,"height":466,"caption":"Bernardo Tesori"},"image":{"@id":"https:\/\/balsamico.shop\/de\/#\/schema\/logo\/image\/"}}]}},"_links":{"self":[{"href":"https:\/\/balsamico.shop\/de\/wp-json\/wp\/v2\/product\/2771","targetHints":{"allow":["GET"]}}],"collection":[{"href":"https:\/\/balsamico.shop\/de\/wp-json\/wp\/v2\/product"}],"about":[{"href":"https:\/\/balsamico.shop\/de\/wp-json\/wp\/v2\/types\/product"}],"wp:featuredmedia":[{"embeddable":true,"href":"https:\/\/balsamico.shop\/de\/wp-json\/wp\/v2\/media\/2772"}],"wp:attachment":[{"href":"https:\/\/balsamico.shop\/de\/wp-json\/wp\/v2\/media?parent=2771"}],"wp:term":[{"taxonomy":"product_brand","embeddable":true,"href":"https:\/\/balsamico.shop\/de\/wp-json\/wp\/v2\/product_brand?post=2771"},{"taxonomy":"product_cat","embeddable":true,"href":"https:\/\/balsamico.shop\/de\/wp-json\/wp\/v2\/product_cat?post=2771"},{"taxonomy":"product_tag","embeddable":true,"href":"https:\/\/balsamico.shop\/de\/wp-json\/wp\/v2\/product_tag?post=2771"}],"curies":[{"name":"wp","href":"https:\/\/api.w.org\/{rel}","templated":true}]}}