{"id":253,"date":"2016-05-12T21:02:52","date_gmt":"2016-05-12T19:02:52","guid":{"rendered":"https:\/\/de.aceto-balsamico-tradizionale.com\/?post_type=product&#038;p=253"},"modified":"2024-07-15T17:48:42","modified_gmt":"2024-07-15T15:48:42","slug":"das-buch-zum-produkt-aceto-balsamico-tradizionale-rolf-merkle","status":"publish","type":"product","link":"https:\/\/balsamico.shop\/de\/produkt\/das-buch-zum-produkt-aceto-balsamico-tradizionale-rolf-merkle\/","title":{"rendered":"Das Buch zum Produkt: Aceto Balsamico Tradizionale &#8211; Rolf Merkle"},"content":{"rendered":"<p>Das Buch zum Produkt. Auf 98 Seiten in der gebundenen Ausgabe nimmt Sie der Autor Dr. Rolf Merkle mit in die Welt des Aceto Balsamico Tradizionale. Er berichtet von seinen Erfahrungen und Besichtigungen vor Ort in Modena und Reggio Emilia und \u00fcbergibt das gewonnene Know-How auf einfache und mitreisende Art an seine Leser. Das Buch leitet Anfangs leicht in das Thema ein und kl\u00e4rt dabei den Leser \u00fcber die Namensgebung und Geschichte auf. Danach werden Sie als Leser mit der Herstellung eines Aceto Balsamico Tradizionale vertraut gemacht und lernen, wie aus einer frischen Traube nach \u00fcber 12 Jahren Reifezeit eines der hochwertigsten Slow-Food-Produkte der Welt entsteht.<\/p>\n<p>Mit diesem Hintergrundwissen k\u00f6nnen Sie sich selbst ein Bild dar\u00fcber bilden und erkennen, dass ein Aceto Balsamico Tradizionale wahrlich kein Massenprodukt ist. Jede einzelne Flasche f\u00fcr sich ist ein Unikat, bei dem der Preis sich schlicht \u00fcber das sehr begrenzte Angebot und die dagegenspielende hohe Nachfrage regelt. F\u00fcr eine profitorientierte Unternehmung reichen die geringen Mengen des hochwertigen Produktes nicht aus. Leidenschaft, \u00dcberzeugung und Freude an der Tradition sind die Motivatoren der kleinen Acetaien.<\/p>\n<p>\u00dcber 60 verschiedene Aceti Balsamici Tradizionale wurden bei der Recherche zum Buch in den verschiedensten Acetaien verkostet. In seinem Buch stellt der Autor zehn Essigwinzer aus der Region vor, bei der jeder etwas auf seine Art besonderes zu bieten hat. Zwei davon &#8211; Picci, aus der Region Reggio Emilia und Bompana aus der Region Modena &#8211; bieten wir aktuellen auch in unserem Shop an.<\/p>\n<p>ISBN: 3-923614-97-7<\/p>\n","protected":false},"excerpt":{"rendered":"<p>Das Buch zum Produkt. Auf 98 Seiten in der gebundenen Ausgabe nimmt Sie der Autor Dr. Rolf Merkle mit in die Welt des Aceto Balsamico Tradizionale. Er berichtet von seinen Erfahrungen und Besichtigungen vor Ort in Modena und Reggio Emilia und \u00fcbergibt das gewonnene Know-How auf einfache und mitreisende Art an seine Leser. Das Buch leitet Anfangs leicht in das Thema ein und kl\u00e4rt dabei den Leser \u00fcber die Namensgebung und Geschichte auf. Danach werden Sie als Leser mit der Herstellung eines Aceto Balsamico Tradizionale vertraut gemacht und lernen, wie aus einer frischen Traube nach \u00fcber 12 Jahren Reifezeit eines der hochwertigsten Slow-Food-Produkte der Welt entsteht. Mit diesem Hintergrundwissen k\u00f6nnen Sie sich selbst ein Bild dar\u00fcber bilden und erkennen, dass ein Aceto Balsamico Tradizionale wahrlich kein Massenprodukt ist. Jede einzelne Flasche f\u00fcr sich ist ein Unikat, bei dem der Preis sich schlicht \u00fcber das sehr begrenzte Angebot und die dagegenspielende hohe Nachfrage regelt. F\u00fcr eine profitorientierte Unternehmung reichen die geringen Mengen des hochwertigen Produktes nicht aus. Leidenschaft, \u00dcberzeugung und Freude an der Tradition sind die Motivatoren der kleinen Acetaien. \u00dcber 60 verschiedene Aceti Balsamici Tradizionale wurden bei der Recherche zum Buch in den verschiedensten Acetaien verkostet. In seinem Buch stellt der Autor zehn Essigwinzer aus der Region vor, bei der jeder etwas auf seine Art besonderes zu bieten hat. Zwei davon &#8211; Picci, aus der Region Reggio Emilia und Bompana aus der Region Modena &#8211; bieten wir aktuellen auch in unserem Shop an. ISBN: 3-923614-97-7<\/p>\n","protected":false},"featured_media":254,"template":"","meta":[],"product_brand":[],"product_cat":[28],"product_tag":[],"class_list":{"0":"post-253","1":"product","2":"type-product","3":"status-publish","4":"has-post-thumbnail","6":"product_cat-zubehoer","7":"product_shipping_class-buch","9":"first","10":"outofstock","11":"taxable","12":"shipping-taxable","13":"purchasable","14":"product-type-simple"},"bundle_layout":"","bundled_by":[],"bundled_items":[],"yoast_head":"<!-- This site is optimized with the Yoast SEO plugin v27.3 - https:\/\/yoast.com\/product\/yoast-seo-wordpress\/ -->\n<title>Das Buch zum Produkt: Aceto Balsamico Tradizionale - Rolf Merkle &#187; Aceto Balsamico Shop<\/title>\n<meta name=\"robots\" content=\"index, follow, max-snippet:-1, max-image-preview:large, max-video-preview:-1\" \/>\n<link rel=\"canonical\" href=\"https:\/\/balsamico.shop\/de\/produkt\/das-buch-zum-produkt-aceto-balsamico-tradizionale-rolf-merkle\/\" \/>\n<script type=\"application\/ld+json\" class=\"yoast-schema-graph\">{\"@context\":\"https:\\\/\\\/schema.org\",\"@graph\":[{\"@type\":\"ImageObject\",\"inLanguage\":\"de\",\"@id\":\"https:\\\/\\\/balsamico.shop\\\/de\\\/produkt\\\/das-buch-zum-produkt-aceto-balsamico-tradizionale-rolf-merkle\\\/#primaryimage\",\"url\":\"https:\\\/\\\/balsamico.shop\\\/de\\\/wp-content\\\/uploads\\\/2016\\\/05\\\/buch-abt-merkle.jpg\",\"contentUrl\":\"https:\\\/\\\/balsamico.shop\\\/de\\\/wp-content\\\/uploads\\\/2016\\\/05\\\/buch-abt-merkle.jpg\",\"width\":400,\"height\":520,\"caption\":\"Buch Aceto Balsamico Tradizionale\"},{\"@type\":\"BreadcrumbList\",\"@id\":\"https:\\\/\\\/balsamico.shop\\\/de\\\/produkt\\\/das-buch-zum-produkt-aceto-balsamico-tradizionale-rolf-merkle\\\/#breadcrumb\",\"itemListElement\":[{\"@type\":\"ListItem\",\"position\":1,\"name\":\"Startseite\",\"item\":\"https:\\\/\\\/balsamico.shop\\\/de\\\/\"},{\"@type\":\"ListItem\",\"position\":2,\"name\":\"Aceto Balsamico Shop\",\"item\":\"https:\\\/\\\/balsamico.shop\\\/de\\\/shop\\\/\"},{\"@type\":\"ListItem\",\"position\":3,\"name\":\"Das Buch zum Produkt: Aceto Balsamico Tradizionale &#8211; Rolf Merkle\"}]},{\"@type\":\"WebSite\",\"@id\":\"https:\\\/\\\/balsamico.shop\\\/de\\\/#website\",\"url\":\"https:\\\/\\\/balsamico.shop\\\/de\\\/\",\"name\":\"Aceto Balsamico Shop\",\"description\":\"Shop f\u00fcr Balsamico aus Modena &amp; Reggio Emilia\",\"publisher\":{\"@id\":\"https:\\\/\\\/balsamico.shop\\\/de\\\/#organization\"},\"potentialAction\":[{\"@type\":\"SearchAction\",\"target\":{\"@type\":\"EntryPoint\",\"urlTemplate\":\"https:\\\/\\\/balsamico.shop\\\/de\\\/?s={search_term_string}\"},\"query-input\":{\"@type\":\"PropertyValueSpecification\",\"valueRequired\":true,\"valueName\":\"search_term_string\"}}],\"inLanguage\":\"de\"},{\"@type\":\"Organization\",\"@id\":\"https:\\\/\\\/balsamico.shop\\\/de\\\/#organization\",\"name\":\"Bernardo Tesori\",\"url\":\"https:\\\/\\\/balsamico.shop\\\/de\\\/\",\"logo\":{\"@type\":\"ImageObject\",\"inLanguage\":\"de\",\"@id\":\"https:\\\/\\\/balsamico.shop\\\/de\\\/#\\\/schema\\\/logo\\\/image\\\/\",\"url\":\"https:\\\/\\\/balsamico.shop\\\/de\\\/wp-content\\\/uploads\\\/2016\\\/04\\\/logo_bernardo.png\",\"contentUrl\":\"https:\\\/\\\/balsamico.shop\\\/de\\\/wp-content\\\/uploads\\\/2016\\\/04\\\/logo_bernardo.png\",\"width\":278,\"height\":466,\"caption\":\"Bernardo Tesori\"},\"image\":{\"@id\":\"https:\\\/\\\/balsamico.shop\\\/de\\\/#\\\/schema\\\/logo\\\/image\\\/\"}}]}<\/script>\n<!-- \/ Yoast SEO plugin. -->","yoast_head_json":{"title":"Das Buch zum Produkt: Aceto Balsamico Tradizionale - Rolf Merkle &#187; Aceto Balsamico Shop","robots":{"index":"index","follow":"follow","max-snippet":"max-snippet:-1","max-image-preview":"max-image-preview:large","max-video-preview":"max-video-preview:-1"},"canonical":"https:\/\/balsamico.shop\/de\/produkt\/das-buch-zum-produkt-aceto-balsamico-tradizionale-rolf-merkle\/","schema":{"@context":"https:\/\/schema.org","@graph":[{"@type":"ImageObject","inLanguage":"de","@id":"https:\/\/balsamico.shop\/de\/produkt\/das-buch-zum-produkt-aceto-balsamico-tradizionale-rolf-merkle\/#primaryimage","url":"https:\/\/balsamico.shop\/de\/wp-content\/uploads\/2016\/05\/buch-abt-merkle.jpg","contentUrl":"https:\/\/balsamico.shop\/de\/wp-content\/uploads\/2016\/05\/buch-abt-merkle.jpg","width":400,"height":520,"caption":"Buch Aceto Balsamico Tradizionale"},{"@type":"BreadcrumbList","@id":"https:\/\/balsamico.shop\/de\/produkt\/das-buch-zum-produkt-aceto-balsamico-tradizionale-rolf-merkle\/#breadcrumb","itemListElement":[{"@type":"ListItem","position":1,"name":"Startseite","item":"https:\/\/balsamico.shop\/de\/"},{"@type":"ListItem","position":2,"name":"Aceto Balsamico Shop","item":"https:\/\/balsamico.shop\/de\/shop\/"},{"@type":"ListItem","position":3,"name":"Das Buch zum Produkt: Aceto Balsamico Tradizionale &#8211; Rolf Merkle"}]},{"@type":"WebSite","@id":"https:\/\/balsamico.shop\/de\/#website","url":"https:\/\/balsamico.shop\/de\/","name":"Aceto Balsamico Shop","description":"Shop f\u00fcr Balsamico aus Modena &amp; Reggio Emilia","publisher":{"@id":"https:\/\/balsamico.shop\/de\/#organization"},"potentialAction":[{"@type":"SearchAction","target":{"@type":"EntryPoint","urlTemplate":"https:\/\/balsamico.shop\/de\/?s={search_term_string}"},"query-input":{"@type":"PropertyValueSpecification","valueRequired":true,"valueName":"search_term_string"}}],"inLanguage":"de"},{"@type":"Organization","@id":"https:\/\/balsamico.shop\/de\/#organization","name":"Bernardo Tesori","url":"https:\/\/balsamico.shop\/de\/","logo":{"@type":"ImageObject","inLanguage":"de","@id":"https:\/\/balsamico.shop\/de\/#\/schema\/logo\/image\/","url":"https:\/\/balsamico.shop\/de\/wp-content\/uploads\/2016\/04\/logo_bernardo.png","contentUrl":"https:\/\/balsamico.shop\/de\/wp-content\/uploads\/2016\/04\/logo_bernardo.png","width":278,"height":466,"caption":"Bernardo Tesori"},"image":{"@id":"https:\/\/balsamico.shop\/de\/#\/schema\/logo\/image\/"}}]}},"_links":{"self":[{"href":"https:\/\/balsamico.shop\/de\/wp-json\/wp\/v2\/product\/253","targetHints":{"allow":["GET"]}}],"collection":[{"href":"https:\/\/balsamico.shop\/de\/wp-json\/wp\/v2\/product"}],"about":[{"href":"https:\/\/balsamico.shop\/de\/wp-json\/wp\/v2\/types\/product"}],"wp:featuredmedia":[{"embeddable":true,"href":"https:\/\/balsamico.shop\/de\/wp-json\/wp\/v2\/media\/254"}],"wp:attachment":[{"href":"https:\/\/balsamico.shop\/de\/wp-json\/wp\/v2\/media?parent=253"}],"wp:term":[{"taxonomy":"product_brand","embeddable":true,"href":"https:\/\/balsamico.shop\/de\/wp-json\/wp\/v2\/product_brand?post=253"},{"taxonomy":"product_cat","embeddable":true,"href":"https:\/\/balsamico.shop\/de\/wp-json\/wp\/v2\/product_cat?post=253"},{"taxonomy":"product_tag","embeddable":true,"href":"https:\/\/balsamico.shop\/de\/wp-json\/wp\/v2\/product_tag?post=253"}],"curies":[{"name":"wp","href":"https:\/\/api.w.org\/{rel}","templated":true}]}}