{"id":2326,"date":"2019-01-27T13:35:04","date_gmt":"2019-01-27T12:35:04","guid":{"rendered":"https:\/\/balsamico.shop\/de\/?post_type=product&#038;p=2326"},"modified":"2026-03-31T17:25:37","modified_gmt":"2026-03-31T15:25:37","slug":"aceto-balsamico-tradizionale-di-modena-dop-silber","status":"publish","type":"product","link":"https:\/\/balsamico.shop\/de\/produkt\/aceto-balsamico-tradizionale-di-modena-dop-silber\/","title":{"rendered":"Aceto Balsamico Tradizionale di Modena D.O.P. \u2013 Bernardo Tesori"},"content":{"rendered":"<p><img loading=\"lazy\" decoding=\"async\" class=\"size-full wp-image-2065 alignright\" src=\"https:\/\/balsamico.shop\/de\/wp-content\/uploads\/2018\/11\/franco-mazzi-acetaia.jpg\" alt=\"Bernardo Tesori Silber Serie\" width=\"250\" height=\"207\" \/><\/p>\n<p>Die Bernardo Tesori Silber Edition ist der Gewinner unter den in diesem Jahr durchgef\u00fchrten Balsamico-Verkostungen in der Kategorie: Aceto Balsamico Tradizionale di Modena D.O.P 12 bis 24 Jahre (Affinato) di Modena D.O.P ab 25 Jahre (Extravecchio). Dieses Produkt reifte mehr als 12 Jahre in ausgew\u00e4hlten, zertifizierten und registrierten Holzf\u00e4ssern in Modena und wurde exklusiv f\u00fcr Bernardo Tesori abgef\u00fcllt. <strong>Weltweit existieren nur weniger als 500 Flaschen<\/strong> dieser besonderen Abf\u00fcllung. Mit einem sehr hohen Brix-Wert von <b>69 <\/b>zeichnet sich dieser Balsamico Essig durch <strong>seine S\u00fc\u00dfe<\/strong>, seine <strong>Konsistenz<\/strong> und seinen <strong>fantastischen Geruch<\/strong> aus. Der Brix-Wert definiert den Fruchtzuckeranteil, der auf die Qualit\u00e4t der Traubenlese schlie\u00dfen l\u00e4sst. In der Regel kommt ein traditioneller Balsamessig dieser Altersklasse nur auf einen Wert zwischen 65 und 68.<\/p>\n<p>Dieser Balsamico Essig ist ein reines Naturprodukt und besteht nur aus einer einzigen Zutat &#8211; 100% gekochter Traubenmost. Durch die lange Reifezeit wird der Balsamessig dickfl\u00fcssig und cremig. Mit einer Dichte von 1,37 tropft dieser Balsamico nicht mehr, sondern ist <strong>wie dickfl\u00fcssiger Sirup<\/strong>.<\/p>\n<p>Mit einer Rests\u00e4ure von nur 5,30% ist dieser Balsamessig milder als ein industrieller Balsamico Essig.<\/p>\n<p>Die Trauben\ud83c\udf47 f\u00fcr diese Delikatesse stammen aus dem Italienischen Modena von den Weinreben aus der f\u00fcr Ihr mildes Klima bekannten s\u00fcdlichen Po-Ebene. F\u00fcr diesen Balsamessig wurden 40% Trauben der Sorte <strong>Trebbiano<\/strong> und 60% der Sorte <strong>Lambrusco Grasparossa<\/strong> verarbeitet. Diese Sorten sind die typischen Traubenarten f\u00fcr einen echten Balsamessig aus Modena. Die Sorten sind besonders s\u00fc\u00df und eignen sich hervorragend zur Herstellung von Balsamessig.<\/p>\n<p>Sichern Sie sich eine streng limitierten, nummerierten 100 ml Flaschen dieser speziellen Abf\u00fcllung. Unsere Sonderedition &#8211; der Bernardo Tesori in Silber, ist ein original traditioneller Italienischer Essig, ein <strong>Aceto Balsamico Tradizionale di Modena D.O.P.<\/strong>\u00a0 Das Produkt wurde unter strenger Kontrolle des Consorzio Produttori Antiche Acetaie hergestellt und ist mehr als 12 Jahre gereift.<\/p>\n<p><img loading=\"lazy\" decoding=\"async\" class=\"wp-image-3157 size-medium alignleft\" src=\"https:\/\/balsamico.shop\/de\/wp-content\/uploads\/2019\/01\/holzbox-bernardo-tesori-silber-nah-256x300.jpg\" alt=\"\" width=\"256\" height=\"300\" srcset=\"https:\/\/balsamico.shop\/de\/wp-content\/uploads\/2019\/01\/holzbox-bernardo-tesori-silber-nah-256x300.jpg 256w, https:\/\/balsamico.shop\/de\/wp-content\/uploads\/2019\/01\/holzbox-bernardo-tesori-silber-nah-875x1024.jpg 875w, https:\/\/balsamico.shop\/de\/wp-content\/uploads\/2019\/01\/holzbox-bernardo-tesori-silber-nah-768x899.jpg 768w, https:\/\/balsamico.shop\/de\/wp-content\/uploads\/2019\/01\/holzbox-bernardo-tesori-silber-nah-1313x1536.jpg 1313w, https:\/\/balsamico.shop\/de\/wp-content\/uploads\/2019\/01\/holzbox-bernardo-tesori-silber-nah-1170x1369.jpg 1170w, https:\/\/balsamico.shop\/de\/wp-content\/uploads\/2019\/01\/holzbox-bernardo-tesori-silber-nah-870x1018.jpg 870w, https:\/\/balsamico.shop\/de\/wp-content\/uploads\/2019\/01\/holzbox-bernardo-tesori-silber-nah-390x456.jpg 390w, https:\/\/balsamico.shop\/de\/wp-content\/uploads\/2019\/01\/holzbox-bernardo-tesori-silber-nah-300x351.jpg 300w, https:\/\/balsamico.shop\/de\/wp-content\/uploads\/2019\/01\/holzbox-bernardo-tesori-silber-nah-600x702.jpg 600w, https:\/\/balsamico.shop\/de\/wp-content\/uploads\/2019\/01\/holzbox-bernardo-tesori-silber-nah.jpg 1600w\" sizes=\"auto, (max-width: 256px) 100vw, 256px\" \/><\/p>\n<p>Wir, von Bernardo Tesori, verkosten unz\u00e4hlige traditionelle Balsamessige, nur sehr wenige davon schaffen es bei uns in den Shop. Unsere Silber-Serie kr\u00f6nt diese Auswahl und ehrt damit eine spezielle Abf\u00fcllung, welche von Jahr zu Jahr wechselt und die uns sowohl von der Konsistenz, vom Geruch und dem intensiven Geschmack \u00fcberzeugt hat. Wir lassen Sie an dieser einzigartigen Selektion teilhaben und verkaufen einen sehr begrenzten Teil dieser Serie auch hier im Shop.<\/p>\n<p>Dieses hochwertige und einzigartige Produkt wird in einer edlen Holzbox aus feinstem lombardischen Tannenholz geliefert. Die Flasche bettet sich in einem kleinen B\u00fcndel Holzwolle. Ein originaler Ausgie\u00dfer ist bei diesem Produkt bereits enthalten und wird mit einer roten Schleife festlich gehalten. Perfekt als <strong>Geschenk f\u00fcr das kommende Fest, <\/strong>als Mitbringsel f\u00fcr Geburtstage oder zu anderen feierlichen Anl\u00e4ssen.<\/p>\n<p><strong>Zutaten<\/strong>: 100% gekochter Traubenmost. Kann nat\u00fcrliche Sulfite enthalten.<\/p>\n<p>Dieses Produkt wurde u.a. in folgendem Artikel besprochen:<\/p>\n<p><a href=\"https:\/\/www.zeit.de\/news\/2020-04\/22\/welcher-balsamico-zu-welcher-speise-passt\" target=\"_blank\" rel=\"noopener noreferrer\"><img loading=\"lazy\" decoding=\"async\" width=\"500\" height=\"526\" class=\"alignnone wp-image-4919 size-full\" src=\"https:\/\/balsamico.shop\/de\/wp-content\/uploads\/2019\/01\/bernardo-tesori-zeit.jpg\" alt=\"bernardo tesori zeit\" srcset=\"https:\/\/balsamico.shop\/de\/wp-content\/uploads\/2019\/01\/bernardo-tesori-zeit.jpg 500w, https:\/\/balsamico.shop\/de\/wp-content\/uploads\/2019\/01\/bernardo-tesori-zeit-285x300.jpg 285w, https:\/\/balsamico.shop\/de\/wp-content\/uploads\/2019\/01\/bernardo-tesori-zeit-390x410.jpg 390w, https:\/\/balsamico.shop\/de\/wp-content\/uploads\/2019\/01\/bernardo-tesori-zeit-300x316.jpg 300w\" sizes=\"auto, (max-width: 500px) 100vw, 500px\" \/><\/a><\/p>\n","protected":false},"excerpt":{"rendered":"<p><strong>Aceto Balsamico Tradizionale di Modena Affinato D.O.P<\/strong>. Dieser hochwertige Balsamico reifte <strong>12 bis 24 Jahre<\/strong> in f\u00fcnf verschiedenen Holzf\u00e4ssern (Eiche, Kastanie, Esche, Kirsche &amp; Wacholder). Mit einem sehr hohen Brix-Wert von <b>69 <\/b>zeichnet sich dieser Balsamico Essig durch <strong>seine S\u00fc\u00dfe<\/strong>, seine <strong>Konsistenz<\/strong> und seinen <strong>fantastischen Geruch<\/strong> aus.Das Produkt wurde unter strenger Kontrolle des Consorzio Produttori Antiche Acetaie hergestellt und ist mehr als 12 Jahre gereift. Dieser Balsamico Essig ist ein reines Naturprodukt und besteht nur aus einer einzigen Zutat &#8211; 100% gekochter Traubenmost. Durch die lange Reifezeit wird der Balsamessig dickfl\u00fcssig und cremig. Mit einer Dichte von 1,37 tropft dieser Balsamico nicht mehr, sondern ist <strong>wie dickfl\u00fcssiger Sirup<\/strong>.<\/p>\n<p>&nbsp;<\/p>\n","protected":false},"featured_media":3160,"template":"","meta":[],"product_brand":[],"product_cat":[50],"product_tag":[59,60],"class_list":{"0":"post-2326","1":"product","2":"type-product","3":"status-publish","4":"has-post-thumbnail","6":"product_cat-bernardo-tesori","7":"product_tag-59","8":"product_tag-modena","9":"product_shipping_class-balsamico","11":"first","12":"instock","13":"featured","14":"taxable","15":"shipping-taxable","16":"purchasable","17":"product-type-simple"},"bundle_layout":"","bundled_by":["13473"],"bundled_items":[],"yoast_head":"<!-- This site is optimized with the Yoast SEO plugin v27.3 - https:\/\/yoast.com\/product\/yoast-seo-wordpress\/ -->\n<title>Aceto Balsamico Tradizionale di Modena DOP - Bernardo Tesori<\/title>\n<meta name=\"description\" content=\"Die limitierte Edition der Bernardo Tesori Silber-Serie f\u00fcr Sie in unserem Online Shop. \u00dcber 12 Jahre gereift. S\u00fc\u00df &amp; Sirupartig - unser Gewinner 2019.\" \/>\n<meta name=\"robots\" content=\"index, follow, max-snippet:-1, max-image-preview:large, max-video-preview:-1\" \/>\n<link rel=\"canonical\" href=\"https:\/\/balsamico.shop\/de\/produkt\/aceto-balsamico-tradizionale-di-modena-dop-silber\/\" \/>\n<script type=\"application\/ld+json\" class=\"yoast-schema-graph\">{\"@context\":\"https:\\\/\\\/schema.org\",\"@graph\":[{\"@type\":\"ImageObject\",\"inLanguage\":\"de\",\"@id\":\"https:\\\/\\\/balsamico.shop\\\/de\\\/produkt\\\/aceto-balsamico-tradizionale-di-modena-dop-silber\\\/#primaryimage\",\"url\":\"https:\\\/\\\/balsamico.shop\\\/de\\\/wp-content\\\/uploads\\\/2019\\\/01\\\/holzbox-bernardo-tesori-silber-dop.jpg\",\"contentUrl\":\"https:\\\/\\\/balsamico.shop\\\/de\\\/wp-content\\\/uploads\\\/2019\\\/01\\\/holzbox-bernardo-tesori-silber-dop.jpg\",\"width\":1600,\"height\":1872,\"caption\":\"Bernardo Tesori Silber Holzbox Geschenk - Aceto Balsamico Tradizionale di Modena DOP\"},{\"@type\":\"BreadcrumbList\",\"@id\":\"https:\\\/\\\/balsamico.shop\\\/de\\\/produkt\\\/aceto-balsamico-tradizionale-di-modena-dop-silber\\\/#breadcrumb\",\"itemListElement\":[{\"@type\":\"ListItem\",\"position\":1,\"name\":\"Startseite\",\"item\":\"https:\\\/\\\/balsamico.shop\\\/de\\\/\"},{\"@type\":\"ListItem\",\"position\":2,\"name\":\"Aceto Balsamico Shop\",\"item\":\"https:\\\/\\\/balsamico.shop\\\/de\\\/shop\\\/\"},{\"@type\":\"ListItem\",\"position\":3,\"name\":\"Aceto Balsamico Tradizionale di Modena D.O.P. \u2013 Bernardo Tesori\"}]},{\"@type\":\"WebSite\",\"@id\":\"https:\\\/\\\/balsamico.shop\\\/de\\\/#website\",\"url\":\"https:\\\/\\\/balsamico.shop\\\/de\\\/\",\"name\":\"Aceto Balsamico Shop\",\"description\":\"Shop f\u00fcr Balsamico aus Modena &amp; Reggio Emilia\",\"publisher\":{\"@id\":\"https:\\\/\\\/balsamico.shop\\\/de\\\/#organization\"},\"potentialAction\":[{\"@type\":\"SearchAction\",\"target\":{\"@type\":\"EntryPoint\",\"urlTemplate\":\"https:\\\/\\\/balsamico.shop\\\/de\\\/?s={search_term_string}\"},\"query-input\":{\"@type\":\"PropertyValueSpecification\",\"valueRequired\":true,\"valueName\":\"search_term_string\"}}],\"inLanguage\":\"de\"},{\"@type\":\"Organization\",\"@id\":\"https:\\\/\\\/balsamico.shop\\\/de\\\/#organization\",\"name\":\"Bernardo Tesori\",\"url\":\"https:\\\/\\\/balsamico.shop\\\/de\\\/\",\"logo\":{\"@type\":\"ImageObject\",\"inLanguage\":\"de\",\"@id\":\"https:\\\/\\\/balsamico.shop\\\/de\\\/#\\\/schema\\\/logo\\\/image\\\/\",\"url\":\"https:\\\/\\\/balsamico.shop\\\/de\\\/wp-content\\\/uploads\\\/2016\\\/04\\\/logo_bernardo.png\",\"contentUrl\":\"https:\\\/\\\/balsamico.shop\\\/de\\\/wp-content\\\/uploads\\\/2016\\\/04\\\/logo_bernardo.png\",\"width\":278,\"height\":466,\"caption\":\"Bernardo Tesori\"},\"image\":{\"@id\":\"https:\\\/\\\/balsamico.shop\\\/de\\\/#\\\/schema\\\/logo\\\/image\\\/\"}}]}<\/script>\n<!-- \/ Yoast SEO plugin. -->","yoast_head_json":{"title":"Aceto Balsamico Tradizionale di Modena DOP - Bernardo Tesori","description":"Die limitierte Edition der Bernardo Tesori Silber-Serie f\u00fcr Sie in unserem Online Shop. \u00dcber 12 Jahre gereift. S\u00fc\u00df & Sirupartig - unser Gewinner 2019.","robots":{"index":"index","follow":"follow","max-snippet":"max-snippet:-1","max-image-preview":"max-image-preview:large","max-video-preview":"max-video-preview:-1"},"canonical":"https:\/\/balsamico.shop\/de\/produkt\/aceto-balsamico-tradizionale-di-modena-dop-silber\/","schema":{"@context":"https:\/\/schema.org","@graph":[{"@type":"ImageObject","inLanguage":"de","@id":"https:\/\/balsamico.shop\/de\/produkt\/aceto-balsamico-tradizionale-di-modena-dop-silber\/#primaryimage","url":"https:\/\/balsamico.shop\/de\/wp-content\/uploads\/2019\/01\/holzbox-bernardo-tesori-silber-dop.jpg","contentUrl":"https:\/\/balsamico.shop\/de\/wp-content\/uploads\/2019\/01\/holzbox-bernardo-tesori-silber-dop.jpg","width":1600,"height":1872,"caption":"Bernardo Tesori Silber Holzbox Geschenk - Aceto Balsamico Tradizionale di Modena DOP"},{"@type":"BreadcrumbList","@id":"https:\/\/balsamico.shop\/de\/produkt\/aceto-balsamico-tradizionale-di-modena-dop-silber\/#breadcrumb","itemListElement":[{"@type":"ListItem","position":1,"name":"Startseite","item":"https:\/\/balsamico.shop\/de\/"},{"@type":"ListItem","position":2,"name":"Aceto Balsamico Shop","item":"https:\/\/balsamico.shop\/de\/shop\/"},{"@type":"ListItem","position":3,"name":"Aceto Balsamico Tradizionale di Modena D.O.P. \u2013 Bernardo Tesori"}]},{"@type":"WebSite","@id":"https:\/\/balsamico.shop\/de\/#website","url":"https:\/\/balsamico.shop\/de\/","name":"Aceto Balsamico Shop","description":"Shop f\u00fcr Balsamico aus Modena &amp; Reggio Emilia","publisher":{"@id":"https:\/\/balsamico.shop\/de\/#organization"},"potentialAction":[{"@type":"SearchAction","target":{"@type":"EntryPoint","urlTemplate":"https:\/\/balsamico.shop\/de\/?s={search_term_string}"},"query-input":{"@type":"PropertyValueSpecification","valueRequired":true,"valueName":"search_term_string"}}],"inLanguage":"de"},{"@type":"Organization","@id":"https:\/\/balsamico.shop\/de\/#organization","name":"Bernardo Tesori","url":"https:\/\/balsamico.shop\/de\/","logo":{"@type":"ImageObject","inLanguage":"de","@id":"https:\/\/balsamico.shop\/de\/#\/schema\/logo\/image\/","url":"https:\/\/balsamico.shop\/de\/wp-content\/uploads\/2016\/04\/logo_bernardo.png","contentUrl":"https:\/\/balsamico.shop\/de\/wp-content\/uploads\/2016\/04\/logo_bernardo.png","width":278,"height":466,"caption":"Bernardo Tesori"},"image":{"@id":"https:\/\/balsamico.shop\/de\/#\/schema\/logo\/image\/"}}]}},"_links":{"self":[{"href":"https:\/\/balsamico.shop\/de\/wp-json\/wp\/v2\/product\/2326","targetHints":{"allow":["GET"]}}],"collection":[{"href":"https:\/\/balsamico.shop\/de\/wp-json\/wp\/v2\/product"}],"about":[{"href":"https:\/\/balsamico.shop\/de\/wp-json\/wp\/v2\/types\/product"}],"wp:featuredmedia":[{"embeddable":true,"href":"https:\/\/balsamico.shop\/de\/wp-json\/wp\/v2\/media\/3160"}],"wp:attachment":[{"href":"https:\/\/balsamico.shop\/de\/wp-json\/wp\/v2\/media?parent=2326"}],"wp:term":[{"taxonomy":"product_brand","embeddable":true,"href":"https:\/\/balsamico.shop\/de\/wp-json\/wp\/v2\/product_brand?post=2326"},{"taxonomy":"product_cat","embeddable":true,"href":"https:\/\/balsamico.shop\/de\/wp-json\/wp\/v2\/product_cat?post=2326"},{"taxonomy":"product_tag","embeddable":true,"href":"https:\/\/balsamico.shop\/de\/wp-json\/wp\/v2\/product_tag?post=2326"}],"curies":[{"name":"wp","href":"https:\/\/api.w.org\/{rel}","templated":true}]}}