{"id":232,"date":"2016-05-03T22:57:19","date_gmt":"2016-05-03T20:57:19","guid":{"rendered":"https:\/\/de.aceto-balsamico-tradizionale.com\/?post_type=product&#038;p=232"},"modified":"2026-04-19T08:38:45","modified_gmt":"2026-04-19T06:38:45","slug":"aceto-balsamico-tradizionale-di-reggio-emilia-oro-25-jahre-picci","status":"publish","type":"product","link":"https:\/\/balsamico.shop\/de\/produkt\/aceto-balsamico-tradizionale-di-reggio-emilia-oro-25-jahre-picci\/","title":{"rendered":"Aceto Balsamico Tradizionale di Reggio Emilia \u2013 Oro \u2013 25+ Jahre \u2013 Picci"},"content":{"rendered":"<p>Der Goldene &#8211; oder in Italienisch &#8211; ORO &#8211; das Beste aus Reggio Emilia aus der traditionsreichen Acetaia von Marco Piccirilli, dem Eigent\u00fcmer der Acetaia Picci in Cavriago, Reggio Emilia, Italien.<\/p>\n<p><strong>Marco Piccirilli<\/strong> &#8211; bekannt als <strong>Picci<\/strong> &#8211; ist der Inhaber der <strong>Acetaia Picci<\/strong> in <strong>Cavriago<\/strong>, Reggio Emilia, Italien. Nachdem er jahrelang im <strong>Familienrestaurant<\/strong> <strong>gearbeitet <\/strong>und mit der Gourmetk\u00fcche und der Verwendung von traditionellem Balsamico-Essig experimentiert hatte, beschloss Picci, sich ganz der kleinen Balsamico-Manufaktur der Familie zu widmen und die Herstellung dieses hervorragenden Produkts zu verfeinern.<\/p>\n<p>Sparsam Tropfen f\u00fcr Tropfen genie\u00dft man diesen <strong>Aceto Balsamico Tradizionale di Reggio Emilia DOP<\/strong> durch seinen langen Nachklang im Geschmack als Digestif bzw. als kr\u00f6nenden Abschluss eines jeden Festessens. Dieser Aceto passt auch perfekt zu einem guten alten oder uralten Hartk\u00e4se und durch seine S\u00fc\u00dfe eignet er sich auch f\u00fcr ein Dessert.<\/p>\n<p><strong>Zutaten:<\/strong> eingekochter Traubenmost<\/p>\n<p><strong>Hinweis<\/strong>: kann nat\u00fcrliche Sulfite enthalten.<\/p>\n","protected":false},"excerpt":{"rendered":"<p>Der Goldene &#8211; oder in Italienisch &#8211; ORO &#8211; das Beste aus Reggio Emilia aus der traditionsreichen Acetaia von Marco Piccirilli, dem Eigent\u00fcmer der Acetaia Picci in Cavriago, Reggio Emilia, Italien. Marco Piccirilli &#8211; bekannt als Picci &#8211; ist der Inhaber der Acetaia Picci in Cavriago, Reggio Emilia, Italien. Nachdem er jahrelang im Familienrestaurant gearbeitet und mit der Gourmetk\u00fcche und der Verwendung von traditionellem Balsamico-Essig experimentiert hatte, beschloss Picci, sich ganz der kleinen Balsamico-Manufaktur der Familie zu widmen und die Herstellung dieses hervorragenden Produkts zu verfeinern. Sparsam Tropfen f\u00fcr Tropfen genie\u00dft man diesen Aceto Balsamico Tradizionale di Reggio Emilia DOP durch seinen langen Nachklang im Geschmack als Digestif bzw. als kr\u00f6nenden Abschluss eines jeden Festessens. Dieser Aceto passt auch perfekt zu einem guten alten oder uralten Hartk\u00e4se und durch seine S\u00fc\u00dfe eignet er sich auch f\u00fcr ein Dessert. Zutaten: eingekochter Traubenmost Hinweis: kann nat\u00fcrliche Sulfite enthalten.<\/p>\n","protected":false},"featured_media":13895,"template":"","meta":[],"product_brand":[],"product_cat":[26],"product_tag":[58,61],"class_list":{"0":"post-232","1":"product","2":"type-product","3":"status-publish","4":"has-post-thumbnail","6":"product_cat-picci","7":"product_tag-58","8":"product_tag-reggio-emilia","9":"product_shipping_class-ueber-100","11":"first","12":"instock","13":"taxable","14":"shipping-taxable","15":"purchasable","16":"product-type-simple"},"bundle_layout":"","bundled_by":[],"bundled_items":[],"yoast_head":"<!-- This site is optimized with the Yoast SEO plugin v27.3 - https:\/\/yoast.com\/product\/yoast-seo-wordpress\/ -->\n<title>Aceto Balsamico Tradizionale di Reggio Emilia \u2013 Oro \u2013 25+ Jahre \u2013 Picci &#187; Aceto Balsamico Shop<\/title>\n<meta name=\"robots\" content=\"index, follow, max-snippet:-1, max-image-preview:large, max-video-preview:-1\" \/>\n<link rel=\"canonical\" href=\"https:\/\/balsamico.shop\/de\/produkt\/aceto-balsamico-tradizionale-di-reggio-emilia-oro-25-jahre-picci\/\" \/>\n<script type=\"application\/ld+json\" class=\"yoast-schema-graph\">{\"@context\":\"https:\\\/\\\/schema.org\",\"@graph\":[{\"@type\":\"ImageObject\",\"inLanguage\":\"de\",\"@id\":\"https:\\\/\\\/balsamico.shop\\\/de\\\/produkt\\\/aceto-balsamico-tradizionale-di-reggio-emilia-oro-25-jahre-picci\\\/#primaryimage\",\"url\":\"https:\\\/\\\/balsamico.shop\\\/de\\\/wp-content\\\/uploads\\\/2016\\\/05\\\/picci-oro-aceto-balsamico-tradizionale-reggioemilia.jpg\",\"contentUrl\":\"https:\\\/\\\/balsamico.shop\\\/de\\\/wp-content\\\/uploads\\\/2016\\\/05\\\/picci-oro-aceto-balsamico-tradizionale-reggioemilia.jpg\",\"width\":1600,\"height\":1872},{\"@type\":\"BreadcrumbList\",\"@id\":\"https:\\\/\\\/balsamico.shop\\\/de\\\/produkt\\\/aceto-balsamico-tradizionale-di-reggio-emilia-oro-25-jahre-picci\\\/#breadcrumb\",\"itemListElement\":[{\"@type\":\"ListItem\",\"position\":1,\"name\":\"Startseite\",\"item\":\"https:\\\/\\\/balsamico.shop\\\/de\\\/\"},{\"@type\":\"ListItem\",\"position\":2,\"name\":\"Aceto Balsamico Shop\",\"item\":\"https:\\\/\\\/balsamico.shop\\\/de\\\/shop\\\/\"},{\"@type\":\"ListItem\",\"position\":3,\"name\":\"Aceto Balsamico Tradizionale di Reggio Emilia \u2013 Oro \u2013 25+ Jahre \u2013 Picci\"}]},{\"@type\":\"WebSite\",\"@id\":\"https:\\\/\\\/balsamico.shop\\\/de\\\/#website\",\"url\":\"https:\\\/\\\/balsamico.shop\\\/de\\\/\",\"name\":\"Aceto Balsamico Shop\",\"description\":\"Shop f\u00fcr Balsamico aus Modena &amp; Reggio Emilia\",\"publisher\":{\"@id\":\"https:\\\/\\\/balsamico.shop\\\/de\\\/#organization\"},\"potentialAction\":[{\"@type\":\"SearchAction\",\"target\":{\"@type\":\"EntryPoint\",\"urlTemplate\":\"https:\\\/\\\/balsamico.shop\\\/de\\\/?s={search_term_string}\"},\"query-input\":{\"@type\":\"PropertyValueSpecification\",\"valueRequired\":true,\"valueName\":\"search_term_string\"}}],\"inLanguage\":\"de\"},{\"@type\":\"Organization\",\"@id\":\"https:\\\/\\\/balsamico.shop\\\/de\\\/#organization\",\"name\":\"Bernardo Tesori\",\"url\":\"https:\\\/\\\/balsamico.shop\\\/de\\\/\",\"logo\":{\"@type\":\"ImageObject\",\"inLanguage\":\"de\",\"@id\":\"https:\\\/\\\/balsamico.shop\\\/de\\\/#\\\/schema\\\/logo\\\/image\\\/\",\"url\":\"https:\\\/\\\/balsamico.shop\\\/de\\\/wp-content\\\/uploads\\\/2016\\\/04\\\/logo_bernardo.png\",\"contentUrl\":\"https:\\\/\\\/balsamico.shop\\\/de\\\/wp-content\\\/uploads\\\/2016\\\/04\\\/logo_bernardo.png\",\"width\":278,\"height\":466,\"caption\":\"Bernardo Tesori\"},\"image\":{\"@id\":\"https:\\\/\\\/balsamico.shop\\\/de\\\/#\\\/schema\\\/logo\\\/image\\\/\"}}]}<\/script>\n<!-- \/ Yoast SEO plugin. -->","yoast_head_json":{"title":"Aceto Balsamico Tradizionale di Reggio Emilia \u2013 Oro \u2013 25+ Jahre \u2013 Picci &#187; Aceto Balsamico Shop","robots":{"index":"index","follow":"follow","max-snippet":"max-snippet:-1","max-image-preview":"max-image-preview:large","max-video-preview":"max-video-preview:-1"},"canonical":"https:\/\/balsamico.shop\/de\/produkt\/aceto-balsamico-tradizionale-di-reggio-emilia-oro-25-jahre-picci\/","schema":{"@context":"https:\/\/schema.org","@graph":[{"@type":"ImageObject","inLanguage":"de","@id":"https:\/\/balsamico.shop\/de\/produkt\/aceto-balsamico-tradizionale-di-reggio-emilia-oro-25-jahre-picci\/#primaryimage","url":"https:\/\/balsamico.shop\/de\/wp-content\/uploads\/2016\/05\/picci-oro-aceto-balsamico-tradizionale-reggioemilia.jpg","contentUrl":"https:\/\/balsamico.shop\/de\/wp-content\/uploads\/2016\/05\/picci-oro-aceto-balsamico-tradizionale-reggioemilia.jpg","width":1600,"height":1872},{"@type":"BreadcrumbList","@id":"https:\/\/balsamico.shop\/de\/produkt\/aceto-balsamico-tradizionale-di-reggio-emilia-oro-25-jahre-picci\/#breadcrumb","itemListElement":[{"@type":"ListItem","position":1,"name":"Startseite","item":"https:\/\/balsamico.shop\/de\/"},{"@type":"ListItem","position":2,"name":"Aceto Balsamico Shop","item":"https:\/\/balsamico.shop\/de\/shop\/"},{"@type":"ListItem","position":3,"name":"Aceto Balsamico Tradizionale di Reggio Emilia \u2013 Oro \u2013 25+ Jahre \u2013 Picci"}]},{"@type":"WebSite","@id":"https:\/\/balsamico.shop\/de\/#website","url":"https:\/\/balsamico.shop\/de\/","name":"Aceto Balsamico Shop","description":"Shop f\u00fcr Balsamico aus Modena &amp; Reggio Emilia","publisher":{"@id":"https:\/\/balsamico.shop\/de\/#organization"},"potentialAction":[{"@type":"SearchAction","target":{"@type":"EntryPoint","urlTemplate":"https:\/\/balsamico.shop\/de\/?s={search_term_string}"},"query-input":{"@type":"PropertyValueSpecification","valueRequired":true,"valueName":"search_term_string"}}],"inLanguage":"de"},{"@type":"Organization","@id":"https:\/\/balsamico.shop\/de\/#organization","name":"Bernardo Tesori","url":"https:\/\/balsamico.shop\/de\/","logo":{"@type":"ImageObject","inLanguage":"de","@id":"https:\/\/balsamico.shop\/de\/#\/schema\/logo\/image\/","url":"https:\/\/balsamico.shop\/de\/wp-content\/uploads\/2016\/04\/logo_bernardo.png","contentUrl":"https:\/\/balsamico.shop\/de\/wp-content\/uploads\/2016\/04\/logo_bernardo.png","width":278,"height":466,"caption":"Bernardo Tesori"},"image":{"@id":"https:\/\/balsamico.shop\/de\/#\/schema\/logo\/image\/"}}]}},"_links":{"self":[{"href":"https:\/\/balsamico.shop\/de\/wp-json\/wp\/v2\/product\/232","targetHints":{"allow":["GET"]}}],"collection":[{"href":"https:\/\/balsamico.shop\/de\/wp-json\/wp\/v2\/product"}],"about":[{"href":"https:\/\/balsamico.shop\/de\/wp-json\/wp\/v2\/types\/product"}],"wp:featuredmedia":[{"embeddable":true,"href":"https:\/\/balsamico.shop\/de\/wp-json\/wp\/v2\/media\/13895"}],"wp:attachment":[{"href":"https:\/\/balsamico.shop\/de\/wp-json\/wp\/v2\/media?parent=232"}],"wp:term":[{"taxonomy":"product_brand","embeddable":true,"href":"https:\/\/balsamico.shop\/de\/wp-json\/wp\/v2\/product_brand?post=232"},{"taxonomy":"product_cat","embeddable":true,"href":"https:\/\/balsamico.shop\/de\/wp-json\/wp\/v2\/product_cat?post=232"},{"taxonomy":"product_tag","embeddable":true,"href":"https:\/\/balsamico.shop\/de\/wp-json\/wp\/v2\/product_tag?post=232"}],"curies":[{"name":"wp","href":"https:\/\/api.w.org\/{rel}","templated":true}]}}