{"id":2098,"date":"2018-11-10T11:50:13","date_gmt":"2018-11-10T10:50:13","guid":{"rendered":"https:\/\/balsamico.shop\/de\/?post_type=product&#038;p=2098"},"modified":"2024-07-15T17:34:39","modified_gmt":"2024-07-15T15:34:39","slug":"il-borgo-del-balsamico-aragosta-abt-dop-re-12-jahre","status":"publish","type":"product","link":"https:\/\/balsamico.shop\/de\/produkt\/il-borgo-del-balsamico-aragosta-abt-dop-re-12-jahre\/","title":{"rendered":"Il Borgo del Balsamico &#8211; Aragosta &#8211; ABT DOP RE &#8211; 12 Jahre"},"content":{"rendered":"<p>Dieser Aceto Balsamico Tradizionale di Reggio Emilia DOP &#8211; Aragosta von Il Borgo del Balsamico ist der j\u00fcngste seiner Gattung und reifte mindestens 12 Jahre in den F\u00e4ssern der traditionsreichen Acetaia Il Borgo del Balsamico in Botteghe\u00a0di Albinea im S\u00fcden der Stadt Reggio Emilia kurz vor den ersten bergigen Ausl\u00e4ufern der Apenninen.<\/p>\n<p>Dieser Tradizionale ist immer noch reich an S\u00e4ure und hat im Verh\u00e4ltnis zu den verwendeten H\u00f6lzern entscheidende Aromen die den Geschmack ma\u00dfgeblich von einem j\u00fcngeren Balsamico unterscheiden.\u00a0Weniger s\u00fc\u00df als die noch \u00e4lteren mit der Bezeichnung Argento und Oro, eignet sich dieser Balsamico f\u00fcr die schnelle K\u00fcche, zum Anreichern von Saucen und Bratenso\u00dfen, zum Marinieren und W\u00fcrzen von frischem Gem\u00fcse.<\/p>\n<p>Das Produkt wird in einer f\u00fcr diese Balsamici typischen Geschenkboxen geliefert und enth\u00e4lt neben einer Beschreibung mit ein paar landestypischen Rezepten auch einen wiederverschlie\u00dfbaren Ausgie\u00dfer aus Glas und Kork.<\/p>\n<p>Zutaten: 100% eingekochter Traubenmost<\/p>\n<p>Hinweis: Kann nat\u00fcrliche Sulfite enthalten.<\/p>\n","protected":false},"excerpt":{"rendered":"<p>Dieser Aceto Balsamico Tradizionale di Reggio Emilia DOP &#8211; Aragosta von Il Borgo del Balsamico ist der j\u00fcngste seiner Gattung und reifte mindestens 12 Jahre in den F\u00e4ssern der traditionsreichen Acetaia Il Borgo del Balsamico in Botteghe\u00a0di Albinea im S\u00fcden der Stadt Reggio Emilia kurz vor den ersten bergigen Ausl\u00e4ufern der Apenninen. Dieser Tradizionale ist immer noch reich an S\u00e4ure und hat im Verh\u00e4ltnis zu den verwendeten H\u00f6lzern entscheidende Aromen die den Geschmack ma\u00dfgeblich von einem j\u00fcngeren Balsamico unterscheiden.\u00a0Weniger s\u00fc\u00df als die noch \u00e4lteren mit der Bezeichnung Argento und Oro, eignet sich dieser Balsamico f\u00fcr die schnelle K\u00fcche, zum Anreichern von Saucen und Bratenso\u00dfen, zum Marinieren und W\u00fcrzen von frischem Gem\u00fcse. Das Produkt wird in einer f\u00fcr diese Balsamici typischen Geschenkboxen geliefert und enth\u00e4lt neben einer Beschreibung mit ein paar landestypischen Rezepten auch einen wiederverschlie\u00dfbaren Ausgie\u00dfer aus Glas und Kork. Zutaten: 100% eingekochter Traubenmost Hinweis: Kann nat\u00fcrliche Sulfite enthalten.<\/p>\n","protected":false},"featured_media":2099,"template":"","meta":[],"product_brand":[],"product_cat":[64],"product_tag":[59,61],"class_list":{"0":"post-2098","1":"product","2":"type-product","3":"status-publish","4":"has-post-thumbnail","6":"product_cat-il-borgo-del-balsamico","7":"product_tag-59","8":"product_tag-reggio-emilia","9":"product_shipping_class-balsamico","11":"first","12":"outofstock","13":"taxable","14":"shipping-taxable","15":"purchasable","16":"product-type-simple"},"bundle_layout":"","bundled_by":[],"bundled_items":[],"yoast_head":"<!-- This site is optimized with the Yoast SEO plugin v27.3 - https:\/\/yoast.com\/product\/yoast-seo-wordpress\/ -->\n<title>Il Borgo del Balsamico - Aceto Balsamico Tradizionale<\/title>\n<meta name=\"robots\" content=\"index, follow, max-snippet:-1, max-image-preview:large, max-video-preview:-1\" \/>\n<link rel=\"canonical\" href=\"https:\/\/balsamico.shop\/de\/produkt\/il-borgo-del-balsamico-aragosta-abt-dop-re-12-jahre\/\" \/>\n<script type=\"application\/ld+json\" class=\"yoast-schema-graph\">{\"@context\":\"https:\\\/\\\/schema.org\",\"@graph\":[{\"@type\":\"ImageObject\",\"inLanguage\":\"de\",\"@id\":\"https:\\\/\\\/balsamico.shop\\\/de\\\/produkt\\\/il-borgo-del-balsamico-aragosta-abt-dop-re-12-jahre\\\/#primaryimage\",\"url\":\"https:\\\/\\\/balsamico.shop\\\/de\\\/wp-content\\\/uploads\\\/2018\\\/11\\\/ilborgo-aragosta-reggio-emilia.jpg\",\"contentUrl\":\"https:\\\/\\\/balsamico.shop\\\/de\\\/wp-content\\\/uploads\\\/2018\\\/11\\\/ilborgo-aragosta-reggio-emilia.jpg\",\"width\":400,\"height\":520,\"caption\":\"Il Borgo Del Balsamico Aragosta - Aceto Balsamico Tradizionale di reggio Emilia DOP 12 Jahre\"},{\"@type\":\"BreadcrumbList\",\"@id\":\"https:\\\/\\\/balsamico.shop\\\/de\\\/produkt\\\/il-borgo-del-balsamico-aragosta-abt-dop-re-12-jahre\\\/#breadcrumb\",\"itemListElement\":[{\"@type\":\"ListItem\",\"position\":1,\"name\":\"Startseite\",\"item\":\"https:\\\/\\\/balsamico.shop\\\/de\\\/\"},{\"@type\":\"ListItem\",\"position\":2,\"name\":\"Aceto Balsamico Shop\",\"item\":\"https:\\\/\\\/balsamico.shop\\\/de\\\/shop\\\/\"},{\"@type\":\"ListItem\",\"position\":3,\"name\":\"Il Borgo del Balsamico &#8211; Aragosta &#8211; ABT DOP RE &#8211; 12 Jahre\"}]},{\"@type\":\"WebSite\",\"@id\":\"https:\\\/\\\/balsamico.shop\\\/de\\\/#website\",\"url\":\"https:\\\/\\\/balsamico.shop\\\/de\\\/\",\"name\":\"Aceto Balsamico Shop\",\"description\":\"Shop f\u00fcr Balsamico aus Modena &amp; Reggio Emilia\",\"publisher\":{\"@id\":\"https:\\\/\\\/balsamico.shop\\\/de\\\/#organization\"},\"potentialAction\":[{\"@type\":\"SearchAction\",\"target\":{\"@type\":\"EntryPoint\",\"urlTemplate\":\"https:\\\/\\\/balsamico.shop\\\/de\\\/?s={search_term_string}\"},\"query-input\":{\"@type\":\"PropertyValueSpecification\",\"valueRequired\":true,\"valueName\":\"search_term_string\"}}],\"inLanguage\":\"de\"},{\"@type\":\"Organization\",\"@id\":\"https:\\\/\\\/balsamico.shop\\\/de\\\/#organization\",\"name\":\"Bernardo Tesori\",\"url\":\"https:\\\/\\\/balsamico.shop\\\/de\\\/\",\"logo\":{\"@type\":\"ImageObject\",\"inLanguage\":\"de\",\"@id\":\"https:\\\/\\\/balsamico.shop\\\/de\\\/#\\\/schema\\\/logo\\\/image\\\/\",\"url\":\"https:\\\/\\\/balsamico.shop\\\/de\\\/wp-content\\\/uploads\\\/2016\\\/04\\\/logo_bernardo.png\",\"contentUrl\":\"https:\\\/\\\/balsamico.shop\\\/de\\\/wp-content\\\/uploads\\\/2016\\\/04\\\/logo_bernardo.png\",\"width\":278,\"height\":466,\"caption\":\"Bernardo Tesori\"},\"image\":{\"@id\":\"https:\\\/\\\/balsamico.shop\\\/de\\\/#\\\/schema\\\/logo\\\/image\\\/\"}}]}<\/script>\n<!-- \/ Yoast SEO plugin. -->","yoast_head_json":{"title":"Il Borgo del Balsamico - Aceto Balsamico Tradizionale","robots":{"index":"index","follow":"follow","max-snippet":"max-snippet:-1","max-image-preview":"max-image-preview:large","max-video-preview":"max-video-preview:-1"},"canonical":"https:\/\/balsamico.shop\/de\/produkt\/il-borgo-del-balsamico-aragosta-abt-dop-re-12-jahre\/","schema":{"@context":"https:\/\/schema.org","@graph":[{"@type":"ImageObject","inLanguage":"de","@id":"https:\/\/balsamico.shop\/de\/produkt\/il-borgo-del-balsamico-aragosta-abt-dop-re-12-jahre\/#primaryimage","url":"https:\/\/balsamico.shop\/de\/wp-content\/uploads\/2018\/11\/ilborgo-aragosta-reggio-emilia.jpg","contentUrl":"https:\/\/balsamico.shop\/de\/wp-content\/uploads\/2018\/11\/ilborgo-aragosta-reggio-emilia.jpg","width":400,"height":520,"caption":"Il Borgo Del Balsamico Aragosta - Aceto Balsamico Tradizionale di reggio Emilia DOP 12 Jahre"},{"@type":"BreadcrumbList","@id":"https:\/\/balsamico.shop\/de\/produkt\/il-borgo-del-balsamico-aragosta-abt-dop-re-12-jahre\/#breadcrumb","itemListElement":[{"@type":"ListItem","position":1,"name":"Startseite","item":"https:\/\/balsamico.shop\/de\/"},{"@type":"ListItem","position":2,"name":"Aceto Balsamico Shop","item":"https:\/\/balsamico.shop\/de\/shop\/"},{"@type":"ListItem","position":3,"name":"Il Borgo del Balsamico &#8211; Aragosta &#8211; ABT DOP RE &#8211; 12 Jahre"}]},{"@type":"WebSite","@id":"https:\/\/balsamico.shop\/de\/#website","url":"https:\/\/balsamico.shop\/de\/","name":"Aceto Balsamico Shop","description":"Shop f\u00fcr Balsamico aus Modena &amp; Reggio Emilia","publisher":{"@id":"https:\/\/balsamico.shop\/de\/#organization"},"potentialAction":[{"@type":"SearchAction","target":{"@type":"EntryPoint","urlTemplate":"https:\/\/balsamico.shop\/de\/?s={search_term_string}"},"query-input":{"@type":"PropertyValueSpecification","valueRequired":true,"valueName":"search_term_string"}}],"inLanguage":"de"},{"@type":"Organization","@id":"https:\/\/balsamico.shop\/de\/#organization","name":"Bernardo Tesori","url":"https:\/\/balsamico.shop\/de\/","logo":{"@type":"ImageObject","inLanguage":"de","@id":"https:\/\/balsamico.shop\/de\/#\/schema\/logo\/image\/","url":"https:\/\/balsamico.shop\/de\/wp-content\/uploads\/2016\/04\/logo_bernardo.png","contentUrl":"https:\/\/balsamico.shop\/de\/wp-content\/uploads\/2016\/04\/logo_bernardo.png","width":278,"height":466,"caption":"Bernardo Tesori"},"image":{"@id":"https:\/\/balsamico.shop\/de\/#\/schema\/logo\/image\/"}}]}},"_links":{"self":[{"href":"https:\/\/balsamico.shop\/de\/wp-json\/wp\/v2\/product\/2098","targetHints":{"allow":["GET"]}}],"collection":[{"href":"https:\/\/balsamico.shop\/de\/wp-json\/wp\/v2\/product"}],"about":[{"href":"https:\/\/balsamico.shop\/de\/wp-json\/wp\/v2\/types\/product"}],"wp:featuredmedia":[{"embeddable":true,"href":"https:\/\/balsamico.shop\/de\/wp-json\/wp\/v2\/media\/2099"}],"wp:attachment":[{"href":"https:\/\/balsamico.shop\/de\/wp-json\/wp\/v2\/media?parent=2098"}],"wp:term":[{"taxonomy":"product_brand","embeddable":true,"href":"https:\/\/balsamico.shop\/de\/wp-json\/wp\/v2\/product_brand?post=2098"},{"taxonomy":"product_cat","embeddable":true,"href":"https:\/\/balsamico.shop\/de\/wp-json\/wp\/v2\/product_cat?post=2098"},{"taxonomy":"product_tag","embeddable":true,"href":"https:\/\/balsamico.shop\/de\/wp-json\/wp\/v2\/product_tag?post=2098"}],"curies":[{"name":"wp","href":"https:\/\/api.w.org\/{rel}","templated":true}]}}