{"id":2080,"date":"2018-11-04T11:04:55","date_gmt":"2018-11-04T10:04:55","guid":{"rendered":"https:\/\/balsamico.shop\/de\/?post_type=product&#038;p=2080"},"modified":"2025-06-22T21:01:39","modified_gmt":"2025-06-22T19:01:39","slug":"orangen-balsamico-hell","status":"publish","type":"product","link":"https:\/\/balsamico.shop\/de\/produkt\/orangen-balsamico-hell\/","title":{"rendered":"Orangen-Balsamico \u2013 Condimento Balsamico di Arancia \u2013 Malpighi"},"content":{"rendered":"<p>Die Grundlage f\u00fcr diesen Fruchtbalsamico ist der Condimento Balsamico <a href=\"https:\/\/balsamico.shop\/de\/produkt\/aceto-balsamico-bianco\/\">Prelibato Riserva<\/a> ein achtj\u00e4hriger heller, sehr s\u00fc\u00dfer Traubenmost-Essig. Die S\u00fc\u00dfe des Prelibato Riserva wurde in dieser Mischung mit einem konzentrierten Orangensaft und einem nat\u00fcrlichen Orangensaft-Extrakt gemischt. Herausgekommen ist ein sehr gelungener Mix aus S\u00fc\u00dfe und spritzigen Organennote abgerundet mit einem Hauch von S\u00e4ure. Der Malpighi Balsamo di Arancia reifte vor dem Zusatz der Orangennote in den F\u00e4ssern der Acetaia Malpighi, einer der bekanntesten Essigwinzereien in der Region Modena.<\/p>\n<p>Dieser Orangen-Balsamico passt hervorragend zu Feldsalat sowie als finales Topping zu einem sommerlichen Fruchtsalat. Durch den Orangengeschmack eignet sich dieser Essig auch f\u00fcr weihnachtliche Gerichte, wie Ente, Gans oder Wild bei denen ein Hauch von Orange zum Einsatz kommen soll.<\/p>\n<p>Bitte verwenden Sie diesen Fruchtbalsam nicht zum kochen, der Geschmack w\u00fcrde verfliegen. Einfach nach dem Anrichten betr\u00e4ufeln, fertig.<\/p>\n<p><strong>Farbe<\/strong>: hell orangefarben, durchsichtig<\/p>\n<p><strong>Zutaten<\/strong>: 100% Wei\u00dftraubenmost-Essig, Orangensaftkonzentrat, nat\u00fcrliches Orangensaft-Extrakt<\/p>\n<p><strong>Hinweis<\/strong>: Kann nat\u00fcrliche Sulfite enthalten.<\/p>\n","protected":false},"excerpt":{"rendered":"<p>Die Grundlage f\u00fcr diesen Fruchtbalsamico ist der Condimento Balsamico Prelibato Riserva ein achtj\u00e4hriger heller, sehr s\u00fc\u00dfer Traubenmost-Essig. Die S\u00fc\u00dfe des Prelibato Riserva wurde in dieser Mischung mit einem konzentrierten Orangensaft und einem nat\u00fcrlichen Orangensaft-Extrakt gemischt. Herausgekommen ist ein sehr gelungener Mix aus S\u00fc\u00dfe und spritzigen Organennote abgerundet mit einem Hauch von S\u00e4ure. Der Malpighi Balsamo di Arancia reifte vor dem Zusatz der Orangennote in den F\u00e4ssern der Acetaia Malpighi, einer der bekanntesten Essigwinzereien in der Region Modena. Dieser Orangen-Balsamico passt hervorragend zu Feldsalat sowie als finales Topping zu einem sommerlichen Fruchtsalat. Durch den Orangengeschmack eignet sich dieser Essig auch f\u00fcr weihnachtliche Gerichte, wie Ente, Gans oder Wild bei denen ein Hauch von Orange zum Einsatz kommen soll. Bitte verwenden Sie diesen Fruchtbalsam nicht zum kochen, der Geschmack w\u00fcrde verfliegen. Einfach nach dem Anrichten betr\u00e4ufeln, fertig. Farbe: hell orangefarben, durchsichtig Zutaten: 100% Wei\u00dftraubenmost-Essig, Orangensaftkonzentrat, nat\u00fcrliches Orangensaft-Extrakt Hinweis: Kann nat\u00fcrliche Sulfite enthalten.<\/p>\n","protected":false},"featured_media":13922,"template":"","meta":[],"product_brand":[],"product_cat":[71,34],"product_tag":[63],"class_list":{"0":"post-2080","1":"product","2":"type-product","3":"status-publish","4":"has-post-thumbnail","6":"product_cat-sale","7":"product_cat-malpighi","8":"product_tag-fruchtbalsamico","9":"product_shipping_class-balsamico","11":"first","12":"outofstock","13":"sale","14":"taxable","15":"shipping-taxable","16":"purchasable","17":"product-type-simple"},"bundle_layout":"","bundled_by":[],"bundled_items":[],"yoast_head":"<!-- This site is optimized with the Yoast SEO plugin v27.3 - https:\/\/yoast.com\/product\/yoast-seo-wordpress\/ -->\n<title>Orangen-Balsamico - Condimento Balsamico di Arancia - Malpighi<\/title>\n<meta name=\"robots\" content=\"index, follow, max-snippet:-1, max-image-preview:large, max-video-preview:-1\" \/>\n<link rel=\"canonical\" href=\"https:\/\/balsamico.shop\/de\/produkt\/orangen-balsamico-hell\/\" \/>\n<script type=\"application\/ld+json\" class=\"yoast-schema-graph\">{\"@context\":\"https:\\\/\\\/schema.org\",\"@graph\":[{\"@type\":\"ImageObject\",\"inLanguage\":\"de\",\"@id\":\"https:\\\/\\\/balsamico.shop\\\/de\\\/produkt\\\/orangen-balsamico-hell\\\/#primaryimage\",\"url\":\"https:\\\/\\\/balsamico.shop\\\/de\\\/wp-content\\\/uploads\\\/2018\\\/11\\\/malpighi-condimento-orange-1.jpg\",\"contentUrl\":\"https:\\\/\\\/balsamico.shop\\\/de\\\/wp-content\\\/uploads\\\/2018\\\/11\\\/malpighi-condimento-orange-1.jpg\",\"width\":1600,\"height\":1872},{\"@type\":\"BreadcrumbList\",\"@id\":\"https:\\\/\\\/balsamico.shop\\\/de\\\/produkt\\\/orangen-balsamico-hell\\\/#breadcrumb\",\"itemListElement\":[{\"@type\":\"ListItem\",\"position\":1,\"name\":\"Startseite\",\"item\":\"https:\\\/\\\/balsamico.shop\\\/de\\\/\"},{\"@type\":\"ListItem\",\"position\":2,\"name\":\"Aceto Balsamico Shop\",\"item\":\"https:\\\/\\\/balsamico.shop\\\/de\\\/shop\\\/\"},{\"@type\":\"ListItem\",\"position\":3,\"name\":\"Orangen-Balsamico \u2013 Condimento Balsamico di Arancia \u2013 Malpighi\"}]},{\"@type\":\"WebSite\",\"@id\":\"https:\\\/\\\/balsamico.shop\\\/de\\\/#website\",\"url\":\"https:\\\/\\\/balsamico.shop\\\/de\\\/\",\"name\":\"Aceto Balsamico Shop\",\"description\":\"Shop f\u00fcr Balsamico aus Modena &amp; Reggio Emilia\",\"publisher\":{\"@id\":\"https:\\\/\\\/balsamico.shop\\\/de\\\/#organization\"},\"potentialAction\":[{\"@type\":\"SearchAction\",\"target\":{\"@type\":\"EntryPoint\",\"urlTemplate\":\"https:\\\/\\\/balsamico.shop\\\/de\\\/?s={search_term_string}\"},\"query-input\":{\"@type\":\"PropertyValueSpecification\",\"valueRequired\":true,\"valueName\":\"search_term_string\"}}],\"inLanguage\":\"de\"},{\"@type\":\"Organization\",\"@id\":\"https:\\\/\\\/balsamico.shop\\\/de\\\/#organization\",\"name\":\"Bernardo Tesori\",\"url\":\"https:\\\/\\\/balsamico.shop\\\/de\\\/\",\"logo\":{\"@type\":\"ImageObject\",\"inLanguage\":\"de\",\"@id\":\"https:\\\/\\\/balsamico.shop\\\/de\\\/#\\\/schema\\\/logo\\\/image\\\/\",\"url\":\"https:\\\/\\\/balsamico.shop\\\/de\\\/wp-content\\\/uploads\\\/2016\\\/04\\\/logo_bernardo.png\",\"contentUrl\":\"https:\\\/\\\/balsamico.shop\\\/de\\\/wp-content\\\/uploads\\\/2016\\\/04\\\/logo_bernardo.png\",\"width\":278,\"height\":466,\"caption\":\"Bernardo Tesori\"},\"image\":{\"@id\":\"https:\\\/\\\/balsamico.shop\\\/de\\\/#\\\/schema\\\/logo\\\/image\\\/\"}}]}<\/script>\n<!-- \/ Yoast SEO plugin. -->","yoast_head_json":{"title":"Orangen-Balsamico - Condimento Balsamico di Arancia - Malpighi","robots":{"index":"index","follow":"follow","max-snippet":"max-snippet:-1","max-image-preview":"max-image-preview:large","max-video-preview":"max-video-preview:-1"},"canonical":"https:\/\/balsamico.shop\/de\/produkt\/orangen-balsamico-hell\/","schema":{"@context":"https:\/\/schema.org","@graph":[{"@type":"ImageObject","inLanguage":"de","@id":"https:\/\/balsamico.shop\/de\/produkt\/orangen-balsamico-hell\/#primaryimage","url":"https:\/\/balsamico.shop\/de\/wp-content\/uploads\/2018\/11\/malpighi-condimento-orange-1.jpg","contentUrl":"https:\/\/balsamico.shop\/de\/wp-content\/uploads\/2018\/11\/malpighi-condimento-orange-1.jpg","width":1600,"height":1872},{"@type":"BreadcrumbList","@id":"https:\/\/balsamico.shop\/de\/produkt\/orangen-balsamico-hell\/#breadcrumb","itemListElement":[{"@type":"ListItem","position":1,"name":"Startseite","item":"https:\/\/balsamico.shop\/de\/"},{"@type":"ListItem","position":2,"name":"Aceto Balsamico Shop","item":"https:\/\/balsamico.shop\/de\/shop\/"},{"@type":"ListItem","position":3,"name":"Orangen-Balsamico \u2013 Condimento Balsamico di Arancia \u2013 Malpighi"}]},{"@type":"WebSite","@id":"https:\/\/balsamico.shop\/de\/#website","url":"https:\/\/balsamico.shop\/de\/","name":"Aceto Balsamico Shop","description":"Shop f\u00fcr Balsamico aus Modena &amp; Reggio Emilia","publisher":{"@id":"https:\/\/balsamico.shop\/de\/#organization"},"potentialAction":[{"@type":"SearchAction","target":{"@type":"EntryPoint","urlTemplate":"https:\/\/balsamico.shop\/de\/?s={search_term_string}"},"query-input":{"@type":"PropertyValueSpecification","valueRequired":true,"valueName":"search_term_string"}}],"inLanguage":"de"},{"@type":"Organization","@id":"https:\/\/balsamico.shop\/de\/#organization","name":"Bernardo Tesori","url":"https:\/\/balsamico.shop\/de\/","logo":{"@type":"ImageObject","inLanguage":"de","@id":"https:\/\/balsamico.shop\/de\/#\/schema\/logo\/image\/","url":"https:\/\/balsamico.shop\/de\/wp-content\/uploads\/2016\/04\/logo_bernardo.png","contentUrl":"https:\/\/balsamico.shop\/de\/wp-content\/uploads\/2016\/04\/logo_bernardo.png","width":278,"height":466,"caption":"Bernardo Tesori"},"image":{"@id":"https:\/\/balsamico.shop\/de\/#\/schema\/logo\/image\/"}}]}},"_links":{"self":[{"href":"https:\/\/balsamico.shop\/de\/wp-json\/wp\/v2\/product\/2080","targetHints":{"allow":["GET"]}}],"collection":[{"href":"https:\/\/balsamico.shop\/de\/wp-json\/wp\/v2\/product"}],"about":[{"href":"https:\/\/balsamico.shop\/de\/wp-json\/wp\/v2\/types\/product"}],"wp:featuredmedia":[{"embeddable":true,"href":"https:\/\/balsamico.shop\/de\/wp-json\/wp\/v2\/media\/13922"}],"wp:attachment":[{"href":"https:\/\/balsamico.shop\/de\/wp-json\/wp\/v2\/media?parent=2080"}],"wp:term":[{"taxonomy":"product_brand","embeddable":true,"href":"https:\/\/balsamico.shop\/de\/wp-json\/wp\/v2\/product_brand?post=2080"},{"taxonomy":"product_cat","embeddable":true,"href":"https:\/\/balsamico.shop\/de\/wp-json\/wp\/v2\/product_cat?post=2080"},{"taxonomy":"product_tag","embeddable":true,"href":"https:\/\/balsamico.shop\/de\/wp-json\/wp\/v2\/product_tag?post=2080"}],"curies":[{"name":"wp","href":"https:\/\/api.w.org\/{rel}","templated":true}]}}