{"id":2075,"date":"2018-11-03T19:05:48","date_gmt":"2018-11-03T18:05:48","guid":{"rendered":"https:\/\/balsamico.shop\/de\/?post_type=product&#038;p=2075"},"modified":"2026-04-02T19:01:13","modified_gmt":"2026-04-02T17:01:13","slug":"malpighi-abt-reggio-emilia-dop-aragosta","status":"publish","type":"product","link":"https:\/\/balsamico.shop\/de\/produkt\/malpighi-abt-reggio-emilia-dop-aragosta\/","title":{"rendered":"Malpighi \u2013 Aceto Balsamico Tradizionale di Reggio Emilia \u2013 Aragosta"},"content":{"rendered":"<p>Dieser Aceto Balsamico Tradizionale di Reggio Emilia DOP Aragosta aus der nun hauseigenen Acetaia Malpighi befand sich mindestens 12 Jahre in einer Holzfassbatterie, einer Fassreihe bestehend aus f\u00fcnf bis sieben F\u00e4ssern. Dieser sehr dunkelbraune Balsamico wurde qualitativ und geschmacklich bei unserer eigenen Verkostung als temperamentvoll, w\u00fcrzig und herzhaft s\u00e4uerlich eingestuft. Damit setzt dieser Balsamico sich geschmacklich in Kombination mit einer Beilage wie einer Pasta oder als Topping auf einer K\u00fcrbiscremesuppe aber auch auf einem s\u00fc\u00dfen Souffl\u00e9 durch und dient als intensiver Traubenmost-Balsamico-Spritz. Die Konsistenz bietet Ihnen zudem viele kreative Verzierungsm\u00f6glichkeiten auf dem Tellerrand oder direkt auf der Oberfl\u00e4che einer Cremesuppe.<\/p>\n<p>Geliefert wird dieser traditionelle Balsamico in einer f\u00fcr die Region Reggio Emilia typischen Geschenkbox mit Klappdeckel und attraktivem Ausgie\u00dfer aus Glas und Kork.<\/p>\n<p>Die Acetaia Malpighi ist in Modena sehr bekannt, doch nur wenige Kenner wissen ist, dass Malpighi vor nicht all zu langer Zeit eine kleine Acetaia in der Provinz Reggio Emilia gekauft hat und damit in der Lage ist auch das Pendant zum gesch\u00fctzten D.O.P. Balsamico aus Modena herzustellen, einen Aceto Balsamico Tradizionale di Reggio Emilia DOP. Die Herstellungsverfahren ist sehr \u00e4hnlich zu denen in Modena, doch das Zertifizierungsverfahren ist verschiedenen. Die Essige bekommen nach mindestens 12 Jahren von den Verkostern Punkte und werden anhand dieser in die Kategorien Aragosta, Argento und Oro einklasifiziert. Der j\u00fcngste muss mindestens 12 Jahre lang in den Batterien verbracht haben. Dieses Verfahren sichert ein Mindestma\u00df an Punkten und damit an der Qualit\u00e4t des Essigs. Auch in Modena ben\u00f6tigt man mindestens 229 Punkte, um als Tradizionale abgef\u00fcllt zu werden. In Reggio Emilia liegt das die Mindestpunktzahl bei 240 f\u00fcr einen Aragosta, mit dem hummerfarbenen, r\u00f6tlichen Ettiket. Da die Verkostungsverfahren sehr \u00e4hnlich sind, liegt die Qualit\u00e4t zumindest an der Mindestpunktzahl gemessen bei einem Tradizionale aus Reggio Emilia etwas h\u00f6her als bei einem di Modena.<\/p>\n<p>Zutaten: 100% eingekochter Traubenmost<\/p>\n<p>Hinweis: Kann nat\u00fcrliche Sulfite enthalten.<\/p>\n","protected":false},"excerpt":{"rendered":"<p>Dieser Aceto Balsamico Tradizionale di Reggio Emilia DOP Aragosta aus der nun hauseigenen Acetaia Malpighi befand sich mindestens 12 Jahre in einer Holzfassbatterie, einer Fassreihe bestehend aus f\u00fcnf bis sieben F\u00e4ssern. Dieser sehr dunkelbraune Balsamico wurde qualitativ und geschmacklich bei unserer eigenen Verkostung als temperamentvoll, w\u00fcrzig und herzhaft s\u00e4uerlich eingestuft. Damit setzt dieser Balsamico sich geschmacklich in Kombination mit einer Beilage wie einer Pasta oder als Topping auf einer K\u00fcrbiscremesuppe aber auch auf einem s\u00fc\u00dfen Souffl\u00e9 durch und dient als intensiver Traubenmost-Balsamico-Spritz. Die Konsistenz bietet Ihnen zudem viele kreative Verzierungsm\u00f6glichkeiten auf dem Tellerrand oder direkt auf der Oberfl\u00e4che einer Cremesuppe.<\/p>\n","protected":false},"featured_media":13914,"template":"","meta":[],"product_brand":[],"product_cat":[34],"product_tag":[59,61],"class_list":{"0":"post-2075","1":"product","2":"type-product","3":"status-publish","4":"has-post-thumbnail","6":"product_cat-malpighi","7":"product_tag-59","8":"product_tag-reggio-emilia","9":"product_shipping_class-balsamico","11":"first","12":"instock","13":"taxable","14":"shipping-taxable","15":"purchasable","16":"product-type-simple"},"bundle_layout":"","bundled_by":[],"bundled_items":[],"yoast_head":"<!-- This site is optimized with the Yoast SEO plugin v27.3 - https:\/\/yoast.com\/product\/yoast-seo-wordpress\/ -->\n<title>Malpighi - Aceto Balsamico Tradizionale di Reggio Emilia Aragosta 12J.<\/title>\n<meta name=\"robots\" content=\"index, follow, max-snippet:-1, max-image-preview:large, max-video-preview:-1\" \/>\n<link rel=\"canonical\" href=\"https:\/\/balsamico.shop\/de\/produkt\/malpighi-abt-reggio-emilia-dop-aragosta\/\" \/>\n<script type=\"application\/ld+json\" class=\"yoast-schema-graph\">{\"@context\":\"https:\\\/\\\/schema.org\",\"@graph\":[{\"@type\":\"ImageObject\",\"inLanguage\":\"de\",\"@id\":\"https:\\\/\\\/balsamico.shop\\\/de\\\/produkt\\\/malpighi-abt-reggio-emilia-dop-aragosta\\\/#primaryimage\",\"url\":\"https:\\\/\\\/balsamico.shop\\\/de\\\/wp-content\\\/uploads\\\/2018\\\/11\\\/malipghi-aragosta-aceto-balsamico-tradizionale-reggioemilia.jpg\",\"contentUrl\":\"https:\\\/\\\/balsamico.shop\\\/de\\\/wp-content\\\/uploads\\\/2018\\\/11\\\/malipghi-aragosta-aceto-balsamico-tradizionale-reggioemilia.jpg\",\"width\":1600,\"height\":1872},{\"@type\":\"BreadcrumbList\",\"@id\":\"https:\\\/\\\/balsamico.shop\\\/de\\\/produkt\\\/malpighi-abt-reggio-emilia-dop-aragosta\\\/#breadcrumb\",\"itemListElement\":[{\"@type\":\"ListItem\",\"position\":1,\"name\":\"Startseite\",\"item\":\"https:\\\/\\\/balsamico.shop\\\/de\\\/\"},{\"@type\":\"ListItem\",\"position\":2,\"name\":\"Aceto Balsamico Shop\",\"item\":\"https:\\\/\\\/balsamico.shop\\\/de\\\/shop\\\/\"},{\"@type\":\"ListItem\",\"position\":3,\"name\":\"Malpighi \u2013 Aceto Balsamico Tradizionale di Reggio Emilia \u2013 Aragosta\"}]},{\"@type\":\"WebSite\",\"@id\":\"https:\\\/\\\/balsamico.shop\\\/de\\\/#website\",\"url\":\"https:\\\/\\\/balsamico.shop\\\/de\\\/\",\"name\":\"Aceto Balsamico Shop\",\"description\":\"Shop f\u00fcr Balsamico aus Modena &amp; Reggio Emilia\",\"publisher\":{\"@id\":\"https:\\\/\\\/balsamico.shop\\\/de\\\/#organization\"},\"potentialAction\":[{\"@type\":\"SearchAction\",\"target\":{\"@type\":\"EntryPoint\",\"urlTemplate\":\"https:\\\/\\\/balsamico.shop\\\/de\\\/?s={search_term_string}\"},\"query-input\":{\"@type\":\"PropertyValueSpecification\",\"valueRequired\":true,\"valueName\":\"search_term_string\"}}],\"inLanguage\":\"de\"},{\"@type\":\"Organization\",\"@id\":\"https:\\\/\\\/balsamico.shop\\\/de\\\/#organization\",\"name\":\"Bernardo Tesori\",\"url\":\"https:\\\/\\\/balsamico.shop\\\/de\\\/\",\"logo\":{\"@type\":\"ImageObject\",\"inLanguage\":\"de\",\"@id\":\"https:\\\/\\\/balsamico.shop\\\/de\\\/#\\\/schema\\\/logo\\\/image\\\/\",\"url\":\"https:\\\/\\\/balsamico.shop\\\/de\\\/wp-content\\\/uploads\\\/2016\\\/04\\\/logo_bernardo.png\",\"contentUrl\":\"https:\\\/\\\/balsamico.shop\\\/de\\\/wp-content\\\/uploads\\\/2016\\\/04\\\/logo_bernardo.png\",\"width\":278,\"height\":466,\"caption\":\"Bernardo Tesori\"},\"image\":{\"@id\":\"https:\\\/\\\/balsamico.shop\\\/de\\\/#\\\/schema\\\/logo\\\/image\\\/\"}}]}<\/script>\n<!-- \/ Yoast SEO plugin. -->","yoast_head_json":{"title":"Malpighi - Aceto Balsamico Tradizionale di Reggio Emilia Aragosta 12J.","robots":{"index":"index","follow":"follow","max-snippet":"max-snippet:-1","max-image-preview":"max-image-preview:large","max-video-preview":"max-video-preview:-1"},"canonical":"https:\/\/balsamico.shop\/de\/produkt\/malpighi-abt-reggio-emilia-dop-aragosta\/","schema":{"@context":"https:\/\/schema.org","@graph":[{"@type":"ImageObject","inLanguage":"de","@id":"https:\/\/balsamico.shop\/de\/produkt\/malpighi-abt-reggio-emilia-dop-aragosta\/#primaryimage","url":"https:\/\/balsamico.shop\/de\/wp-content\/uploads\/2018\/11\/malipghi-aragosta-aceto-balsamico-tradizionale-reggioemilia.jpg","contentUrl":"https:\/\/balsamico.shop\/de\/wp-content\/uploads\/2018\/11\/malipghi-aragosta-aceto-balsamico-tradizionale-reggioemilia.jpg","width":1600,"height":1872},{"@type":"BreadcrumbList","@id":"https:\/\/balsamico.shop\/de\/produkt\/malpighi-abt-reggio-emilia-dop-aragosta\/#breadcrumb","itemListElement":[{"@type":"ListItem","position":1,"name":"Startseite","item":"https:\/\/balsamico.shop\/de\/"},{"@type":"ListItem","position":2,"name":"Aceto Balsamico Shop","item":"https:\/\/balsamico.shop\/de\/shop\/"},{"@type":"ListItem","position":3,"name":"Malpighi \u2013 Aceto Balsamico Tradizionale di Reggio Emilia \u2013 Aragosta"}]},{"@type":"WebSite","@id":"https:\/\/balsamico.shop\/de\/#website","url":"https:\/\/balsamico.shop\/de\/","name":"Aceto Balsamico Shop","description":"Shop f\u00fcr Balsamico aus Modena &amp; Reggio Emilia","publisher":{"@id":"https:\/\/balsamico.shop\/de\/#organization"},"potentialAction":[{"@type":"SearchAction","target":{"@type":"EntryPoint","urlTemplate":"https:\/\/balsamico.shop\/de\/?s={search_term_string}"},"query-input":{"@type":"PropertyValueSpecification","valueRequired":true,"valueName":"search_term_string"}}],"inLanguage":"de"},{"@type":"Organization","@id":"https:\/\/balsamico.shop\/de\/#organization","name":"Bernardo Tesori","url":"https:\/\/balsamico.shop\/de\/","logo":{"@type":"ImageObject","inLanguage":"de","@id":"https:\/\/balsamico.shop\/de\/#\/schema\/logo\/image\/","url":"https:\/\/balsamico.shop\/de\/wp-content\/uploads\/2016\/04\/logo_bernardo.png","contentUrl":"https:\/\/balsamico.shop\/de\/wp-content\/uploads\/2016\/04\/logo_bernardo.png","width":278,"height":466,"caption":"Bernardo Tesori"},"image":{"@id":"https:\/\/balsamico.shop\/de\/#\/schema\/logo\/image\/"}}]}},"_links":{"self":[{"href":"https:\/\/balsamico.shop\/de\/wp-json\/wp\/v2\/product\/2075","targetHints":{"allow":["GET"]}}],"collection":[{"href":"https:\/\/balsamico.shop\/de\/wp-json\/wp\/v2\/product"}],"about":[{"href":"https:\/\/balsamico.shop\/de\/wp-json\/wp\/v2\/types\/product"}],"wp:featuredmedia":[{"embeddable":true,"href":"https:\/\/balsamico.shop\/de\/wp-json\/wp\/v2\/media\/13914"}],"wp:attachment":[{"href":"https:\/\/balsamico.shop\/de\/wp-json\/wp\/v2\/media?parent=2075"}],"wp:term":[{"taxonomy":"product_brand","embeddable":true,"href":"https:\/\/balsamico.shop\/de\/wp-json\/wp\/v2\/product_brand?post=2075"},{"taxonomy":"product_cat","embeddable":true,"href":"https:\/\/balsamico.shop\/de\/wp-json\/wp\/v2\/product_cat?post=2075"},{"taxonomy":"product_tag","embeddable":true,"href":"https:\/\/balsamico.shop\/de\/wp-json\/wp\/v2\/product_tag?post=2075"}],"curies":[{"name":"wp","href":"https:\/\/api.w.org\/{rel}","templated":true}]}}