{"id":1935,"date":"2018-09-22T11:56:45","date_gmt":"2018-09-22T09:56:45","guid":{"rendered":"https:\/\/balsamico.shop\/de\/?post_type=product&#038;p=1935"},"modified":"2026-05-04T14:16:58","modified_gmt":"2026-05-04T12:16:58","slug":"traubenmost-balsamico","status":"publish","type":"product","link":"https:\/\/balsamico.shop\/de\/produkt\/traubenmost-balsamico\/","title":{"rendered":"Reiner Traubenmost-Balsamico \u2013 sirupartig ohne Zus\u00e4tze aus dem Holzfass"},"content":{"rendered":"<p>Dieser Balsamico eignet sich ausgesprochen gut f\u00fcr Einsteiger in die Welt der italienischen Essige. Auf dem Weg zu einem echten Aceto Balsamico Tradizionale durchl\u00e4uft ein Essig eine jahrelange Reifeprozedur in den Holzf\u00e4ssern der Essigwinzer. Gepresster und anschlie\u00dfend gekochter Traubenmost der Trebbiano Traube, einer sehr s\u00fc\u00dfen Trauben, sind der einzige Grundstoff f\u00fcr dieses Spitzenprodukt. Dieser Balsamico, aus dem Hause Cavalli in der Region Reggio Emilia in Italien, er\u00f6ffnet Ihnen und Ihren Freuden einen Einblick, wie ein richtig guter Balsamico schmecken muss. Die Konsistenz dieses Produkts wird nicht durch irgendwelche Zus\u00e4tze erzeugt, sondern entsteht einfach durch den normalen sehr langen Herstellungsprozess. Nach ca. sechs bis sieben Jahren erreicht der Balsamico seine hohe Dichte und l\u00e4sst ihn sirupartig werden. Mit jedem weiteren Jahr verliert der Balsamico auch ein wenig an seiner S\u00e4ure und eignet sich damit auch zum puren Genuss vom L\u00f6ffel.<\/p>\n<p>Dieses Produkt ist die Vorstufe des echten Tradizionale und kommt aus den gleichen Holzf\u00e4ssern. Kenner werden den Unterschied zu einem echten Tradizionale nat\u00fcrlich herausschmecken, aber f\u00fcr Konsumenten, welche bislang nur den typischen Balsamico aus dem Supermarkt kennen, wird es ein unvergessliches Erlebnis werden. Bei diesem Balsamico wurde kein Weinessig, kein Konzentrat, kein Zucker oder sonstige Zusatzstoffe beigemengt &#8211; ausschlie\u00dflich und zu 100% reiner Traubenmost zeichnet dieses Naturprodukt aus.<\/p>\n<p><img loading=\"lazy\" decoding=\"async\" width=\"843\" height=\"160\" class=\"alignnone wp-image-585 size-full\" src=\"https:\/\/balsamico.shop\/de\/wp-content\/uploads\/2017\/01\/cavalli-logo.jpg\" srcset=\"https:\/\/balsamico.shop\/de\/wp-content\/uploads\/2017\/01\/cavalli-logo.jpg 843w, https:\/\/balsamico.shop\/de\/wp-content\/uploads\/2017\/01\/cavalli-logo-300x57.jpg 300w, https:\/\/balsamico.shop\/de\/wp-content\/uploads\/2017\/01\/cavalli-logo-768x146.jpg 768w, https:\/\/balsamico.shop\/de\/wp-content\/uploads\/2017\/01\/cavalli-logo-390x74.jpg 390w, https:\/\/balsamico.shop\/de\/wp-content\/uploads\/2017\/01\/cavalli-logo-600x114.jpg 600w\" sizes=\"auto, (max-width: 843px) 100vw, 843px\" \/><\/p>\n<p>Das Produkt ist, bis auf die Abf\u00fcllmenge und der Charge von den Produkteigenschaften identisch mit unserem <a href=\"https:\/\/balsamico.shop\/de\/produkt\/100-prozent-traubenmost-8-jahre-alltagsbalsamico\/\">Alltagsbalsamico<\/a>.<\/p>\n<p>Zutaten: 100% eingekochter Traubenmost, sortenrein aus der Trebbiano-Traube<\/p>\n<p>Kann Sulfite enthalten.<\/p>\n<p>Made in Italy.<\/p>\n<p>Dieser Balsamico ist glutenfrei, OHNE Weinessig, OHNE Farbstoffe, OHNE Verdickungsmittel, OHNE Geschmacksverst\u00e4rker, OHNE Konservierungsstoffe, OHNE zugesetzte Aromen!<\/p>\n","protected":false},"excerpt":{"rendered":"<p>Dieser Balsamico eignet sich ausgesprochen gut f\u00fcr Einsteiger in die Welt der italienischen Essige. Auf dem Weg zu einem echten Aceto Balsamico Tradizionale durchl\u00e4uft ein Essig eine jahrelange Reifeprozedur in den Holzf\u00e4ssern der Essigwinzer. Gepresster und anschlie\u00dfend gekochter Traubenmost der Trebbiano Traube, einer sehr s\u00fc\u00dfen Trauben, sind der einzige Grundstoff f\u00fcr dieses Spitzenprodukt. Dieser Balsamico, aus dem Hause Cavalli in der Region Reggio Emilia in Italien, er\u00f6ffnet Ihnen und Ihren Freuden einen Einblick, wie ein richtig guter Balsamico schmecken muss. Die Konsistenz dieses Produkts wird nicht durch irgendwelche Zus\u00e4tze erzeugt, sondern entsteht einfach durch den normalen sehr langen Herstellungsprozess. Nach ca. sechs bis sieben Jahren erreicht der Balsamico seine hohe Dichte und l\u00e4sst ihn sirupartig werden. Mit jedem weiteren Jahr verliert der Balsamico auch ein wenig an seiner S\u00e4ure und eignet sich damit auch zum puren Genuss vom L\u00f6ffel. Dieses Produkt ist die Vorstufe des echten Tradizionale und kommt aus den gleichen Holzf\u00e4ssern. Kenner werden den Unterschied zu einem echten Tradizionale nat\u00fcrlich herausschmecken, aber f\u00fcr Konsumenten, welche bislang nur den typischen Balsamico aus dem Supermarkt kennen, wird es ein unvergessliches Erlebnis werden. Bei diesem Balsamico wurde kein Weinessig, kein Konzentrat, kein Zucker oder sonstige Zusatzstoffe beigemengt &#8211; ausschlie\u00dflich und zu 100% reiner Traubenmost zeichnet dieses Naturprodukt aus. Das Produkt ist, bis auf die Abf\u00fcllmenge und der Charge von den Produkteigenschaften identisch mit unserem Alltagsbalsamico. Zutaten: 100% eingekochter Traubenmost, sortenrein aus der Trebbiano-Traube Kann Sulfite enthalten. Made in Italy. Dieser Balsamico ist glutenfrei, OHNE Weinessig, OHNE Farbstoffe, OHNE Verdickungsmittel, OHNE Geschmacksverst\u00e4rker, OHNE Konservierungsstoffe, OHNE zugesetzte Aromen!<\/p>\n","protected":false},"featured_media":13939,"template":"","meta":[],"product_brand":[],"product_cat":[31],"product_tag":[61],"class_list":{"0":"post-1935","1":"product","2":"type-product","3":"status-publish","4":"has-post-thumbnail","6":"product_cat-cavalli","7":"product_tag-reggio-emilia","8":"product_shipping_class-balsamico","10":"first","11":"instock","12":"taxable","13":"shipping-taxable","14":"purchasable","15":"product-type-simple"},"bundle_layout":"","bundled_by":[],"bundled_items":[],"yoast_head":"<!-- This site is optimized with the Yoast SEO plugin v27.5 - https:\/\/yoast.com\/product\/yoast-seo-wordpress\/ -->\n<title>Reiner Traubenmost Balsamico - Riserva Nando von Cavalli 100 ml<\/title>\n<meta name=\"description\" content=\"Probieren Sie einen traditionell hergestellten Balsamico aus Italien, welche ausschlie\u00dflich aus gekochtem Traubenmost und viel Zeit entsteht.\" \/>\n<meta name=\"robots\" content=\"index, follow, max-snippet:-1, max-image-preview:large, max-video-preview:-1\" \/>\n<link rel=\"canonical\" href=\"https:\/\/balsamico.shop\/de\/produkt\/traubenmost-balsamico\/\" \/>\n<script type=\"application\/ld+json\" class=\"yoast-schema-graph\">{\"@context\":\"https:\\\/\\\/schema.org\",\"@graph\":[{\"@type\":\"WebPage\",\"@id\":\"https:\\\/\\\/balsamico.shop\\\/de\\\/produkt\\\/traubenmost-balsamico\\\/\",\"url\":\"https:\\\/\\\/balsamico.shop\\\/de\\\/produkt\\\/traubenmost-balsamico\\\/\",\"name\":\"Reiner Traubenmost Balsamico - Riserva Nando von Cavalli 100 ml\",\"isPartOf\":{\"@id\":\"https:\\\/\\\/balsamico.shop\\\/de\\\/#website\"},\"primaryImageOfPage\":{\"@id\":\"https:\\\/\\\/balsamico.shop\\\/de\\\/produkt\\\/traubenmost-balsamico\\\/#primaryimage\"},\"image\":{\"@id\":\"https:\\\/\\\/balsamico.shop\\\/de\\\/produkt\\\/traubenmost-balsamico\\\/#primaryimage\"},\"thumbnailUrl\":\"https:\\\/\\\/balsamico.shop\\\/de\\\/wp-content\\\/uploads\\\/2018\\\/09\\\/riserva-nando-cavalli-traubenmost-reggioemila.jpg\",\"datePublished\":\"2018-09-22T09:56:45+00:00\",\"dateModified\":\"2026-05-04T12:16:58+00:00\",\"description\":\"Probieren Sie einen traditionell hergestellten Balsamico aus Italien, welche ausschlie\u00dflich aus gekochtem Traubenmost und viel Zeit entsteht.\",\"breadcrumb\":{\"@id\":\"https:\\\/\\\/balsamico.shop\\\/de\\\/produkt\\\/traubenmost-balsamico\\\/#breadcrumb\"},\"inLanguage\":\"de\",\"potentialAction\":[{\"@type\":\"ReadAction\",\"target\":[\"https:\\\/\\\/balsamico.shop\\\/de\\\/produkt\\\/traubenmost-balsamico\\\/\"]}]},{\"@type\":\"ImageObject\",\"inLanguage\":\"de\",\"@id\":\"https:\\\/\\\/balsamico.shop\\\/de\\\/produkt\\\/traubenmost-balsamico\\\/#primaryimage\",\"url\":\"https:\\\/\\\/balsamico.shop\\\/de\\\/wp-content\\\/uploads\\\/2018\\\/09\\\/riserva-nando-cavalli-traubenmost-reggioemila.jpg\",\"contentUrl\":\"https:\\\/\\\/balsamico.shop\\\/de\\\/wp-content\\\/uploads\\\/2018\\\/09\\\/riserva-nando-cavalli-traubenmost-reggioemila.jpg\",\"width\":1600,\"height\":1872},{\"@type\":\"BreadcrumbList\",\"@id\":\"https:\\\/\\\/balsamico.shop\\\/de\\\/produkt\\\/traubenmost-balsamico\\\/#breadcrumb\",\"itemListElement\":[{\"@type\":\"ListItem\",\"position\":1,\"name\":\"Startseite\",\"item\":\"https:\\\/\\\/balsamico.shop\\\/de\\\/\"},{\"@type\":\"ListItem\",\"position\":2,\"name\":\"Aceto Balsamico Shop\",\"item\":\"https:\\\/\\\/balsamico.shop\\\/de\\\/shop\\\/\"},{\"@type\":\"ListItem\",\"position\":3,\"name\":\"Reiner Traubenmost-Balsamico \u2013 sirupartig ohne Zus\u00e4tze aus dem Holzfass\"}]},{\"@type\":\"WebSite\",\"@id\":\"https:\\\/\\\/balsamico.shop\\\/de\\\/#website\",\"url\":\"https:\\\/\\\/balsamico.shop\\\/de\\\/\",\"name\":\"Aceto Balsamico Shop\",\"description\":\"Shop f\u00fcr Balsamico aus Modena &amp; Reggio Emilia\",\"publisher\":{\"@id\":\"https:\\\/\\\/balsamico.shop\\\/de\\\/#organization\"},\"potentialAction\":[{\"@type\":\"SearchAction\",\"target\":{\"@type\":\"EntryPoint\",\"urlTemplate\":\"https:\\\/\\\/balsamico.shop\\\/de\\\/?s={search_term_string}\"},\"query-input\":{\"@type\":\"PropertyValueSpecification\",\"valueRequired\":true,\"valueName\":\"search_term_string\"}}],\"inLanguage\":\"de\"},{\"@type\":\"Organization\",\"@id\":\"https:\\\/\\\/balsamico.shop\\\/de\\\/#organization\",\"name\":\"Bernardo Tesori\",\"url\":\"https:\\\/\\\/balsamico.shop\\\/de\\\/\",\"logo\":{\"@type\":\"ImageObject\",\"inLanguage\":\"de\",\"@id\":\"https:\\\/\\\/balsamico.shop\\\/de\\\/#\\\/schema\\\/logo\\\/image\\\/\",\"url\":\"https:\\\/\\\/balsamico.shop\\\/de\\\/wp-content\\\/uploads\\\/2016\\\/04\\\/logo_bernardo.png\",\"contentUrl\":\"https:\\\/\\\/balsamico.shop\\\/de\\\/wp-content\\\/uploads\\\/2016\\\/04\\\/logo_bernardo.png\",\"width\":278,\"height\":466,\"caption\":\"Bernardo Tesori\"},\"image\":{\"@id\":\"https:\\\/\\\/balsamico.shop\\\/de\\\/#\\\/schema\\\/logo\\\/image\\\/\"}}]}<\/script>\n<!-- \/ Yoast SEO plugin. -->","yoast_head_json":{"title":"Reiner Traubenmost Balsamico - Riserva Nando von Cavalli 100 ml","description":"Probieren Sie einen traditionell hergestellten Balsamico aus Italien, welche ausschlie\u00dflich aus gekochtem Traubenmost und viel Zeit entsteht.","robots":{"index":"index","follow":"follow","max-snippet":"max-snippet:-1","max-image-preview":"max-image-preview:large","max-video-preview":"max-video-preview:-1"},"canonical":"https:\/\/balsamico.shop\/de\/produkt\/traubenmost-balsamico\/","schema":{"@context":"https:\/\/schema.org","@graph":[{"@type":"WebPage","@id":"https:\/\/balsamico.shop\/de\/produkt\/traubenmost-balsamico\/","url":"https:\/\/balsamico.shop\/de\/produkt\/traubenmost-balsamico\/","name":"Reiner Traubenmost Balsamico - Riserva Nando von Cavalli 100 ml","isPartOf":{"@id":"https:\/\/balsamico.shop\/de\/#website"},"primaryImageOfPage":{"@id":"https:\/\/balsamico.shop\/de\/produkt\/traubenmost-balsamico\/#primaryimage"},"image":{"@id":"https:\/\/balsamico.shop\/de\/produkt\/traubenmost-balsamico\/#primaryimage"},"thumbnailUrl":"https:\/\/balsamico.shop\/de\/wp-content\/uploads\/2018\/09\/riserva-nando-cavalli-traubenmost-reggioemila.jpg","datePublished":"2018-09-22T09:56:45+00:00","dateModified":"2026-05-04T12:16:58+00:00","description":"Probieren Sie einen traditionell hergestellten Balsamico aus Italien, welche ausschlie\u00dflich aus gekochtem Traubenmost und viel Zeit entsteht.","breadcrumb":{"@id":"https:\/\/balsamico.shop\/de\/produkt\/traubenmost-balsamico\/#breadcrumb"},"inLanguage":"de","potentialAction":[{"@type":"ReadAction","target":["https:\/\/balsamico.shop\/de\/produkt\/traubenmost-balsamico\/"]}]},{"@type":"ImageObject","inLanguage":"de","@id":"https:\/\/balsamico.shop\/de\/produkt\/traubenmost-balsamico\/#primaryimage","url":"https:\/\/balsamico.shop\/de\/wp-content\/uploads\/2018\/09\/riserva-nando-cavalli-traubenmost-reggioemila.jpg","contentUrl":"https:\/\/balsamico.shop\/de\/wp-content\/uploads\/2018\/09\/riserva-nando-cavalli-traubenmost-reggioemila.jpg","width":1600,"height":1872},{"@type":"BreadcrumbList","@id":"https:\/\/balsamico.shop\/de\/produkt\/traubenmost-balsamico\/#breadcrumb","itemListElement":[{"@type":"ListItem","position":1,"name":"Startseite","item":"https:\/\/balsamico.shop\/de\/"},{"@type":"ListItem","position":2,"name":"Aceto Balsamico Shop","item":"https:\/\/balsamico.shop\/de\/shop\/"},{"@type":"ListItem","position":3,"name":"Reiner Traubenmost-Balsamico \u2013 sirupartig ohne Zus\u00e4tze aus dem Holzfass"}]},{"@type":"WebSite","@id":"https:\/\/balsamico.shop\/de\/#website","url":"https:\/\/balsamico.shop\/de\/","name":"Aceto Balsamico Shop","description":"Shop f\u00fcr Balsamico aus Modena &amp; Reggio Emilia","publisher":{"@id":"https:\/\/balsamico.shop\/de\/#organization"},"potentialAction":[{"@type":"SearchAction","target":{"@type":"EntryPoint","urlTemplate":"https:\/\/balsamico.shop\/de\/?s={search_term_string}"},"query-input":{"@type":"PropertyValueSpecification","valueRequired":true,"valueName":"search_term_string"}}],"inLanguage":"de"},{"@type":"Organization","@id":"https:\/\/balsamico.shop\/de\/#organization","name":"Bernardo Tesori","url":"https:\/\/balsamico.shop\/de\/","logo":{"@type":"ImageObject","inLanguage":"de","@id":"https:\/\/balsamico.shop\/de\/#\/schema\/logo\/image\/","url":"https:\/\/balsamico.shop\/de\/wp-content\/uploads\/2016\/04\/logo_bernardo.png","contentUrl":"https:\/\/balsamico.shop\/de\/wp-content\/uploads\/2016\/04\/logo_bernardo.png","width":278,"height":466,"caption":"Bernardo Tesori"},"image":{"@id":"https:\/\/balsamico.shop\/de\/#\/schema\/logo\/image\/"}}]}},"_links":{"self":[{"href":"https:\/\/balsamico.shop\/de\/wp-json\/wp\/v2\/product\/1935","targetHints":{"allow":["GET"]}}],"collection":[{"href":"https:\/\/balsamico.shop\/de\/wp-json\/wp\/v2\/product"}],"about":[{"href":"https:\/\/balsamico.shop\/de\/wp-json\/wp\/v2\/types\/product"}],"wp:featuredmedia":[{"embeddable":true,"href":"https:\/\/balsamico.shop\/de\/wp-json\/wp\/v2\/media\/13939"}],"wp:attachment":[{"href":"https:\/\/balsamico.shop\/de\/wp-json\/wp\/v2\/media?parent=1935"}],"wp:term":[{"taxonomy":"product_brand","embeddable":true,"href":"https:\/\/balsamico.shop\/de\/wp-json\/wp\/v2\/product_brand?post=1935"},{"taxonomy":"product_cat","embeddable":true,"href":"https:\/\/balsamico.shop\/de\/wp-json\/wp\/v2\/product_cat?post=1935"},{"taxonomy":"product_tag","embeddable":true,"href":"https:\/\/balsamico.shop\/de\/wp-json\/wp\/v2\/product_tag?post=1935"}],"curies":[{"name":"wp","href":"https:\/\/api.w.org\/{rel}","templated":true}]}}