{"id":182,"date":"2016-04-28T21:38:05","date_gmt":"2016-04-28T19:38:05","guid":{"rendered":"https:\/\/de.aceto-balsamico-tradizionale.com\/?post_type=product&#038;p=182"},"modified":"2024-07-15T17:50:09","modified_gmt":"2024-07-15T15:50:09","slug":"aceto-balsamico-tradizionale-12-bompana","status":"publish","type":"product","link":"https:\/\/balsamico.shop\/de\/produkt\/aceto-balsamico-tradizionale-12-bompana\/","title":{"rendered":"Aceto Balsamico Tradizionale di Modena DOP 12+ Bompana \/ Antiche"},"content":{"rendered":"<p>Dieser Aceto Balsamico Tradizionale di Mondena DOP -12 Jahre &#8211; aus dem Hause Bompana geh\u00f6rt zu den Besten der Region Modena und wurde als besonderes Highlight im Fachbuch &#8222;Aceto Balsamico Tradizionale&#8220; von Dr. Rolf Merkle hervorgehoben. Die Acetaia Bompana geh\u00f6rt zu den traditionellen Essigwinzern der Region. Sie liegt im S\u00fcd-Osten von Modena. Sie erwerben ein reines Naturprodukt, welches aus 100% gekochtem Traubenmost und viel viel Geduld nach dem traditionellen Herstellungverfahren gefertigt wurde.<\/p>\n<p>Kr\u00e4ftige, braune Farbe, mit Ausgewogenheit von S\u00e4ure und s\u00fc\u00dflichen Aromen, s\u00e4mige, sirupartige Konsistenz, die ausgezeichnet zu Geb\u00e4ck und Eis passt. Er empfiehlt sich zu rohem oder gekochtem Gem\u00fcse, Salat, auf gef\u00fcllten Teigwaren wie Ravioli mit K\u00fcrbisf\u00fcllung oder Tortelloni mit Ricotta- und Spinatf\u00fcllung, gegrillten Speisen und Siedfleisch. Auch sehr einfache Speisen wie gekochte Eier oder Spiegeleier, Omeletts sowie\u00a0 Fischcarpaccio, luftgetrocknete Rohwurstwaren und kalte Vorspeisen aus Fleisch l\u00e4sst er zum Genuss werden. Bestens geeignet ist er jedes Mal dann, wenn ein Gericht einen gewissen &#8222;Pfiff&#8220; bekommen soll. Er ist imstande, seine Eigenschaften mit dem Geschmack der Speisen in Einklang zu bringen und diesen hervorzuheben, ohne ihn zu \u00fcberdecken.<\/p>\n<p>Aufbewahrung: Die Flasche nach Gebrauch verschlie\u00dfen und bei Raumtemperatur und niemals unter 10 \u00b0C aufbewahren. Nicht in Reichweite von Kaffee und Gew\u00fcrzaromen aufbewahren. Ein etwaiger Bodensatz ist nat\u00fcrlich.<\/p>\n<p>Zutaten: gekochter Traubenmost<\/p>\n<p>Hinweis: kann nat\u00fcrliche Sulfite enthalten.<\/p>\n<div id=\"attachment_183\" style=\"width: 310px\" class=\"wp-caption alignnone\"><img loading=\"lazy\" decoding=\"async\" aria-describedby=\"caption-attachment-183\" class=\"wp-image-183 size-medium\" src=\"https:\/\/balsamico.shop\/de\/wp-content\/uploads\/2016\/04\/bompana-indoor-e1491762105449-300x209.jpg\" alt=\"bompana-indoor\" width=\"300\" height=\"209\" srcset=\"https:\/\/balsamico.shop\/de\/wp-content\/uploads\/2016\/04\/bompana-indoor-e1491762105449-300x209.jpg 300w, https:\/\/balsamico.shop\/de\/wp-content\/uploads\/2016\/04\/bompana-indoor-e1491762105449-390x271.jpg 390w, https:\/\/balsamico.shop\/de\/wp-content\/uploads\/2016\/04\/bompana-indoor-e1491762105449-600x417.jpg 600w, https:\/\/balsamico.shop\/de\/wp-content\/uploads\/2016\/04\/bompana-indoor-e1491762105449.jpg 682w\" sizes=\"auto, (max-width: 300px) 100vw, 300px\" \/><p id=\"caption-attachment-183\" class=\"wp-caption-text\">Blick in den Verkaufsraum der Acetaia Bompana in San Donnino Rocco Marchese, roccomarchese.it<\/p><\/div>\n","protected":false},"excerpt":{"rendered":"<p>Dieser Aceto Balsamico Tradizionale di Mondena DOP -12 Jahre &#8211; aus dem Hause Bompana geh\u00f6rt zu den Besten der Region Modena und wurde als besonderes Highlight im Fachbuch &#8222;Aceto Balsamico Tradizionale&#8220; von Dr. Rolf Merkle hervorgehoben. Die Acetaia Bompana geh\u00f6rt zu den traditionellen Essigwinzern der Region. Sie liegt im S\u00fcd-Osten von Modena. Sie erwerben ein reines Naturprodukt, welches aus 100% gekochtem Traubenmost und viel viel Geduld nach dem traditionellen Herstellungverfahren gefertigt wurde. Kr\u00e4ftige, braune Farbe, mit Ausgewogenheit von S\u00e4ure und s\u00fc\u00dflichen Aromen, s\u00e4mige, sirupartige Konsistenz, die ausgezeichnet zu Geb\u00e4ck und Eis passt. Er empfiehlt sich zu rohem oder gekochtem Gem\u00fcse, Salat, auf gef\u00fcllten Teigwaren wie Ravioli mit K\u00fcrbisf\u00fcllung oder Tortelloni mit Ricotta- und Spinatf\u00fcllung, gegrillten Speisen und Siedfleisch. Auch sehr einfache Speisen wie gekochte Eier oder Spiegeleier, Omeletts sowie\u00a0 Fischcarpaccio, luftgetrocknete Rohwurstwaren und kalte Vorspeisen aus Fleisch l\u00e4sst er zum Genuss werden. Bestens geeignet ist er jedes Mal dann, wenn ein Gericht einen gewissen &#8222;Pfiff&#8220; bekommen soll. Er ist imstande, seine Eigenschaften mit dem Geschmack der Speisen in Einklang zu bringen und diesen hervorzuheben, ohne ihn zu \u00fcberdecken. Aufbewahrung: Die Flasche nach Gebrauch verschlie\u00dfen und bei Raumtemperatur und niemals unter 10 \u00b0C aufbewahren. Nicht in Reichweite von Kaffee und Gew\u00fcrzaromen aufbewahren. Ein etwaiger Bodensatz ist nat\u00fcrlich. Zutaten: gekochter Traubenmost Hinweis: kann nat\u00fcrliche Sulfite enthalten.<\/p>\n","protected":false},"featured_media":220,"template":"","meta":[],"product_brand":[],"product_cat":[24],"product_tag":[],"class_list":{"0":"post-182","1":"product","2":"type-product","3":"status-publish","4":"has-post-thumbnail","6":"product_cat-bompana","7":"product_shipping_class-ueber-100","9":"first","10":"outofstock","11":"taxable","12":"shipping-taxable","13":"purchasable","14":"product-type-simple"},"bundle_layout":"","bundled_by":[],"bundled_items":[],"yoast_head":"<!-- This site is optimized with the Yoast SEO plugin v27.3 - https:\/\/yoast.com\/product\/yoast-seo-wordpress\/ -->\n<title>Aceto Balsamico Tradizionale di Modena DOP 12+ Bompana \/ Antiche &#187; Aceto Balsamico Shop<\/title>\n<meta name=\"robots\" content=\"index, follow, max-snippet:-1, max-image-preview:large, max-video-preview:-1\" \/>\n<link rel=\"canonical\" href=\"https:\/\/balsamico.shop\/de\/produkt\/aceto-balsamico-tradizionale-12-bompana\/\" \/>\n<script type=\"application\/ld+json\" class=\"yoast-schema-graph\">{\"@context\":\"https:\\\/\\\/schema.org\",\"@graph\":[{\"@type\":\"ImageObject\",\"inLanguage\":\"de\",\"@id\":\"https:\\\/\\\/balsamico.shop\\\/de\\\/produkt\\\/aceto-balsamico-tradizionale-12-bompana\\\/#primaryimage\",\"url\":\"https:\\\/\\\/balsamico.shop\\\/de\\\/wp-content\\\/uploads\\\/2016\\\/04\\\/bompana-12-aceto-balsamico-tradizionale.jpg\",\"contentUrl\":\"https:\\\/\\\/balsamico.shop\\\/de\\\/wp-content\\\/uploads\\\/2016\\\/04\\\/bompana-12-aceto-balsamico-tradizionale.jpg\",\"width\":400,\"height\":520,\"caption\":\"Bompana 12 Jahre - Aceto Balsamico Tradizionale\"},{\"@type\":\"BreadcrumbList\",\"@id\":\"https:\\\/\\\/balsamico.shop\\\/de\\\/produkt\\\/aceto-balsamico-tradizionale-12-bompana\\\/#breadcrumb\",\"itemListElement\":[{\"@type\":\"ListItem\",\"position\":1,\"name\":\"Startseite\",\"item\":\"https:\\\/\\\/balsamico.shop\\\/de\\\/\"},{\"@type\":\"ListItem\",\"position\":2,\"name\":\"Aceto Balsamico Shop\",\"item\":\"https:\\\/\\\/balsamico.shop\\\/de\\\/shop\\\/\"},{\"@type\":\"ListItem\",\"position\":3,\"name\":\"Aceto Balsamico Tradizionale di Modena DOP 12+ Bompana \\\/ Antiche\"}]},{\"@type\":\"WebSite\",\"@id\":\"https:\\\/\\\/balsamico.shop\\\/de\\\/#website\",\"url\":\"https:\\\/\\\/balsamico.shop\\\/de\\\/\",\"name\":\"Aceto Balsamico Shop\",\"description\":\"Shop f\u00fcr Balsamico aus Modena &amp; Reggio Emilia\",\"publisher\":{\"@id\":\"https:\\\/\\\/balsamico.shop\\\/de\\\/#organization\"},\"potentialAction\":[{\"@type\":\"SearchAction\",\"target\":{\"@type\":\"EntryPoint\",\"urlTemplate\":\"https:\\\/\\\/balsamico.shop\\\/de\\\/?s={search_term_string}\"},\"query-input\":{\"@type\":\"PropertyValueSpecification\",\"valueRequired\":true,\"valueName\":\"search_term_string\"}}],\"inLanguage\":\"de\"},{\"@type\":\"Organization\",\"@id\":\"https:\\\/\\\/balsamico.shop\\\/de\\\/#organization\",\"name\":\"Bernardo Tesori\",\"url\":\"https:\\\/\\\/balsamico.shop\\\/de\\\/\",\"logo\":{\"@type\":\"ImageObject\",\"inLanguage\":\"de\",\"@id\":\"https:\\\/\\\/balsamico.shop\\\/de\\\/#\\\/schema\\\/logo\\\/image\\\/\",\"url\":\"https:\\\/\\\/balsamico.shop\\\/de\\\/wp-content\\\/uploads\\\/2016\\\/04\\\/logo_bernardo.png\",\"contentUrl\":\"https:\\\/\\\/balsamico.shop\\\/de\\\/wp-content\\\/uploads\\\/2016\\\/04\\\/logo_bernardo.png\",\"width\":278,\"height\":466,\"caption\":\"Bernardo Tesori\"},\"image\":{\"@id\":\"https:\\\/\\\/balsamico.shop\\\/de\\\/#\\\/schema\\\/logo\\\/image\\\/\"}}]}<\/script>\n<!-- \/ Yoast SEO plugin. -->","yoast_head_json":{"title":"Aceto Balsamico Tradizionale di Modena DOP 12+ Bompana \/ Antiche &#187; Aceto Balsamico Shop","robots":{"index":"index","follow":"follow","max-snippet":"max-snippet:-1","max-image-preview":"max-image-preview:large","max-video-preview":"max-video-preview:-1"},"canonical":"https:\/\/balsamico.shop\/de\/produkt\/aceto-balsamico-tradizionale-12-bompana\/","schema":{"@context":"https:\/\/schema.org","@graph":[{"@type":"ImageObject","inLanguage":"de","@id":"https:\/\/balsamico.shop\/de\/produkt\/aceto-balsamico-tradizionale-12-bompana\/#primaryimage","url":"https:\/\/balsamico.shop\/de\/wp-content\/uploads\/2016\/04\/bompana-12-aceto-balsamico-tradizionale.jpg","contentUrl":"https:\/\/balsamico.shop\/de\/wp-content\/uploads\/2016\/04\/bompana-12-aceto-balsamico-tradizionale.jpg","width":400,"height":520,"caption":"Bompana 12 Jahre - Aceto Balsamico Tradizionale"},{"@type":"BreadcrumbList","@id":"https:\/\/balsamico.shop\/de\/produkt\/aceto-balsamico-tradizionale-12-bompana\/#breadcrumb","itemListElement":[{"@type":"ListItem","position":1,"name":"Startseite","item":"https:\/\/balsamico.shop\/de\/"},{"@type":"ListItem","position":2,"name":"Aceto Balsamico Shop","item":"https:\/\/balsamico.shop\/de\/shop\/"},{"@type":"ListItem","position":3,"name":"Aceto Balsamico Tradizionale di Modena DOP 12+ Bompana \/ Antiche"}]},{"@type":"WebSite","@id":"https:\/\/balsamico.shop\/de\/#website","url":"https:\/\/balsamico.shop\/de\/","name":"Aceto Balsamico Shop","description":"Shop f\u00fcr Balsamico aus Modena &amp; Reggio Emilia","publisher":{"@id":"https:\/\/balsamico.shop\/de\/#organization"},"potentialAction":[{"@type":"SearchAction","target":{"@type":"EntryPoint","urlTemplate":"https:\/\/balsamico.shop\/de\/?s={search_term_string}"},"query-input":{"@type":"PropertyValueSpecification","valueRequired":true,"valueName":"search_term_string"}}],"inLanguage":"de"},{"@type":"Organization","@id":"https:\/\/balsamico.shop\/de\/#organization","name":"Bernardo Tesori","url":"https:\/\/balsamico.shop\/de\/","logo":{"@type":"ImageObject","inLanguage":"de","@id":"https:\/\/balsamico.shop\/de\/#\/schema\/logo\/image\/","url":"https:\/\/balsamico.shop\/de\/wp-content\/uploads\/2016\/04\/logo_bernardo.png","contentUrl":"https:\/\/balsamico.shop\/de\/wp-content\/uploads\/2016\/04\/logo_bernardo.png","width":278,"height":466,"caption":"Bernardo Tesori"},"image":{"@id":"https:\/\/balsamico.shop\/de\/#\/schema\/logo\/image\/"}}]}},"_links":{"self":[{"href":"https:\/\/balsamico.shop\/de\/wp-json\/wp\/v2\/product\/182","targetHints":{"allow":["GET"]}}],"collection":[{"href":"https:\/\/balsamico.shop\/de\/wp-json\/wp\/v2\/product"}],"about":[{"href":"https:\/\/balsamico.shop\/de\/wp-json\/wp\/v2\/types\/product"}],"wp:featuredmedia":[{"embeddable":true,"href":"https:\/\/balsamico.shop\/de\/wp-json\/wp\/v2\/media\/220"}],"wp:attachment":[{"href":"https:\/\/balsamico.shop\/de\/wp-json\/wp\/v2\/media?parent=182"}],"wp:term":[{"taxonomy":"product_brand","embeddable":true,"href":"https:\/\/balsamico.shop\/de\/wp-json\/wp\/v2\/product_brand?post=182"},{"taxonomy":"product_cat","embeddable":true,"href":"https:\/\/balsamico.shop\/de\/wp-json\/wp\/v2\/product_cat?post=182"},{"taxonomy":"product_tag","embeddable":true,"href":"https:\/\/balsamico.shop\/de\/wp-json\/wp\/v2\/product_tag?post=182"}],"curies":[{"name":"wp","href":"https:\/\/api.w.org\/{rel}","templated":true}]}}