{"id":1664,"date":"2018-07-07T19:07:33","date_gmt":"2018-07-07T17:07:33","guid":{"rendered":"https:\/\/balsamico.shop\/de\/?post_type=product&#038;p=1664"},"modified":"2026-04-13T20:04:43","modified_gmt":"2026-04-13T18:04:43","slug":"bernardo-tesori-gold-aceto-balsamico-tradizionale-di-modena-dop-extra-alt","status":"publish","type":"product","link":"https:\/\/balsamico.shop\/de\/produkt\/bernardo-tesori-gold-aceto-balsamico-tradizionale-di-modena-dop-extra-alt\/","title":{"rendered":"Bernardo Tesori \u2013 Gold \u2013 Aceto Balsamico Tradizionale di Modena D.O.P. ExtraVecchio"},"content":{"rendered":"<p>Unsere <strong>Sonderedition <\/strong>&#8211; der <strong>Bernardo Tesori Gold<\/strong>, ist ein <strong>Aceto Balsamico Tradizionale di Modena D.O.P.<\/strong> E<strong>xtravecchio\u00a0<\/strong>der Extraklasse. Wir, von Bernardo Tesori, verkosten unz\u00e4hlige traditionelle Balsamessige, nur sehr wenige davon schaffen es bei uns in den Shop. Unsere Gold-Serie kr\u00f6nt diese Auswahl und ehrt damit eine spezielle Abf\u00fcllung, welche von Jahr zu Jahr wechselt und die uns sowohl von der Konsistenz, vom Geruch und dem intensiven Geschmack \u00fcberzeugt hat. Wir lassen Sie an dieser einzigartigen Selektion teilhaben und verkaufen einen sehr begrenzten Teil dieser Serie auch hier im Shop.<\/p>\n<p><img loading=\"lazy\" decoding=\"async\" class=\"size-full wp-image-1765 alignright\" src=\"https:\/\/balsamico.shop\/de\/wp-content\/uploads\/2018\/07\/zeit-ist-geld.jpg\" alt=\"\" width=\"250\" height=\"183\" \/><img loading=\"lazy\" decoding=\"async\" class=\"size-full wp-image-1766 alignleft\" src=\"https:\/\/balsamico.shop\/de\/wp-content\/uploads\/2018\/07\/acetaia.jpg\" alt=\"\" width=\"250\" height=\"205\" \/>Zur Gold-Serie von Bernardo Tesori: Dieser hochwertige Balsamico reifte <strong>\u00fcber 25 Jahre<\/strong> in f\u00fcnf verschiedenen Holzf\u00e4ssern (Eiche, Kastanie, Esche, Kirsche &amp; Wacholder). Die Reben dieses \u00e4u\u00dferst gelungenen Balsamicos liegen ca. 15 km n\u00f6rdlich des Zentrums von Modena. In diesem ca. 25 Jahre gereiften Balsamico wurde die Traubensorten Trebbiano und Lambrusco verarbeitet.<\/p>\n<p>Unsere Verkostung ergab: Bei diesem Balsamico stimmte die gesamte Harmonie zwischen S\u00e4ure, Intensit\u00e4t und S\u00fc\u00dfe &#8211; die Ausgewogenheit und die f\u00fcr die Region und Traubenart typischen Geschmacksnoten sowie die uralten Fassbatterien \u00fcberzeugten uns in diesem Jahr. Mit einem Brix-Wert von \u00fcber 70 Punkten bietet dieser <strong>Aceto Balsamico Tradizionale di Modena D.O.P.<\/strong> die notwendige S\u00fc\u00dfe eines extra alten Balsamico und bringt dabei mit guten 4% eine typische S\u00e4ure auf den Punkt in die Geschmackswirkung. So muss ein <strong>Aceto Balsamico Tradizionale di Modena D.O.P.<\/strong><strong>\u00a0Extravecchio<\/strong> schmecken!<\/p>\n<p>Wir liefern unsere Gold-Serie in der originalen Flasche &amp; einer nachhaltigen Holz-Geschenkbox <strong>inklusive<\/strong> einem originalen <strong>Ausgie\u00dfer<\/strong>.<\/p>\n<p>Zutaten: 100% gekochter Traubenmost. Kann nat\u00fcrliche Sulfite enthalten.<\/p>\n","protected":false},"excerpt":{"rendered":"<p><strong>Aceto Balsamico Tradizionale di Modena extravecchio D.O.P.<\/strong> der Extraklasse. Dieser hochwertige Balsamico reifte <strong>\u00fcber 25 Jahre<\/strong> in f\u00fcnf verschiedenen Holzf\u00e4ssern (Eiche, Kastanie, Esche, Kirsche &amp; Wacholder). Bei diesem Balsamico stimmt die gesamte Harmonie zwischen S\u00e4ure, Intensit\u00e4t und S\u00fc\u00dfe. Mit einem Brix-Wert von \u00fcber 70 Punkten bietet dieser Aceto Balsamico Tradizionale D.O.P. die notwendige S\u00fc\u00dfe eines extra alten Balsamico und bringt dabei mit guten 4% eine typische S\u00e4ure auf den Punkt in die Geschmackswirkung. So muss ein <strong>Tradizionale Extravecchio<\/strong> schmecken! Zutaten: 100% gekochter Traubenmost. Kann nat\u00fcrliche Sulfite enthalten.<\/p>\n","protected":false},"featured_media":1665,"template":"","meta":[],"product_brand":[],"product_cat":[50],"product_tag":[58,60],"class_list":{"0":"post-1664","1":"product","2":"type-product","3":"status-publish","4":"has-post-thumbnail","6":"product_cat-bernardo-tesori","7":"product_tag-58","8":"product_tag-modena","9":"product_shipping_class-ueber-100","11":"first","12":"instock","13":"taxable","14":"shipping-taxable","15":"purchasable","16":"product-type-simple"},"bundle_layout":"","bundled_by":[],"bundled_items":[],"yoast_head":"<!-- This site is optimized with the Yoast SEO plugin v27.3 - https:\/\/yoast.com\/product\/yoast-seo-wordpress\/ -->\n<title>Aceto Balsamico Tradizionale di Modena DOP - extra alt - Bernardo Tesori<\/title>\n<meta name=\"description\" content=\"Die streng limitierte Gold-Edition 2021 ist das Ergebnis einer Auswahl aus mehr als 100 Verkostungen verschiedener Aceti Balsamci Tradizionali. Greifen Sie zu solange der Vorrat reicht.\" \/>\n<meta name=\"robots\" content=\"index, follow, max-snippet:-1, max-image-preview:large, max-video-preview:-1\" \/>\n<link rel=\"canonical\" href=\"https:\/\/balsamico.shop\/de\/produkt\/bernardo-tesori-gold-aceto-balsamico-tradizionale-di-modena-dop-extra-alt\/\" \/>\n<script type=\"application\/ld+json\" class=\"yoast-schema-graph\">{\"@context\":\"https:\\\/\\\/schema.org\",\"@graph\":[{\"@type\":\"ImageObject\",\"inLanguage\":\"de\",\"@id\":\"https:\\\/\\\/balsamico.shop\\\/de\\\/produkt\\\/bernardo-tesori-gold-aceto-balsamico-tradizionale-di-modena-dop-extra-alt\\\/#primaryimage\",\"url\":\"https:\\\/\\\/balsamico.shop\\\/de\\\/wp-content\\\/uploads\\\/2018\\\/06\\\/bernardo-tesori-aceto-balsamico-tradizionale-di-modena-gold.jpg\",\"contentUrl\":\"https:\\\/\\\/balsamico.shop\\\/de\\\/wp-content\\\/uploads\\\/2018\\\/06\\\/bernardo-tesori-aceto-balsamico-tradizionale-di-modena-gold.jpg\",\"width\":400,\"height\":520,\"caption\":\"Bernardo Tesori Aceto Balsamico Tradizionale di Modena DOP extravecchio - Gold\"},{\"@type\":\"BreadcrumbList\",\"@id\":\"https:\\\/\\\/balsamico.shop\\\/de\\\/produkt\\\/bernardo-tesori-gold-aceto-balsamico-tradizionale-di-modena-dop-extra-alt\\\/#breadcrumb\",\"itemListElement\":[{\"@type\":\"ListItem\",\"position\":1,\"name\":\"Startseite\",\"item\":\"https:\\\/\\\/balsamico.shop\\\/de\\\/\"},{\"@type\":\"ListItem\",\"position\":2,\"name\":\"Aceto Balsamico Shop\",\"item\":\"https:\\\/\\\/balsamico.shop\\\/de\\\/shop\\\/\"},{\"@type\":\"ListItem\",\"position\":3,\"name\":\"Bernardo Tesori \u2013 Gold \u2013 Aceto Balsamico Tradizionale di Modena D.O.P. ExtraVecchio\"}]},{\"@type\":\"WebSite\",\"@id\":\"https:\\\/\\\/balsamico.shop\\\/de\\\/#website\",\"url\":\"https:\\\/\\\/balsamico.shop\\\/de\\\/\",\"name\":\"Aceto Balsamico Shop\",\"description\":\"Shop f\u00fcr Balsamico aus Modena &amp; Reggio Emilia\",\"publisher\":{\"@id\":\"https:\\\/\\\/balsamico.shop\\\/de\\\/#organization\"},\"potentialAction\":[{\"@type\":\"SearchAction\",\"target\":{\"@type\":\"EntryPoint\",\"urlTemplate\":\"https:\\\/\\\/balsamico.shop\\\/de\\\/?s={search_term_string}\"},\"query-input\":{\"@type\":\"PropertyValueSpecification\",\"valueRequired\":true,\"valueName\":\"search_term_string\"}}],\"inLanguage\":\"de\"},{\"@type\":\"Organization\",\"@id\":\"https:\\\/\\\/balsamico.shop\\\/de\\\/#organization\",\"name\":\"Bernardo Tesori\",\"url\":\"https:\\\/\\\/balsamico.shop\\\/de\\\/\",\"logo\":{\"@type\":\"ImageObject\",\"inLanguage\":\"de\",\"@id\":\"https:\\\/\\\/balsamico.shop\\\/de\\\/#\\\/schema\\\/logo\\\/image\\\/\",\"url\":\"https:\\\/\\\/balsamico.shop\\\/de\\\/wp-content\\\/uploads\\\/2016\\\/04\\\/logo_bernardo.png\",\"contentUrl\":\"https:\\\/\\\/balsamico.shop\\\/de\\\/wp-content\\\/uploads\\\/2016\\\/04\\\/logo_bernardo.png\",\"width\":278,\"height\":466,\"caption\":\"Bernardo Tesori\"},\"image\":{\"@id\":\"https:\\\/\\\/balsamico.shop\\\/de\\\/#\\\/schema\\\/logo\\\/image\\\/\"}}]}<\/script>\n<!-- \/ Yoast SEO plugin. -->","yoast_head_json":{"title":"Aceto Balsamico Tradizionale di Modena DOP - extra alt - Bernardo Tesori","description":"Die streng limitierte Gold-Edition 2021 ist das Ergebnis einer Auswahl aus mehr als 100 Verkostungen verschiedener Aceti Balsamci Tradizionali. Greifen Sie zu solange der Vorrat reicht.","robots":{"index":"index","follow":"follow","max-snippet":"max-snippet:-1","max-image-preview":"max-image-preview:large","max-video-preview":"max-video-preview:-1"},"canonical":"https:\/\/balsamico.shop\/de\/produkt\/bernardo-tesori-gold-aceto-balsamico-tradizionale-di-modena-dop-extra-alt\/","schema":{"@context":"https:\/\/schema.org","@graph":[{"@type":"ImageObject","inLanguage":"de","@id":"https:\/\/balsamico.shop\/de\/produkt\/bernardo-tesori-gold-aceto-balsamico-tradizionale-di-modena-dop-extra-alt\/#primaryimage","url":"https:\/\/balsamico.shop\/de\/wp-content\/uploads\/2018\/06\/bernardo-tesori-aceto-balsamico-tradizionale-di-modena-gold.jpg","contentUrl":"https:\/\/balsamico.shop\/de\/wp-content\/uploads\/2018\/06\/bernardo-tesori-aceto-balsamico-tradizionale-di-modena-gold.jpg","width":400,"height":520,"caption":"Bernardo Tesori Aceto Balsamico Tradizionale di Modena DOP extravecchio - Gold"},{"@type":"BreadcrumbList","@id":"https:\/\/balsamico.shop\/de\/produkt\/bernardo-tesori-gold-aceto-balsamico-tradizionale-di-modena-dop-extra-alt\/#breadcrumb","itemListElement":[{"@type":"ListItem","position":1,"name":"Startseite","item":"https:\/\/balsamico.shop\/de\/"},{"@type":"ListItem","position":2,"name":"Aceto Balsamico Shop","item":"https:\/\/balsamico.shop\/de\/shop\/"},{"@type":"ListItem","position":3,"name":"Bernardo Tesori \u2013 Gold \u2013 Aceto Balsamico Tradizionale di Modena D.O.P. ExtraVecchio"}]},{"@type":"WebSite","@id":"https:\/\/balsamico.shop\/de\/#website","url":"https:\/\/balsamico.shop\/de\/","name":"Aceto Balsamico Shop","description":"Shop f\u00fcr Balsamico aus Modena &amp; Reggio Emilia","publisher":{"@id":"https:\/\/balsamico.shop\/de\/#organization"},"potentialAction":[{"@type":"SearchAction","target":{"@type":"EntryPoint","urlTemplate":"https:\/\/balsamico.shop\/de\/?s={search_term_string}"},"query-input":{"@type":"PropertyValueSpecification","valueRequired":true,"valueName":"search_term_string"}}],"inLanguage":"de"},{"@type":"Organization","@id":"https:\/\/balsamico.shop\/de\/#organization","name":"Bernardo Tesori","url":"https:\/\/balsamico.shop\/de\/","logo":{"@type":"ImageObject","inLanguage":"de","@id":"https:\/\/balsamico.shop\/de\/#\/schema\/logo\/image\/","url":"https:\/\/balsamico.shop\/de\/wp-content\/uploads\/2016\/04\/logo_bernardo.png","contentUrl":"https:\/\/balsamico.shop\/de\/wp-content\/uploads\/2016\/04\/logo_bernardo.png","width":278,"height":466,"caption":"Bernardo Tesori"},"image":{"@id":"https:\/\/balsamico.shop\/de\/#\/schema\/logo\/image\/"}}]}},"_links":{"self":[{"href":"https:\/\/balsamico.shop\/de\/wp-json\/wp\/v2\/product\/1664","targetHints":{"allow":["GET"]}}],"collection":[{"href":"https:\/\/balsamico.shop\/de\/wp-json\/wp\/v2\/product"}],"about":[{"href":"https:\/\/balsamico.shop\/de\/wp-json\/wp\/v2\/types\/product"}],"wp:featuredmedia":[{"embeddable":true,"href":"https:\/\/balsamico.shop\/de\/wp-json\/wp\/v2\/media\/1665"}],"wp:attachment":[{"href":"https:\/\/balsamico.shop\/de\/wp-json\/wp\/v2\/media?parent=1664"}],"wp:term":[{"taxonomy":"product_brand","embeddable":true,"href":"https:\/\/balsamico.shop\/de\/wp-json\/wp\/v2\/product_brand?post=1664"},{"taxonomy":"product_cat","embeddable":true,"href":"https:\/\/balsamico.shop\/de\/wp-json\/wp\/v2\/product_cat?post=1664"},{"taxonomy":"product_tag","embeddable":true,"href":"https:\/\/balsamico.shop\/de\/wp-json\/wp\/v2\/product_tag?post=1664"}],"curies":[{"name":"wp","href":"https:\/\/api.w.org\/{rel}","templated":true}]}}