{"id":15206,"date":"2023-11-21T11:56:13","date_gmt":"2023-11-21T10:56:13","guid":{"rendered":"https:\/\/balsamico.shop\/de\/?post_type=product&#038;p=15206"},"modified":"2024-07-15T17:15:06","modified_gmt":"2024-07-15T15:15:06","slug":"cucina-nobile-aceto-balsamico-di-modena-i-g-p-von-aldi","status":"publish","type":"product","link":"https:\/\/balsamico.shop\/de\/produkt\/cucina-nobile-aceto-balsamico-di-modena-i-g-p-von-aldi\/","title":{"rendered":"CUCINA NOBILE Aceto Balsamico di Modena I.G.P. von Aldi"},"content":{"rendered":"<p>&#8222;Cucina Nobile&#8220; von Aldi ist eine Eigenmarke, die eine breite Auswahl an Zutaten f\u00fcr italienische Gerichte, Aufschnitte und Feinkostprodukte bietet.<\/p>\n<p>Im Vergleich zu seiner gereiften Version (als &#8222;invecchiato&#8220; gekennzeichnet) hat der Aceto Balsamico di Modena I.G.P. Cucina Nobile von Aldi weniger Zeit in F\u00e4ssern verbracht, was sich auf den Geschmack auswirkt, der weniger komplex und stechender ist, da die S\u00e4ure weniger gut eingebunden ist.<\/p>\n<p>Optisch ist dieser Aceto Balsamico di Modena IGP sehr fl\u00fcssig, sodass er sich besser f\u00fcr die Zubereitung von Speisen oder zum Anrichten von Salaten eignet. Geschmacklich hat er eine sehr ausgepr\u00e4gte S\u00e4ure, die fast an die eines Rotweinessigs erinnert. Dies ist darauf zur\u00fcckzuf\u00fchren, dass Weinessig der Hauptbestandteil dieses Balsamico ist.<\/p>\n<p>Der Durchschnittspreis dieses Balsamico-Essigs liegt bei 1,69 (1 l = 3,38 \u20ac) und damit in der untersten Preisklasse der Balsamico-Essige.<\/p>\n<p>Es ist wichtig zu beachten, dass &#8222;billig&#8220; nicht unbedingt &#8222;schlechte Qualit\u00e4t&#8220; bedeutet. Auch g\u00fcnstigere Balsamico-Essige k\u00f6nnen durchaus angenehm und f\u00fcr viele kulinarische Anwendungen geeignet sein, insbesondere f\u00fcr allt\u00e4gliche Kochzwecke oder in Dressings und Marinaden, wo ihre charakteristischen Eigenschaften weniger hervorstechen m\u00fcssen. Vor allem zum Kochen ist es nicht ratsam, einen hochwertigen Aceto Balsamico zu verwenden, da sich beim Kochprozess die Geschmackseigenschaften ver\u00e4ndern.<\/p>\n","protected":false},"excerpt":{"rendered":"<p>&#8222;Cucina Nobile&#8220; von Aldi ist eine Eigenmarke, die eine breite Auswahl an Zutaten f\u00fcr italienische Gerichte, Aufschnitte und Feinkostprodukte bietet.<\/p>\n<p>Im Vergleich zu seiner gereiften Version (als &#8222;invecchiato&#8220; gekennzeichnet) hat der Aceto Balsamico di Modena I.G.P. Cucina Nobile von Aldi weniger Zeit in F\u00e4ssern verbracht, was sich auf den Geschmack auswirkt, der weniger komplex und leider etwas stechender ist, da die S\u00e4ure weniger gut eingebunden ist. Der Durchschnittspreis dieses Balsamico-Essigs liegt bei 1,69 (1 l = 3,38 \u20ac) und damit in der untersten Preisklasse der Balsamico-Essige.<\/p>\n<p>&nbsp;<\/p>\n","protected":false},"featured_media":15149,"template":"","meta":[],"product_brand":[],"product_cat":[186],"product_tag":[53],"class_list":{"0":"post-15206","1":"product","2":"type-product","3":"status-publish","4":"has-post-thumbnail","6":"product_cat-vorgestellt","7":"product_tag-extern","9":"first","10":"instock","11":"taxable","12":"shipping-taxable","13":"product-type-external"},"bundle_layout":"","bundled_by":[],"bundled_items":[],"yoast_head":"<!-- This site is optimized with the Yoast SEO plugin v27.3 - https:\/\/yoast.com\/product\/yoast-seo-wordpress\/ -->\n<title>CUCINA NOBILE Aceto Balsamico di Modena I.G.P. von Aldi &#187; Aceto Balsamico Shop<\/title>\n<meta name=\"description\" content=\"&quot;Cucina Nobile&quot; von Aldi ist eine Eigenmarke, die eine breite Auswahl an Zutaten f\u00fcr italienische Gerichte, Aufschnitte und Feinkostprodukte bietet.\u00a0Im Vergleich zu seiner gereiften Version (als &quot;invecchiato&quot; gekennzeichnet) hat der Aceto Balsamico di Modena I.G.P. Cucina Nobile von Aldi weniger Zeit in F\u00e4ssern verbracht, was sich auf den Geschmack auswirkt, der weniger komplex und stechender ist, da die S\u00e4ure weniger gut eingebunden ist.\u00a0Der Durchschnittspreis dieses Balsamico-Essigs liegt bei 1,69 (1 l = 3,38 \u20ac) und damit in der untersten Preisklasse der Balsamico-Essige.\" \/>\n<meta name=\"robots\" content=\"index, follow, max-snippet:-1, max-image-preview:large, max-video-preview:-1\" \/>\n<link rel=\"canonical\" href=\"https:\/\/balsamico.shop\/de\/produkt\/cucina-nobile-aceto-balsamico-di-modena-i-g-p-von-aldi\/\" \/>\n<script type=\"application\/ld+json\" class=\"yoast-schema-graph\">{\"@context\":\"https:\\\/\\\/schema.org\",\"@graph\":[{\"@type\":\"ImageObject\",\"inLanguage\":\"de\",\"@id\":\"https:\\\/\\\/balsamico.shop\\\/de\\\/produkt\\\/cucina-nobile-aceto-balsamico-di-modena-i-g-p-von-aldi\\\/#primaryimage\",\"url\":\"https:\\\/\\\/balsamico.shop\\\/de\\\/wp-content\\\/uploads\\\/2023\\\/11\\\/cucina-mobile-aldi-balsamico.jpg\",\"contentUrl\":\"https:\\\/\\\/balsamico.shop\\\/de\\\/wp-content\\\/uploads\\\/2023\\\/11\\\/cucina-mobile-aldi-balsamico.jpg\",\"width\":1600,\"height\":1872,\"caption\":\"Aceto Balsamico di Modena I.G.P. Cucina Nobile\\\" von Aldi\"},{\"@type\":\"BreadcrumbList\",\"@id\":\"https:\\\/\\\/balsamico.shop\\\/de\\\/produkt\\\/cucina-nobile-aceto-balsamico-di-modena-i-g-p-von-aldi\\\/#breadcrumb\",\"itemListElement\":[{\"@type\":\"ListItem\",\"position\":1,\"name\":\"Startseite\",\"item\":\"https:\\\/\\\/balsamico.shop\\\/de\\\/\"},{\"@type\":\"ListItem\",\"position\":2,\"name\":\"Aceto Balsamico Shop\",\"item\":\"https:\\\/\\\/balsamico.shop\\\/de\\\/shop\\\/\"},{\"@type\":\"ListItem\",\"position\":3,\"name\":\"CUCINA NOBILE Aceto Balsamico di Modena I.G.P. von Aldi\"}]},{\"@type\":\"WebSite\",\"@id\":\"https:\\\/\\\/balsamico.shop\\\/de\\\/#website\",\"url\":\"https:\\\/\\\/balsamico.shop\\\/de\\\/\",\"name\":\"Aceto Balsamico Shop\",\"description\":\"Shop f\u00fcr Balsamico aus Modena &amp; Reggio Emilia\",\"publisher\":{\"@id\":\"https:\\\/\\\/balsamico.shop\\\/de\\\/#organization\"},\"potentialAction\":[{\"@type\":\"SearchAction\",\"target\":{\"@type\":\"EntryPoint\",\"urlTemplate\":\"https:\\\/\\\/balsamico.shop\\\/de\\\/?s={search_term_string}\"},\"query-input\":{\"@type\":\"PropertyValueSpecification\",\"valueRequired\":true,\"valueName\":\"search_term_string\"}}],\"inLanguage\":\"de\"},{\"@type\":\"Organization\",\"@id\":\"https:\\\/\\\/balsamico.shop\\\/de\\\/#organization\",\"name\":\"Bernardo Tesori\",\"url\":\"https:\\\/\\\/balsamico.shop\\\/de\\\/\",\"logo\":{\"@type\":\"ImageObject\",\"inLanguage\":\"de\",\"@id\":\"https:\\\/\\\/balsamico.shop\\\/de\\\/#\\\/schema\\\/logo\\\/image\\\/\",\"url\":\"https:\\\/\\\/balsamico.shop\\\/de\\\/wp-content\\\/uploads\\\/2016\\\/04\\\/logo_bernardo.png\",\"contentUrl\":\"https:\\\/\\\/balsamico.shop\\\/de\\\/wp-content\\\/uploads\\\/2016\\\/04\\\/logo_bernardo.png\",\"width\":278,\"height\":466,\"caption\":\"Bernardo Tesori\"},\"image\":{\"@id\":\"https:\\\/\\\/balsamico.shop\\\/de\\\/#\\\/schema\\\/logo\\\/image\\\/\"}}]}<\/script>\n<!-- \/ Yoast SEO plugin. -->","yoast_head_json":{"title":"CUCINA NOBILE Aceto Balsamico di Modena I.G.P. von Aldi &#187; Aceto Balsamico Shop","description":"\"Cucina Nobile\" von Aldi ist eine Eigenmarke, die eine breite Auswahl an Zutaten f\u00fcr italienische Gerichte, Aufschnitte und Feinkostprodukte bietet.\u00a0Im Vergleich zu seiner gereiften Version (als \"invecchiato\" gekennzeichnet) hat der Aceto Balsamico di Modena I.G.P. Cucina Nobile von Aldi weniger Zeit in F\u00e4ssern verbracht, was sich auf den Geschmack auswirkt, der weniger komplex und stechender ist, da die S\u00e4ure weniger gut eingebunden ist.\u00a0Der Durchschnittspreis dieses Balsamico-Essigs liegt bei 1,69 (1 l = 3,38 \u20ac) und damit in der untersten Preisklasse der Balsamico-Essige.","robots":{"index":"index","follow":"follow","max-snippet":"max-snippet:-1","max-image-preview":"max-image-preview:large","max-video-preview":"max-video-preview:-1"},"canonical":"https:\/\/balsamico.shop\/de\/produkt\/cucina-nobile-aceto-balsamico-di-modena-i-g-p-von-aldi\/","schema":{"@context":"https:\/\/schema.org","@graph":[{"@type":"ImageObject","inLanguage":"de","@id":"https:\/\/balsamico.shop\/de\/produkt\/cucina-nobile-aceto-balsamico-di-modena-i-g-p-von-aldi\/#primaryimage","url":"https:\/\/balsamico.shop\/de\/wp-content\/uploads\/2023\/11\/cucina-mobile-aldi-balsamico.jpg","contentUrl":"https:\/\/balsamico.shop\/de\/wp-content\/uploads\/2023\/11\/cucina-mobile-aldi-balsamico.jpg","width":1600,"height":1872,"caption":"Aceto Balsamico di Modena I.G.P. Cucina Nobile\" von Aldi"},{"@type":"BreadcrumbList","@id":"https:\/\/balsamico.shop\/de\/produkt\/cucina-nobile-aceto-balsamico-di-modena-i-g-p-von-aldi\/#breadcrumb","itemListElement":[{"@type":"ListItem","position":1,"name":"Startseite","item":"https:\/\/balsamico.shop\/de\/"},{"@type":"ListItem","position":2,"name":"Aceto Balsamico Shop","item":"https:\/\/balsamico.shop\/de\/shop\/"},{"@type":"ListItem","position":3,"name":"CUCINA NOBILE Aceto Balsamico di Modena I.G.P. von Aldi"}]},{"@type":"WebSite","@id":"https:\/\/balsamico.shop\/de\/#website","url":"https:\/\/balsamico.shop\/de\/","name":"Aceto Balsamico Shop","description":"Shop f\u00fcr Balsamico aus Modena &amp; Reggio Emilia","publisher":{"@id":"https:\/\/balsamico.shop\/de\/#organization"},"potentialAction":[{"@type":"SearchAction","target":{"@type":"EntryPoint","urlTemplate":"https:\/\/balsamico.shop\/de\/?s={search_term_string}"},"query-input":{"@type":"PropertyValueSpecification","valueRequired":true,"valueName":"search_term_string"}}],"inLanguage":"de"},{"@type":"Organization","@id":"https:\/\/balsamico.shop\/de\/#organization","name":"Bernardo Tesori","url":"https:\/\/balsamico.shop\/de\/","logo":{"@type":"ImageObject","inLanguage":"de","@id":"https:\/\/balsamico.shop\/de\/#\/schema\/logo\/image\/","url":"https:\/\/balsamico.shop\/de\/wp-content\/uploads\/2016\/04\/logo_bernardo.png","contentUrl":"https:\/\/balsamico.shop\/de\/wp-content\/uploads\/2016\/04\/logo_bernardo.png","width":278,"height":466,"caption":"Bernardo Tesori"},"image":{"@id":"https:\/\/balsamico.shop\/de\/#\/schema\/logo\/image\/"}}]}},"_links":{"self":[{"href":"https:\/\/balsamico.shop\/de\/wp-json\/wp\/v2\/product\/15206","targetHints":{"allow":["GET"]}}],"collection":[{"href":"https:\/\/balsamico.shop\/de\/wp-json\/wp\/v2\/product"}],"about":[{"href":"https:\/\/balsamico.shop\/de\/wp-json\/wp\/v2\/types\/product"}],"wp:featuredmedia":[{"embeddable":true,"href":"https:\/\/balsamico.shop\/de\/wp-json\/wp\/v2\/media\/15149"}],"wp:attachment":[{"href":"https:\/\/balsamico.shop\/de\/wp-json\/wp\/v2\/media?parent=15206"}],"wp:term":[{"taxonomy":"product_brand","embeddable":true,"href":"https:\/\/balsamico.shop\/de\/wp-json\/wp\/v2\/product_brand?post=15206"},{"taxonomy":"product_cat","embeddable":true,"href":"https:\/\/balsamico.shop\/de\/wp-json\/wp\/v2\/product_cat?post=15206"},{"taxonomy":"product_tag","embeddable":true,"href":"https:\/\/balsamico.shop\/de\/wp-json\/wp\/v2\/product_tag?post=15206"}],"curies":[{"name":"wp","href":"https:\/\/api.w.org\/{rel}","templated":true}]}}