{"id":15200,"date":"2023-11-20T18:28:50","date_gmt":"2023-11-20T17:28:50","guid":{"rendered":"https:\/\/balsamico.shop\/de\/?post_type=product&#038;p=15200"},"modified":"2024-07-15T17:15:40","modified_gmt":"2024-07-15T15:15:40","slug":"mazzetti-aceto-balsamico-di-modena-500-ml","status":"publish","type":"product","link":"https:\/\/balsamico.shop\/de\/produkt\/mazzetti-aceto-balsamico-di-modena-500-ml\/","title":{"rendered":"Mazzetti Aceto Balsamico di Modena 500 ml"},"content":{"rendered":"<p>Das <em>Produkt Mazzetti Aceto Balsamico di Modena IGP Tino Tipico<\/em> z\u00e4hlt zu den Kernprodukten der Marke Mazzetti. Er ist das, was Mazzetti einen &#8222;Allesk\u00f6nner&#8220; nennt, ein Balsamico f\u00fcr alle Gelegenheiten. Dies erkl\u00e4rt auch die Wahl der 500ml-Flaschen, die f\u00fcr den t\u00e4glichen Gebrauch in der K\u00fcche gedacht sind.<\/p>\n<p>Der <em>Aceto Balsamico di Modena IGP <\/em><em>Tino Tipico<\/em> ist das Basisprodukt der Acetaia Mazzetti und weist nur ein &#8220;Weinblatt&#8220; auf, die erste Stufe im Punktesystem, das die Acetaia f\u00fcr ihre Produkte verwendet. Es ist ein sehr junges Produkt mit einer Reifezeit von nur 2 Monaten. Die f\u00fcr dieses Produkt verwendeten Trauben sind Lambrusco und Trebbiano.<\/p>\n<p>Zutaten: Weinessig, eingekochter Traubenmost, konzentrierter Traubenmost, E150d (Farbstoff), Antioxidationsmittel Schwefeldioxid.<\/p>\n<p>Unserer Meinung nach ist dieser Balsamico nicht f\u00fcr alle Gelegenheiten geeignet, aber er kann ein vielseitiger Verb\u00fcndeter in der K\u00fcche sein, z.B. f\u00fcr Saucen, Salatdressings oder Marinaden. Aufgrund seiner etwas stechenden S\u00e4ure und seiner d\u00fcnnfl\u00fcssigen Konsistenz eignet er sich weniger als Prim\u00e4rzutat und ist daher f\u00fcr einen klassischen Tomate-Mozzarella-Salat nicht zu empfehlen.<\/p>\n<h4><strong>Die Acetaia Mazzetti<\/strong><\/h4>\n<p>Franco Mazzetti f\u00fchrte die Begeisterung f\u00fcr Aceto Balsamico di Modena seines Vaters fort und begann unter dem Namen &#8222;Mazzetti L&#8217;Originale&#8220; mit der Produktion auf einem kleinen Dachboden. Francos Sohn Cesare baute in den 1970er Jahren die moderne Produktionsst\u00e4tte in Cavezzo auf, und durch die hohe Qualit\u00e4t ihrer Produkte wurde &#8222;Mazzetti L&#8217;Originale&#8220; zu einer weltweit bekannten Marke. Heute wird die Acetaia, die f\u00fcr ihre Tradition und Handwerkskunst steht, von der siebten Generation der Familie Mazzetti geleitet.<\/p>\n","protected":false},"excerpt":{"rendered":"<p>Das Produkt Mazzetti Aceto Balsamico di Modena IGP Tino Tipico z\u00e4hlt zu den Kernprodukten der Marke Mazzetti. Er ist das, was Mazzetti einen &#8222;Allesk\u00f6nner&#8220; nennt, ein Balsamico f\u00fcr alle Gelegenheiten. Dies erkl\u00e4rt auch die Wahl der 500ml-Flaschen, die f\u00fcr den t\u00e4glichen Gebrauch in der K\u00fcche gedacht sind. Der Aceto Balsamico di Modena IGP Tino Tipico ist das Basisprodukt der Acetaia Mazzetti und weist nur ein &#8220;Weinblatt&#8220; auf, die erste Stufe im Punktesystem, das die Acetaia f\u00fcr ihre Produkte verwendet. Es ist ein sehr junges Produkt mit einer Reifezeit von nur 2 Monaten. Die f\u00fcr dieses Produkt verwendeten Trauben sind Lambrusco und Trebbiano. Zutaten: Weinessig, eingekochter Traubenmost, konzentrierter Traubenmost, E150d (Farbstoff), Antioxidationsmittel Schwefeldioxid. Unserer Meinung nach ist dieser Balsamico nicht f\u00fcr alle Gelegenheiten geeignet, aber er kann ein vielseitiger Verb\u00fcndeter in der K\u00fcche sein, z.B. f\u00fcr Saucen, Salatdressings oder Marinaden. Aufgrund seiner etwas stechenden S\u00e4ure und seiner d\u00fcnnfl\u00fcssigen Konsistenz eignet er sich weniger als Prim\u00e4rzutat und ist daher f\u00fcr einen klassischen Tomate-Mozzarella-Salat nicht zu empfehlen. Die Acetaia Mazzetti Franco Mazzetti f\u00fchrte die Begeisterung f\u00fcr Aceto Balsamico di Modena seines Vaters fort und begann unter dem Namen &#8222;Mazzetti L&#8217;Originale&#8220; mit der Produktion auf einem kleinen Dachboden. Francos Sohn Cesare baute in den 1970er Jahren die moderne Produktionsst\u00e4tte in Cavezzo auf, und durch die hohe Qualit\u00e4t ihrer Produkte wurde &#8222;Mazzetti L&#8217;Originale&#8220; zu einer weltweit bekannten Marke. Heute wird die Acetaia, die f\u00fcr ihre Tradition und Handwerkskunst steht, von der siebten Generation der Familie Mazzetti geleitet.<\/p>\n","protected":false},"featured_media":15896,"template":"","meta":[],"product_brand":[],"product_cat":[186],"product_tag":[53],"class_list":{"0":"post-15200","1":"product","2":"type-product","3":"status-publish","4":"has-post-thumbnail","6":"product_cat-vorgestellt","7":"product_tag-extern","9":"first","10":"instock","11":"taxable","12":"shipping-taxable","13":"product-type-external"},"bundle_layout":"","bundled_by":[],"bundled_items":[],"yoast_head":"<!-- This site is optimized with the Yoast SEO plugin v27.3 - https:\/\/yoast.com\/product\/yoast-seo-wordpress\/ -->\n<title>Mazzetti Aceto Balsamico di Modena 500 ml &#187; Aceto Balsamico Shop<\/title>\n<meta name=\"description\" content=\"Das Produkt Mazzetti Aceto Balsamico di Modena IGP Barrique Speciale &quot;4 Siegel&quot; Qualit\u00e4t von Mazzetti reift \u00fcber mehrere Monate in F\u00e4ssern aus Eiche, Kirsche und Kastanie und wird haupts\u00e4chlich aus erstklassigem Traubenmostkonzentrat der Sorten Lambrusco und Trebbiano gewonnen.\" \/>\n<meta name=\"robots\" content=\"index, follow, max-snippet:-1, max-image-preview:large, max-video-preview:-1\" \/>\n<link rel=\"canonical\" href=\"https:\/\/balsamico.shop\/de\/produkt\/mazzetti-aceto-balsamico-di-modena-500-ml\/\" \/>\n<script type=\"application\/ld+json\" class=\"yoast-schema-graph\">{\"@context\":\"https:\\\/\\\/schema.org\",\"@graph\":[{\"@type\":\"ImageObject\",\"inLanguage\":\"de\",\"@id\":\"https:\\\/\\\/balsamico.shop\\\/de\\\/produkt\\\/mazzetti-aceto-balsamico-di-modena-500-ml\\\/#primaryimage\",\"url\":\"https:\\\/\\\/balsamico.shop\\\/de\\\/wp-content\\\/uploads\\\/2023\\\/11\\\/Mazzetti-Aceto-Balsamico-IGP-500-ml.jpg\",\"contentUrl\":\"https:\\\/\\\/balsamico.shop\\\/de\\\/wp-content\\\/uploads\\\/2023\\\/11\\\/Mazzetti-Aceto-Balsamico-IGP-500-ml.jpg\",\"width\":1000,\"height\":854,\"caption\":\"Mazzetti Aceto Balsamico di Modena IGP 500 ml\"},{\"@type\":\"BreadcrumbList\",\"@id\":\"https:\\\/\\\/balsamico.shop\\\/de\\\/produkt\\\/mazzetti-aceto-balsamico-di-modena-500-ml\\\/#breadcrumb\",\"itemListElement\":[{\"@type\":\"ListItem\",\"position\":1,\"name\":\"Startseite\",\"item\":\"https:\\\/\\\/balsamico.shop\\\/de\\\/\"},{\"@type\":\"ListItem\",\"position\":2,\"name\":\"Aceto Balsamico Shop\",\"item\":\"https:\\\/\\\/balsamico.shop\\\/de\\\/shop\\\/\"},{\"@type\":\"ListItem\",\"position\":3,\"name\":\"Mazzetti Aceto Balsamico di Modena 500 ml\"}]},{\"@type\":\"WebSite\",\"@id\":\"https:\\\/\\\/balsamico.shop\\\/de\\\/#website\",\"url\":\"https:\\\/\\\/balsamico.shop\\\/de\\\/\",\"name\":\"Aceto Balsamico Shop\",\"description\":\"Shop f\u00fcr Balsamico aus Modena &amp; Reggio Emilia\",\"publisher\":{\"@id\":\"https:\\\/\\\/balsamico.shop\\\/de\\\/#organization\"},\"potentialAction\":[{\"@type\":\"SearchAction\",\"target\":{\"@type\":\"EntryPoint\",\"urlTemplate\":\"https:\\\/\\\/balsamico.shop\\\/de\\\/?s={search_term_string}\"},\"query-input\":{\"@type\":\"PropertyValueSpecification\",\"valueRequired\":true,\"valueName\":\"search_term_string\"}}],\"inLanguage\":\"de\"},{\"@type\":\"Organization\",\"@id\":\"https:\\\/\\\/balsamico.shop\\\/de\\\/#organization\",\"name\":\"Bernardo Tesori\",\"url\":\"https:\\\/\\\/balsamico.shop\\\/de\\\/\",\"logo\":{\"@type\":\"ImageObject\",\"inLanguage\":\"de\",\"@id\":\"https:\\\/\\\/balsamico.shop\\\/de\\\/#\\\/schema\\\/logo\\\/image\\\/\",\"url\":\"https:\\\/\\\/balsamico.shop\\\/de\\\/wp-content\\\/uploads\\\/2016\\\/04\\\/logo_bernardo.png\",\"contentUrl\":\"https:\\\/\\\/balsamico.shop\\\/de\\\/wp-content\\\/uploads\\\/2016\\\/04\\\/logo_bernardo.png\",\"width\":278,\"height\":466,\"caption\":\"Bernardo Tesori\"},\"image\":{\"@id\":\"https:\\\/\\\/balsamico.shop\\\/de\\\/#\\\/schema\\\/logo\\\/image\\\/\"}}]}<\/script>\n<!-- \/ Yoast SEO plugin. -->","yoast_head_json":{"title":"Mazzetti Aceto Balsamico di Modena 500 ml &#187; Aceto Balsamico Shop","description":"Das Produkt Mazzetti Aceto Balsamico di Modena IGP Barrique Speciale \"4 Siegel\" Qualit\u00e4t von Mazzetti reift \u00fcber mehrere Monate in F\u00e4ssern aus Eiche, Kirsche und Kastanie und wird haupts\u00e4chlich aus erstklassigem Traubenmostkonzentrat der Sorten Lambrusco und Trebbiano gewonnen.","robots":{"index":"index","follow":"follow","max-snippet":"max-snippet:-1","max-image-preview":"max-image-preview:large","max-video-preview":"max-video-preview:-1"},"canonical":"https:\/\/balsamico.shop\/de\/produkt\/mazzetti-aceto-balsamico-di-modena-500-ml\/","schema":{"@context":"https:\/\/schema.org","@graph":[{"@type":"ImageObject","inLanguage":"de","@id":"https:\/\/balsamico.shop\/de\/produkt\/mazzetti-aceto-balsamico-di-modena-500-ml\/#primaryimage","url":"https:\/\/balsamico.shop\/de\/wp-content\/uploads\/2023\/11\/Mazzetti-Aceto-Balsamico-IGP-500-ml.jpg","contentUrl":"https:\/\/balsamico.shop\/de\/wp-content\/uploads\/2023\/11\/Mazzetti-Aceto-Balsamico-IGP-500-ml.jpg","width":1000,"height":854,"caption":"Mazzetti Aceto Balsamico di Modena IGP 500 ml"},{"@type":"BreadcrumbList","@id":"https:\/\/balsamico.shop\/de\/produkt\/mazzetti-aceto-balsamico-di-modena-500-ml\/#breadcrumb","itemListElement":[{"@type":"ListItem","position":1,"name":"Startseite","item":"https:\/\/balsamico.shop\/de\/"},{"@type":"ListItem","position":2,"name":"Aceto Balsamico Shop","item":"https:\/\/balsamico.shop\/de\/shop\/"},{"@type":"ListItem","position":3,"name":"Mazzetti Aceto Balsamico di Modena 500 ml"}]},{"@type":"WebSite","@id":"https:\/\/balsamico.shop\/de\/#website","url":"https:\/\/balsamico.shop\/de\/","name":"Aceto Balsamico Shop","description":"Shop f\u00fcr Balsamico aus Modena &amp; Reggio Emilia","publisher":{"@id":"https:\/\/balsamico.shop\/de\/#organization"},"potentialAction":[{"@type":"SearchAction","target":{"@type":"EntryPoint","urlTemplate":"https:\/\/balsamico.shop\/de\/?s={search_term_string}"},"query-input":{"@type":"PropertyValueSpecification","valueRequired":true,"valueName":"search_term_string"}}],"inLanguage":"de"},{"@type":"Organization","@id":"https:\/\/balsamico.shop\/de\/#organization","name":"Bernardo Tesori","url":"https:\/\/balsamico.shop\/de\/","logo":{"@type":"ImageObject","inLanguage":"de","@id":"https:\/\/balsamico.shop\/de\/#\/schema\/logo\/image\/","url":"https:\/\/balsamico.shop\/de\/wp-content\/uploads\/2016\/04\/logo_bernardo.png","contentUrl":"https:\/\/balsamico.shop\/de\/wp-content\/uploads\/2016\/04\/logo_bernardo.png","width":278,"height":466,"caption":"Bernardo Tesori"},"image":{"@id":"https:\/\/balsamico.shop\/de\/#\/schema\/logo\/image\/"}}]}},"_links":{"self":[{"href":"https:\/\/balsamico.shop\/de\/wp-json\/wp\/v2\/product\/15200","targetHints":{"allow":["GET"]}}],"collection":[{"href":"https:\/\/balsamico.shop\/de\/wp-json\/wp\/v2\/product"}],"about":[{"href":"https:\/\/balsamico.shop\/de\/wp-json\/wp\/v2\/types\/product"}],"wp:featuredmedia":[{"embeddable":true,"href":"https:\/\/balsamico.shop\/de\/wp-json\/wp\/v2\/media\/15896"}],"wp:attachment":[{"href":"https:\/\/balsamico.shop\/de\/wp-json\/wp\/v2\/media?parent=15200"}],"wp:term":[{"taxonomy":"product_brand","embeddable":true,"href":"https:\/\/balsamico.shop\/de\/wp-json\/wp\/v2\/product_brand?post=15200"},{"taxonomy":"product_cat","embeddable":true,"href":"https:\/\/balsamico.shop\/de\/wp-json\/wp\/v2\/product_cat?post=15200"},{"taxonomy":"product_tag","embeddable":true,"href":"https:\/\/balsamico.shop\/de\/wp-json\/wp\/v2\/product_tag?post=15200"}],"curies":[{"name":"wp","href":"https:\/\/api.w.org\/{rel}","templated":true}]}}