{"id":15197,"date":"2023-11-20T17:28:02","date_gmt":"2023-11-20T16:28:02","guid":{"rendered":"https:\/\/balsamico.shop\/de\/?post_type=product&#038;p=15197"},"modified":"2024-07-30T10:04:09","modified_gmt":"2024-07-30T08:04:09","slug":"mazzetti-condimento-bianco-500-ml","status":"publish","type":"product","link":"https:\/\/balsamico.shop\/de\/produkt\/mazzetti-condimento-bianco-500-ml\/","title":{"rendered":"Mazzetti Condimento Bianco, 500 ml"},"content":{"rendered":"<p>Das Produkt &#8222;Mazzetti Condimento Bianco, 500 ml&#8220; ist ein wei\u00dfer Balsamico-Essig, der sich durch seine s\u00fc\u00df-s\u00e4uerliche, erfrischende Note auszeichnet. In einer 500-ml-Flasche abgef\u00fcllt, bietet dieser wei\u00dfe Balsamico eine klare, helle Alternative zum traditionellen dunklen Balsamico-Essig.<\/p>\n<p>Seine helle Farbe macht ihn zu einer bevorzugten Wahl f\u00fcr die Verwendung in hellen So\u00dfen, Dressings f\u00fcr helle Salate und in Gerichten, bei denen die Farbe des Essigs eine Rolle spielt.<\/p>\n<blockquote><p>Um eine so klare und transparente Farbe zu erhalten, ist es nicht verwunderlich, dass konzentrierter Traubenmost anstelle des nat\u00fcrlicheren und qualitativ besseren, aber dunkleren gekochten Traubenmostes verwendet wird.<\/p><\/blockquote>\n<p>Die 500-ml-Flasche ist praktisch f\u00fcr den regelm\u00e4\u00dfigen Gebrauch. Mit einem <strong>S\u00e4uregehalt von 5,5 %<\/strong> ist er auch f\u00fcr die Verwendung in Marinaden und So\u00dfen bestens geeignet. Aufgrund des intensiven Geschmacks und der sehr fl\u00fcssigen Konsistenz w\u00fcrden wir von der puren Verwendung dieses Produktes auf Lebensmitteln eher abraten. Dieses Produkt eignet sich am besten als s\u00fc\u00dfere Alternative zum \u00fcblichen Wei\u00dfweinessig.<\/p>\n<p>Die Stiftung Warentest beschreibt dieses Produkt als ein Condimento mit \u201eeingebundener S\u00e4ure und ausgewogener S\u00fc\u00dfe\u201c (Stiftung Warentest 2010).<\/p>\n<blockquote><p>Unserer Meinung nach ist die S\u00e4ure nicht besonders gut eingebunden, was aber auch damit zusammenh\u00e4ngt, dass es sich um ein sehr junges Produkt handelt, das nur kurz oder vielleicht gar nicht in Holzf\u00e4ssern gelagert wurde.<\/p>\n<p>Wei\u00dfe Balsamico-Essige, die in Italien ausschlie\u00dflich als <em>Condimento<\/em> und nicht als Aceto Balsamico bezeichnet werden d\u00fcrfen, werden in der Regel nicht in Holzf\u00e4ssern gelagert, um zu verhindern, dass sich ihre klare, klare Farbe verdunkelt. Dies hat nat\u00fcrlich Auswirkungen auf den Gesamtgeschmack des wei\u00dfen Balsamico, der weniger komplex und weniger intensiv ist.<\/p><\/blockquote>\n<p>Dieser wei\u00dfe Balsamico enth\u00e4lt <strong>Wei\u00dfweinessig, konzentrierten wei\u00dfen Traubenmost und als Antioxidationsmittel Schwefeldioxid<\/strong>. Das Produkt enth\u00e4lt Sulfite.<\/p>\n<p>Wenn Sie mehr dar\u00fcber wissen m\u00f6chten, lesen Sie unseren Artikel zum <a href=\"https:\/\/balsamico.shop\/de\/weisser-balsamico-essig\/\">wei\u00dfen Balsamico-Essig<\/a>, um mehr \u00fcber die Herstellung, die Geschichte und die besten Produkte in dieser Kategorie zu erfahren.<\/p>\n","protected":false},"excerpt":{"rendered":"<p>Die 500-ml-Flasche ist praktisch f\u00fcr den regelm\u00e4\u00dfigen Gebrauch. Mit einem S\u00e4uregehalt von 5,5 % ist er auch f\u00fcr die Verwendung in Marinaden und So\u00dfen bestens geeignet. Die Stiftung Warentest beschreibt dieses Produkt als ein Condimento mit \u201eeingebundener S\u00e4ure und ausgewogener S\u00fc\u00dfe\u201c (Stiftung Warentest 2010).<\/p>\n","protected":false},"featured_media":15157,"template":"","meta":[],"product_brand":[],"product_cat":[186],"product_tag":[53],"class_list":{"0":"post-15197","1":"product","2":"type-product","3":"status-publish","4":"has-post-thumbnail","6":"product_cat-vorgestellt","7":"product_tag-extern","9":"first","10":"instock","11":"taxable","12":"shipping-taxable","13":"product-type-external"},"bundle_layout":"","bundled_by":[],"bundled_items":[],"yoast_head":"<!-- This site is optimized with the Yoast SEO plugin v27.3 - https:\/\/yoast.com\/product\/yoast-seo-wordpress\/ -->\n<title>Mazzetti Condimento Bianco, 500 ml &#187; Aceto Balsamico Shop<\/title>\n<meta name=\"description\" content=\"Die 500-ml-Flasche ist praktisch f\u00fcr den regelm\u00e4\u00dfigen Gebrauch. Mit einem S\u00e4uregehalt von 5,5 % ist er auch f\u00fcr die Verwendung in Marinaden und So\u00dfen bestens geeignet. Die Stiftung Warentest beschreibt dieses Produkt als ein Condimento mit \u201eeingebundener S\u00e4ure und ausgewogener S\u00fc\u00dfe\u201c (Stiftung Warentest 2010).\" \/>\n<meta name=\"robots\" content=\"index, follow, max-snippet:-1, max-image-preview:large, max-video-preview:-1\" \/>\n<link rel=\"canonical\" href=\"https:\/\/balsamico.shop\/de\/produkt\/mazzetti-condimento-bianco-500-ml\/\" \/>\n<script type=\"application\/ld+json\" class=\"yoast-schema-graph\">{\"@context\":\"https:\\\/\\\/schema.org\",\"@graph\":[{\"@type\":\"ImageObject\",\"inLanguage\":\"de\",\"@id\":\"https:\\\/\\\/balsamico.shop\\\/de\\\/produkt\\\/mazzetti-condimento-bianco-500-ml\\\/#primaryimage\",\"url\":\"https:\\\/\\\/balsamico.shop\\\/de\\\/wp-content\\\/uploads\\\/2023\\\/11\\\/mazzetti-condimento-bianco.jpg\",\"contentUrl\":\"https:\\\/\\\/balsamico.shop\\\/de\\\/wp-content\\\/uploads\\\/2023\\\/11\\\/mazzetti-condimento-bianco.jpg\",\"width\":1600,\"height\":1872,\"caption\":\"Mazzetti Condimento Bianco Wei\u00dfer Balsamico\"},{\"@type\":\"BreadcrumbList\",\"@id\":\"https:\\\/\\\/balsamico.shop\\\/de\\\/produkt\\\/mazzetti-condimento-bianco-500-ml\\\/#breadcrumb\",\"itemListElement\":[{\"@type\":\"ListItem\",\"position\":1,\"name\":\"Startseite\",\"item\":\"https:\\\/\\\/balsamico.shop\\\/de\\\/\"},{\"@type\":\"ListItem\",\"position\":2,\"name\":\"Aceto Balsamico Shop\",\"item\":\"https:\\\/\\\/balsamico.shop\\\/de\\\/shop\\\/\"},{\"@type\":\"ListItem\",\"position\":3,\"name\":\"Mazzetti Condimento Bianco, 500 ml\"}]},{\"@type\":\"WebSite\",\"@id\":\"https:\\\/\\\/balsamico.shop\\\/de\\\/#website\",\"url\":\"https:\\\/\\\/balsamico.shop\\\/de\\\/\",\"name\":\"Aceto Balsamico Shop\",\"description\":\"Shop f\u00fcr Balsamico aus Modena &amp; Reggio Emilia\",\"publisher\":{\"@id\":\"https:\\\/\\\/balsamico.shop\\\/de\\\/#organization\"},\"potentialAction\":[{\"@type\":\"SearchAction\",\"target\":{\"@type\":\"EntryPoint\",\"urlTemplate\":\"https:\\\/\\\/balsamico.shop\\\/de\\\/?s={search_term_string}\"},\"query-input\":{\"@type\":\"PropertyValueSpecification\",\"valueRequired\":true,\"valueName\":\"search_term_string\"}}],\"inLanguage\":\"de\"},{\"@type\":\"Organization\",\"@id\":\"https:\\\/\\\/balsamico.shop\\\/de\\\/#organization\",\"name\":\"Bernardo Tesori\",\"url\":\"https:\\\/\\\/balsamico.shop\\\/de\\\/\",\"logo\":{\"@type\":\"ImageObject\",\"inLanguage\":\"de\",\"@id\":\"https:\\\/\\\/balsamico.shop\\\/de\\\/#\\\/schema\\\/logo\\\/image\\\/\",\"url\":\"https:\\\/\\\/balsamico.shop\\\/de\\\/wp-content\\\/uploads\\\/2016\\\/04\\\/logo_bernardo.png\",\"contentUrl\":\"https:\\\/\\\/balsamico.shop\\\/de\\\/wp-content\\\/uploads\\\/2016\\\/04\\\/logo_bernardo.png\",\"width\":278,\"height\":466,\"caption\":\"Bernardo Tesori\"},\"image\":{\"@id\":\"https:\\\/\\\/balsamico.shop\\\/de\\\/#\\\/schema\\\/logo\\\/image\\\/\"}}]}<\/script>\n<!-- \/ Yoast SEO plugin. -->","yoast_head_json":{"title":"Mazzetti Condimento Bianco, 500 ml &#187; Aceto Balsamico Shop","description":"Die 500-ml-Flasche ist praktisch f\u00fcr den regelm\u00e4\u00dfigen Gebrauch. Mit einem S\u00e4uregehalt von 5,5 % ist er auch f\u00fcr die Verwendung in Marinaden und So\u00dfen bestens geeignet. Die Stiftung Warentest beschreibt dieses Produkt als ein Condimento mit \u201eeingebundener S\u00e4ure und ausgewogener S\u00fc\u00dfe\u201c (Stiftung Warentest 2010).","robots":{"index":"index","follow":"follow","max-snippet":"max-snippet:-1","max-image-preview":"max-image-preview:large","max-video-preview":"max-video-preview:-1"},"canonical":"https:\/\/balsamico.shop\/de\/produkt\/mazzetti-condimento-bianco-500-ml\/","schema":{"@context":"https:\/\/schema.org","@graph":[{"@type":"ImageObject","inLanguage":"de","@id":"https:\/\/balsamico.shop\/de\/produkt\/mazzetti-condimento-bianco-500-ml\/#primaryimage","url":"https:\/\/balsamico.shop\/de\/wp-content\/uploads\/2023\/11\/mazzetti-condimento-bianco.jpg","contentUrl":"https:\/\/balsamico.shop\/de\/wp-content\/uploads\/2023\/11\/mazzetti-condimento-bianco.jpg","width":1600,"height":1872,"caption":"Mazzetti Condimento Bianco Wei\u00dfer Balsamico"},{"@type":"BreadcrumbList","@id":"https:\/\/balsamico.shop\/de\/produkt\/mazzetti-condimento-bianco-500-ml\/#breadcrumb","itemListElement":[{"@type":"ListItem","position":1,"name":"Startseite","item":"https:\/\/balsamico.shop\/de\/"},{"@type":"ListItem","position":2,"name":"Aceto Balsamico Shop","item":"https:\/\/balsamico.shop\/de\/shop\/"},{"@type":"ListItem","position":3,"name":"Mazzetti Condimento Bianco, 500 ml"}]},{"@type":"WebSite","@id":"https:\/\/balsamico.shop\/de\/#website","url":"https:\/\/balsamico.shop\/de\/","name":"Aceto Balsamico Shop","description":"Shop f\u00fcr Balsamico aus Modena &amp; Reggio Emilia","publisher":{"@id":"https:\/\/balsamico.shop\/de\/#organization"},"potentialAction":[{"@type":"SearchAction","target":{"@type":"EntryPoint","urlTemplate":"https:\/\/balsamico.shop\/de\/?s={search_term_string}"},"query-input":{"@type":"PropertyValueSpecification","valueRequired":true,"valueName":"search_term_string"}}],"inLanguage":"de"},{"@type":"Organization","@id":"https:\/\/balsamico.shop\/de\/#organization","name":"Bernardo Tesori","url":"https:\/\/balsamico.shop\/de\/","logo":{"@type":"ImageObject","inLanguage":"de","@id":"https:\/\/balsamico.shop\/de\/#\/schema\/logo\/image\/","url":"https:\/\/balsamico.shop\/de\/wp-content\/uploads\/2016\/04\/logo_bernardo.png","contentUrl":"https:\/\/balsamico.shop\/de\/wp-content\/uploads\/2016\/04\/logo_bernardo.png","width":278,"height":466,"caption":"Bernardo Tesori"},"image":{"@id":"https:\/\/balsamico.shop\/de\/#\/schema\/logo\/image\/"}}]}},"_links":{"self":[{"href":"https:\/\/balsamico.shop\/de\/wp-json\/wp\/v2\/product\/15197","targetHints":{"allow":["GET"]}}],"collection":[{"href":"https:\/\/balsamico.shop\/de\/wp-json\/wp\/v2\/product"}],"about":[{"href":"https:\/\/balsamico.shop\/de\/wp-json\/wp\/v2\/types\/product"}],"wp:featuredmedia":[{"embeddable":true,"href":"https:\/\/balsamico.shop\/de\/wp-json\/wp\/v2\/media\/15157"}],"wp:attachment":[{"href":"https:\/\/balsamico.shop\/de\/wp-json\/wp\/v2\/media?parent=15197"}],"wp:term":[{"taxonomy":"product_brand","embeddable":true,"href":"https:\/\/balsamico.shop\/de\/wp-json\/wp\/v2\/product_brand?post=15197"},{"taxonomy":"product_cat","embeddable":true,"href":"https:\/\/balsamico.shop\/de\/wp-json\/wp\/v2\/product_cat?post=15197"},{"taxonomy":"product_tag","embeddable":true,"href":"https:\/\/balsamico.shop\/de\/wp-json\/wp\/v2\/product_tag?post=15197"}],"curies":[{"name":"wp","href":"https:\/\/api.w.org\/{rel}","templated":true}]}}