{"id":15187,"date":"2023-11-20T13:06:36","date_gmt":"2023-11-20T12:06:36","guid":{"rendered":"https:\/\/balsamico.shop\/de\/?post_type=product&#038;p=15187"},"modified":"2024-07-15T17:18:43","modified_gmt":"2024-07-15T15:18:43","slug":"hengstenberg-aceto-balsamico-di-modena-500-ml","status":"publish","type":"product","link":"https:\/\/balsamico.shop\/de\/produkt\/hengstenberg-aceto-balsamico-di-modena-500-ml\/","title":{"rendered":"Hengstenberg Aceto Balsamico di Modena 500 ml"},"content":{"rendered":"<p>Dieser Aceto Balsamico wird in Modena hergestellt, einer Region Italiens, die weltweit f\u00fcr ihren Balsamico-Essig bekannt ist, er wird in Deutschland abgef\u00fcllt und steht in den Regalen fast jeder deutschen Supermarktkette.<\/p>\n<blockquote><p>Geschmacklich ist dieser Balsamico unserer Meinung nach das Schlusslicht der im Rahmen dieses Testes verkosteten Essigprodukte.<\/p><\/blockquote>\n<p>Der <em>Hengstenberg Aceto Balsamico di Modena IGP <\/em>zeichnet sich durch eine markante S\u00e4ure, hat eine relativ dunkle Farbe und eine niedrig viskose Konsistenz. Dieser Essig wird aus <strong>Weinessig<\/strong> und <strong>Traubenmostkonzentrat<\/strong> (25 %) hergestellt. Um die Farbe dunkler zu machen, um trotz der kurzen Lagerung in den Holzf\u00e4ssern eine dunklere Farbe zu erhalten, wird bei diesem Produkt Farbstoff E 150 d verwendet. Da es sich dabei um einen echten Aceto Balsamico di Modena IGP handelt, die verwendeten Zutaten entsprechen der EU-Verordnung f\u00fcr gesch\u00fctzte geografische Angaben und sind:<\/p>\n<p><strong>Weinessig, Traubenmostkonzentrat (25 %), Farbstoff E 150 d, Antioxidationsmittel<\/strong><\/p>\n<p>Mit einem S\u00e4uregehalt von 6% und seiner nat\u00fcrlichen Fermentation ist dieser italienische Essig eine Bereicherung f\u00fcr Gourmet-Salate, Chutneys, Marinaden und kann zum Kochen von warmen Speisen und zum Anbraten von Fleisch- und Gem\u00fcsegerichten verwendet werden.<\/p>\n","protected":false},"excerpt":{"rendered":"<p>Dieser Aceto Balsamico wird in Modena hergestellt, einer Region Italiens, die weltweit f\u00fcr ihren Balsamico-Essig bekannt ist, er wird in Deutschland abgef\u00fcllt und steht in den Regalen fast jeder deutschen Supermarktkette. Geschmacklich ist dieser Balsamico unserer Meinung nach das Schlusslicht der im Rahmen dieses Testes verkosteten Essigprodukte. Der Hengstenberg Aceto Balsamico di Modena IGP zeichnet sich durch eine markante S\u00e4ure, hat eine relativ dunkle Farbe und eine niedrig viskose Konsistenz. Dieser Essig wird aus Weinessig und Traubenmostkonzentrat (25 %) hergestellt. Um die Farbe dunkler zu machen, um trotz der kurzen Lagerung in den Holzf\u00e4ssern eine dunklere Farbe zu erhalten, wird bei diesem Produkt Farbstoff E 150 d verwendet. Da es sich dabei um einen echten Aceto Balsamico di Modena IGP handelt, die verwendeten Zutaten entsprechen der EU-Verordnung f\u00fcr gesch\u00fctzte geografische Angaben und sind: Weinessig, Traubenmostkonzentrat (25 %), Farbstoff E 150 d, Antioxidationsmittel Mit einem S\u00e4uregehalt von 6% und seiner nat\u00fcrlichen Fermentation ist dieser italienische Essig eine Bereicherung f\u00fcr Gourmet-Salate, Chutneys, Marinaden und kann zum Kochen von warmen Speisen und zum Anbraten von Fleisch- und Gem\u00fcsegerichten verwendet werden.<\/p>\n","protected":false},"featured_media":15152,"template":"","meta":[],"product_brand":[],"product_cat":[186],"product_tag":[53],"class_list":{"0":"post-15187","1":"product","2":"type-product","3":"status-publish","4":"has-post-thumbnail","6":"product_cat-vorgestellt","7":"product_tag-extern","9":"first","10":"instock","11":"taxable","12":"shipping-taxable","13":"product-type-external"},"bundle_layout":"","bundled_by":[],"bundled_items":[],"yoast_head":"<!-- This site is optimized with the Yoast SEO plugin v27.3 - https:\/\/yoast.com\/product\/yoast-seo-wordpress\/ -->\n<title>Hengstenberg Aceto Balsamico di Modena 500 ml &#187; Aceto Balsamico Shop<\/title>\n<meta name=\"description\" content=\"Der Hengstenberg Aceto Balsamico di Modena IGP zeichnet sich durch seine tiefe, dunkle Farbe und sein samtig-w\u00fcrziges Aroma aus. Dieser originale italienische Essig, hergestellt aus Weinessig und hochwertigem Traubenmostkonzentrat, reift sorgf\u00e4ltig in Holzf\u00e4ssern und wird aus zertifizierten Rohstoffen gewonnen.\u00a0\" \/>\n<meta name=\"robots\" content=\"index, follow, max-snippet:-1, max-image-preview:large, max-video-preview:-1\" \/>\n<link rel=\"canonical\" href=\"https:\/\/balsamico.shop\/de\/produkt\/hengstenberg-aceto-balsamico-di-modena-500-ml\/\" \/>\n<script type=\"application\/ld+json\" class=\"yoast-schema-graph\">{\"@context\":\"https:\\\/\\\/schema.org\",\"@graph\":[{\"@type\":\"ImageObject\",\"inLanguage\":\"de\",\"@id\":\"https:\\\/\\\/balsamico.shop\\\/de\\\/produkt\\\/hengstenberg-aceto-balsamico-di-modena-500-ml\\\/#primaryimage\",\"url\":\"https:\\\/\\\/balsamico.shop\\\/de\\\/wp-content\\\/uploads\\\/2023\\\/11\\\/hengstenberg-balsamico.jpg\",\"contentUrl\":\"https:\\\/\\\/balsamico.shop\\\/de\\\/wp-content\\\/uploads\\\/2023\\\/11\\\/hengstenberg-balsamico.jpg\",\"width\":1600,\"height\":1872,\"caption\":\"Hengstenberg Balsamico dunkel Aceto Balsamico di Modena 500ml\"},{\"@type\":\"BreadcrumbList\",\"@id\":\"https:\\\/\\\/balsamico.shop\\\/de\\\/produkt\\\/hengstenberg-aceto-balsamico-di-modena-500-ml\\\/#breadcrumb\",\"itemListElement\":[{\"@type\":\"ListItem\",\"position\":1,\"name\":\"Startseite\",\"item\":\"https:\\\/\\\/balsamico.shop\\\/de\\\/\"},{\"@type\":\"ListItem\",\"position\":2,\"name\":\"Aceto Balsamico Shop\",\"item\":\"https:\\\/\\\/balsamico.shop\\\/de\\\/shop\\\/\"},{\"@type\":\"ListItem\",\"position\":3,\"name\":\"Hengstenberg Aceto Balsamico di Modena 500 ml\"}]},{\"@type\":\"WebSite\",\"@id\":\"https:\\\/\\\/balsamico.shop\\\/de\\\/#website\",\"url\":\"https:\\\/\\\/balsamico.shop\\\/de\\\/\",\"name\":\"Aceto Balsamico Shop\",\"description\":\"Shop f\u00fcr Balsamico aus Modena &amp; Reggio Emilia\",\"publisher\":{\"@id\":\"https:\\\/\\\/balsamico.shop\\\/de\\\/#organization\"},\"potentialAction\":[{\"@type\":\"SearchAction\",\"target\":{\"@type\":\"EntryPoint\",\"urlTemplate\":\"https:\\\/\\\/balsamico.shop\\\/de\\\/?s={search_term_string}\"},\"query-input\":{\"@type\":\"PropertyValueSpecification\",\"valueRequired\":true,\"valueName\":\"search_term_string\"}}],\"inLanguage\":\"de\"},{\"@type\":\"Organization\",\"@id\":\"https:\\\/\\\/balsamico.shop\\\/de\\\/#organization\",\"name\":\"Bernardo Tesori\",\"url\":\"https:\\\/\\\/balsamico.shop\\\/de\\\/\",\"logo\":{\"@type\":\"ImageObject\",\"inLanguage\":\"de\",\"@id\":\"https:\\\/\\\/balsamico.shop\\\/de\\\/#\\\/schema\\\/logo\\\/image\\\/\",\"url\":\"https:\\\/\\\/balsamico.shop\\\/de\\\/wp-content\\\/uploads\\\/2016\\\/04\\\/logo_bernardo.png\",\"contentUrl\":\"https:\\\/\\\/balsamico.shop\\\/de\\\/wp-content\\\/uploads\\\/2016\\\/04\\\/logo_bernardo.png\",\"width\":278,\"height\":466,\"caption\":\"Bernardo Tesori\"},\"image\":{\"@id\":\"https:\\\/\\\/balsamico.shop\\\/de\\\/#\\\/schema\\\/logo\\\/image\\\/\"}}]}<\/script>\n<!-- \/ Yoast SEO plugin. -->","yoast_head_json":{"title":"Hengstenberg Aceto Balsamico di Modena 500 ml &#187; Aceto Balsamico Shop","description":"Der Hengstenberg Aceto Balsamico di Modena IGP zeichnet sich durch seine tiefe, dunkle Farbe und sein samtig-w\u00fcrziges Aroma aus. Dieser originale italienische Essig, hergestellt aus Weinessig und hochwertigem Traubenmostkonzentrat, reift sorgf\u00e4ltig in Holzf\u00e4ssern und wird aus zertifizierten Rohstoffen gewonnen.\u00a0","robots":{"index":"index","follow":"follow","max-snippet":"max-snippet:-1","max-image-preview":"max-image-preview:large","max-video-preview":"max-video-preview:-1"},"canonical":"https:\/\/balsamico.shop\/de\/produkt\/hengstenberg-aceto-balsamico-di-modena-500-ml\/","schema":{"@context":"https:\/\/schema.org","@graph":[{"@type":"ImageObject","inLanguage":"de","@id":"https:\/\/balsamico.shop\/de\/produkt\/hengstenberg-aceto-balsamico-di-modena-500-ml\/#primaryimage","url":"https:\/\/balsamico.shop\/de\/wp-content\/uploads\/2023\/11\/hengstenberg-balsamico.jpg","contentUrl":"https:\/\/balsamico.shop\/de\/wp-content\/uploads\/2023\/11\/hengstenberg-balsamico.jpg","width":1600,"height":1872,"caption":"Hengstenberg Balsamico dunkel Aceto Balsamico di Modena 500ml"},{"@type":"BreadcrumbList","@id":"https:\/\/balsamico.shop\/de\/produkt\/hengstenberg-aceto-balsamico-di-modena-500-ml\/#breadcrumb","itemListElement":[{"@type":"ListItem","position":1,"name":"Startseite","item":"https:\/\/balsamico.shop\/de\/"},{"@type":"ListItem","position":2,"name":"Aceto Balsamico Shop","item":"https:\/\/balsamico.shop\/de\/shop\/"},{"@type":"ListItem","position":3,"name":"Hengstenberg Aceto Balsamico di Modena 500 ml"}]},{"@type":"WebSite","@id":"https:\/\/balsamico.shop\/de\/#website","url":"https:\/\/balsamico.shop\/de\/","name":"Aceto Balsamico Shop","description":"Shop f\u00fcr Balsamico aus Modena &amp; Reggio Emilia","publisher":{"@id":"https:\/\/balsamico.shop\/de\/#organization"},"potentialAction":[{"@type":"SearchAction","target":{"@type":"EntryPoint","urlTemplate":"https:\/\/balsamico.shop\/de\/?s={search_term_string}"},"query-input":{"@type":"PropertyValueSpecification","valueRequired":true,"valueName":"search_term_string"}}],"inLanguage":"de"},{"@type":"Organization","@id":"https:\/\/balsamico.shop\/de\/#organization","name":"Bernardo Tesori","url":"https:\/\/balsamico.shop\/de\/","logo":{"@type":"ImageObject","inLanguage":"de","@id":"https:\/\/balsamico.shop\/de\/#\/schema\/logo\/image\/","url":"https:\/\/balsamico.shop\/de\/wp-content\/uploads\/2016\/04\/logo_bernardo.png","contentUrl":"https:\/\/balsamico.shop\/de\/wp-content\/uploads\/2016\/04\/logo_bernardo.png","width":278,"height":466,"caption":"Bernardo Tesori"},"image":{"@id":"https:\/\/balsamico.shop\/de\/#\/schema\/logo\/image\/"}}]}},"_links":{"self":[{"href":"https:\/\/balsamico.shop\/de\/wp-json\/wp\/v2\/product\/15187","targetHints":{"allow":["GET"]}}],"collection":[{"href":"https:\/\/balsamico.shop\/de\/wp-json\/wp\/v2\/product"}],"about":[{"href":"https:\/\/balsamico.shop\/de\/wp-json\/wp\/v2\/types\/product"}],"wp:featuredmedia":[{"embeddable":true,"href":"https:\/\/balsamico.shop\/de\/wp-json\/wp\/v2\/media\/15152"}],"wp:attachment":[{"href":"https:\/\/balsamico.shop\/de\/wp-json\/wp\/v2\/media?parent=15187"}],"wp:term":[{"taxonomy":"product_brand","embeddable":true,"href":"https:\/\/balsamico.shop\/de\/wp-json\/wp\/v2\/product_brand?post=15187"},{"taxonomy":"product_cat","embeddable":true,"href":"https:\/\/balsamico.shop\/de\/wp-json\/wp\/v2\/product_cat?post=15187"},{"taxonomy":"product_tag","embeddable":true,"href":"https:\/\/balsamico.shop\/de\/wp-json\/wp\/v2\/product_tag?post=15187"}],"curies":[{"name":"wp","href":"https:\/\/api.w.org\/{rel}","templated":true}]}}