{"id":15184,"date":"2023-11-20T12:17:08","date_gmt":"2023-11-20T11:17:08","guid":{"rendered":"https:\/\/balsamico.shop\/de\/?post_type=product&#038;p=15184"},"modified":"2024-07-15T17:20:36","modified_gmt":"2024-07-15T15:20:36","slug":"dmbio-essig-aceto-balsamico-di-modena-g-g-a-naturland","status":"publish","type":"product","link":"https:\/\/balsamico.shop\/de\/produkt\/dmbio-essig-aceto-balsamico-di-modena-g-g-a-naturland\/","title":{"rendered":"dmBio Essig, Aceto Balsamico di Modena g.g.A., Naturland"},"content":{"rendered":"<p>Der Aceto Balsamico di Modena g.g.A. Bio von dm ist ein hochwertiger Bio-Balsamico-Essig, der die Herstellungsverfahren und Qualit\u00e4tsstandards aus Modena, Italien, widerspiegelt. Der Essig tr\u00e4gt die gesch\u00fctzte geografische Angabe (g.g.A.), die seine authentische Herkunft und Qualit\u00e4t best\u00e4tigt.<\/p>\n<p>Er wird nach strengen \u00f6kologischen Richtlinien hergestellt und tr\u00e4gt das Naturland-Siegel, das f\u00fcr \u00f6kologischen Landbau und Nachhaltigkeit steht. Der Essig zeichnet sich durch seinen ausgewogenen s\u00fc\u00df-sauren Geschmack aus, der durch die nat\u00fcrliche Reifung im Holzfass erreicht wird.<\/p>\n<p>Ideal f\u00fcr Salatdressings, Marinaden und zum Verfeinern von Saucen ist er eine hervorragende Wahl f\u00fcr alle, die Wert auf Qualit\u00e4t, Tradition und \u00f6kologische Nachhaltigkeit legen.<\/p>\n<p>Der dm Bio Aceto Balsamico di Modena g.g.A., hergestellt in der Provinz Modena im Norden Italiens, ist ein erlesener Balsamessig. Dieser Essig, eine Mischung aus Rotweinessig und konzentriertem Traubenmost, reift in Holzf\u00e4ssern. Diese Reifung verleiht ihm den charakteristischen s\u00fc\u00df-sauren Geschmack.<\/p>\n","protected":false},"excerpt":{"rendered":"<p>Der Aceto Balsamico di Modena g.g.A. Bio von dm ist ein hochwertiger Bio-Balsamico-Essig, der die Herstellungsverfahren und Qualit\u00e4tsstandards aus Modena, Italien, widerspiegelt. Der Essig tr\u00e4gt die gesch\u00fctzte geografische Angabe (g.g.A.), die seine authentische Herkunft und Qualit\u00e4t best\u00e4tigt.<\/p>\n","protected":false},"featured_media":15150,"template":"","meta":[],"product_brand":[],"product_cat":[186],"product_tag":[53],"class_list":{"0":"post-15184","1":"product","2":"type-product","3":"status-publish","4":"has-post-thumbnail","6":"product_cat-vorgestellt","7":"product_tag-extern","9":"first","10":"instock","11":"taxable","12":"shipping-taxable","13":"product-type-external"},"bundle_layout":"","bundled_by":[],"bundled_items":[],"yoast_head":"<!-- This site is optimized with the Yoast SEO plugin v27.3 - https:\/\/yoast.com\/product\/yoast-seo-wordpress\/ -->\n<title>dmBio Essig, Aceto Balsamico di Modena g.g.A., Naturland &#187; Aceto Balsamico Shop<\/title>\n<meta name=\"description\" content=\"Der Aceto Balsamico di Modena g.g.A. Bio von dm ist ein hochwertiger Bio-Balsamico-Essig, der die Herstellungsverfahren und Qualit\u00e4tsstandards aus Modena, Italien, widerspiegelt. Der Essig tr\u00e4gt die gesch\u00fctzte geografische Angabe (g.g.A.), die seine authentische Herkunft und Qualit\u00e4t best\u00e4tigt.\" \/>\n<meta name=\"robots\" content=\"index, follow, max-snippet:-1, max-image-preview:large, max-video-preview:-1\" \/>\n<link rel=\"canonical\" href=\"https:\/\/balsamico.shop\/de\/produkt\/dmbio-essig-aceto-balsamico-di-modena-g-g-a-naturland\/\" \/>\n<script type=\"application\/ld+json\" class=\"yoast-schema-graph\">{\"@context\":\"https:\\\/\\\/schema.org\",\"@graph\":[{\"@type\":\"ImageObject\",\"inLanguage\":\"de\",\"@id\":\"https:\\\/\\\/balsamico.shop\\\/de\\\/produkt\\\/dmbio-essig-aceto-balsamico-di-modena-g-g-a-naturland\\\/#primaryimage\",\"url\":\"https:\\\/\\\/balsamico.shop\\\/de\\\/wp-content\\\/uploads\\\/2023\\\/11\\\/dm-balsamico.jpg\",\"contentUrl\":\"https:\\\/\\\/balsamico.shop\\\/de\\\/wp-content\\\/uploads\\\/2023\\\/11\\\/dm-balsamico.jpg\",\"width\":1600,\"height\":1872,\"caption\":\"Essig, Aceto Balsamico di Modena g.g.A., Naturland\"},{\"@type\":\"BreadcrumbList\",\"@id\":\"https:\\\/\\\/balsamico.shop\\\/de\\\/produkt\\\/dmbio-essig-aceto-balsamico-di-modena-g-g-a-naturland\\\/#breadcrumb\",\"itemListElement\":[{\"@type\":\"ListItem\",\"position\":1,\"name\":\"Startseite\",\"item\":\"https:\\\/\\\/balsamico.shop\\\/de\\\/\"},{\"@type\":\"ListItem\",\"position\":2,\"name\":\"Aceto Balsamico Shop\",\"item\":\"https:\\\/\\\/balsamico.shop\\\/de\\\/shop\\\/\"},{\"@type\":\"ListItem\",\"position\":3,\"name\":\"dmBio Essig, Aceto Balsamico di Modena g.g.A., Naturland\"}]},{\"@type\":\"WebSite\",\"@id\":\"https:\\\/\\\/balsamico.shop\\\/de\\\/#website\",\"url\":\"https:\\\/\\\/balsamico.shop\\\/de\\\/\",\"name\":\"Aceto Balsamico Shop\",\"description\":\"Shop f\u00fcr Balsamico aus Modena &amp; Reggio Emilia\",\"publisher\":{\"@id\":\"https:\\\/\\\/balsamico.shop\\\/de\\\/#organization\"},\"potentialAction\":[{\"@type\":\"SearchAction\",\"target\":{\"@type\":\"EntryPoint\",\"urlTemplate\":\"https:\\\/\\\/balsamico.shop\\\/de\\\/?s={search_term_string}\"},\"query-input\":{\"@type\":\"PropertyValueSpecification\",\"valueRequired\":true,\"valueName\":\"search_term_string\"}}],\"inLanguage\":\"de\"},{\"@type\":\"Organization\",\"@id\":\"https:\\\/\\\/balsamico.shop\\\/de\\\/#organization\",\"name\":\"Bernardo Tesori\",\"url\":\"https:\\\/\\\/balsamico.shop\\\/de\\\/\",\"logo\":{\"@type\":\"ImageObject\",\"inLanguage\":\"de\",\"@id\":\"https:\\\/\\\/balsamico.shop\\\/de\\\/#\\\/schema\\\/logo\\\/image\\\/\",\"url\":\"https:\\\/\\\/balsamico.shop\\\/de\\\/wp-content\\\/uploads\\\/2016\\\/04\\\/logo_bernardo.png\",\"contentUrl\":\"https:\\\/\\\/balsamico.shop\\\/de\\\/wp-content\\\/uploads\\\/2016\\\/04\\\/logo_bernardo.png\",\"width\":278,\"height\":466,\"caption\":\"Bernardo Tesori\"},\"image\":{\"@id\":\"https:\\\/\\\/balsamico.shop\\\/de\\\/#\\\/schema\\\/logo\\\/image\\\/\"}}]}<\/script>\n<!-- \/ Yoast SEO plugin. -->","yoast_head_json":{"title":"dmBio Essig, Aceto Balsamico di Modena g.g.A., Naturland &#187; Aceto Balsamico Shop","description":"Der Aceto Balsamico di Modena g.g.A. Bio von dm ist ein hochwertiger Bio-Balsamico-Essig, der die Herstellungsverfahren und Qualit\u00e4tsstandards aus Modena, Italien, widerspiegelt. Der Essig tr\u00e4gt die gesch\u00fctzte geografische Angabe (g.g.A.), die seine authentische Herkunft und Qualit\u00e4t best\u00e4tigt.","robots":{"index":"index","follow":"follow","max-snippet":"max-snippet:-1","max-image-preview":"max-image-preview:large","max-video-preview":"max-video-preview:-1"},"canonical":"https:\/\/balsamico.shop\/de\/produkt\/dmbio-essig-aceto-balsamico-di-modena-g-g-a-naturland\/","schema":{"@context":"https:\/\/schema.org","@graph":[{"@type":"ImageObject","inLanguage":"de","@id":"https:\/\/balsamico.shop\/de\/produkt\/dmbio-essig-aceto-balsamico-di-modena-g-g-a-naturland\/#primaryimage","url":"https:\/\/balsamico.shop\/de\/wp-content\/uploads\/2023\/11\/dm-balsamico.jpg","contentUrl":"https:\/\/balsamico.shop\/de\/wp-content\/uploads\/2023\/11\/dm-balsamico.jpg","width":1600,"height":1872,"caption":"Essig, Aceto Balsamico di Modena g.g.A., Naturland"},{"@type":"BreadcrumbList","@id":"https:\/\/balsamico.shop\/de\/produkt\/dmbio-essig-aceto-balsamico-di-modena-g-g-a-naturland\/#breadcrumb","itemListElement":[{"@type":"ListItem","position":1,"name":"Startseite","item":"https:\/\/balsamico.shop\/de\/"},{"@type":"ListItem","position":2,"name":"Aceto Balsamico Shop","item":"https:\/\/balsamico.shop\/de\/shop\/"},{"@type":"ListItem","position":3,"name":"dmBio Essig, Aceto Balsamico di Modena g.g.A., Naturland"}]},{"@type":"WebSite","@id":"https:\/\/balsamico.shop\/de\/#website","url":"https:\/\/balsamico.shop\/de\/","name":"Aceto Balsamico Shop","description":"Shop f\u00fcr Balsamico aus Modena &amp; Reggio Emilia","publisher":{"@id":"https:\/\/balsamico.shop\/de\/#organization"},"potentialAction":[{"@type":"SearchAction","target":{"@type":"EntryPoint","urlTemplate":"https:\/\/balsamico.shop\/de\/?s={search_term_string}"},"query-input":{"@type":"PropertyValueSpecification","valueRequired":true,"valueName":"search_term_string"}}],"inLanguage":"de"},{"@type":"Organization","@id":"https:\/\/balsamico.shop\/de\/#organization","name":"Bernardo Tesori","url":"https:\/\/balsamico.shop\/de\/","logo":{"@type":"ImageObject","inLanguage":"de","@id":"https:\/\/balsamico.shop\/de\/#\/schema\/logo\/image\/","url":"https:\/\/balsamico.shop\/de\/wp-content\/uploads\/2016\/04\/logo_bernardo.png","contentUrl":"https:\/\/balsamico.shop\/de\/wp-content\/uploads\/2016\/04\/logo_bernardo.png","width":278,"height":466,"caption":"Bernardo Tesori"},"image":{"@id":"https:\/\/balsamico.shop\/de\/#\/schema\/logo\/image\/"}}]}},"_links":{"self":[{"href":"https:\/\/balsamico.shop\/de\/wp-json\/wp\/v2\/product\/15184","targetHints":{"allow":["GET"]}}],"collection":[{"href":"https:\/\/balsamico.shop\/de\/wp-json\/wp\/v2\/product"}],"about":[{"href":"https:\/\/balsamico.shop\/de\/wp-json\/wp\/v2\/types\/product"}],"wp:featuredmedia":[{"embeddable":true,"href":"https:\/\/balsamico.shop\/de\/wp-json\/wp\/v2\/media\/15150"}],"wp:attachment":[{"href":"https:\/\/balsamico.shop\/de\/wp-json\/wp\/v2\/media?parent=15184"}],"wp:term":[{"taxonomy":"product_brand","embeddable":true,"href":"https:\/\/balsamico.shop\/de\/wp-json\/wp\/v2\/product_brand?post=15184"},{"taxonomy":"product_cat","embeddable":true,"href":"https:\/\/balsamico.shop\/de\/wp-json\/wp\/v2\/product_cat?post=15184"},{"taxonomy":"product_tag","embeddable":true,"href":"https:\/\/balsamico.shop\/de\/wp-json\/wp\/v2\/product_tag?post=15184"}],"curies":[{"name":"wp","href":"https:\/\/api.w.org\/{rel}","templated":true}]}}