{"id":13473,"date":"2023-02-17T19:13:38","date_gmt":"2023-02-17T18:13:38","guid":{"rendered":"https:\/\/balsamico.shop\/de\/?post_type=product&#038;p=13473"},"modified":"2024-10-10T12:04:03","modified_gmt":"2024-10-10T10:04:03","slug":"gourmet-balsamico-kochbox","status":"publish","type":"product","link":"https:\/\/balsamico.shop\/de\/produkt\/gourmet-balsamico-kochbox\/","title":{"rendered":"Gourmet Balsamico Set"},"content":{"rendered":"<p>In Zusammenarbeit mit dem <strong>Spitzenkoch und Kochbuch-Autor Thomas Sixt<\/strong> entstand dieses einzigartige Angebot: Das <strong>Gourmet Balsamico Set<\/strong>.<\/p>\n<p>Das <strong>Gourmet Balsamico Set<\/strong> basiert auf der Idee alle Facetten dieses hochwertigen Produktes &#8211; des Balsamico &#8211; in einem einzelnen Artikel zu umfassen und die Vielseitigkeit dieses Produktes in eure K\u00fcche zu bringen, denn <strong>Balsamico ist nicht gleich Balsamico<\/strong> &#8211; ganz im Gegenteil!<\/p>\n<p>Diese Zusammenarbeit entspringt dem, was Bernardo Tesori und <a href=\"https:\/\/thomassixt.de\/thomas-sixt-stellt-sich-vor\/\" target=\"_blank\" rel=\"noopener\">Thomas Sixt<\/a> am meisten gemeinsam haben: die Liebe zu <strong>Qualit\u00e4tsprodukten<\/strong>.<\/p>\n<p>Unsere Produktauswahl f\u00fcr diese Sonderedition hat die Aufgabe, euch auf eine echte Reise in die Welt des <strong>Balsamico<\/strong> zu begleiten und seine Verwendung bei der Zubereitung verschiedenster Gerichte nahezulegen.<\/p>\n<p>Deshalb enth\u00e4lt unser <strong>Gourmet Balsamico Set <\/strong>die folgenden Produkte:<\/p>\n<ul>\n<li><em><strong>Aceto Balsamico di Modena I.G.P. Invecchiato<\/strong><\/em> \u2013 <strong>Cremonini<\/strong> 250ml \u2013 <img loading=\"lazy\" decoding=\"async\" class=\"alignright wp-image-13489 \" src=\"https:\/\/balsamico.shop\/de\/wp-content\/uploads\/2023\/02\/stiwa-cremonini-balsamico.png\" alt=\"\" width=\"111\" height=\"88\" \/> 2021 Testsieger des <strong>\u00d6KO-TEST<\/strong> Magazins und 2020 Testsieger von <strong>Stiftung Warentest<\/strong>. Es handelt sich dabei um die 5 Trauben-Variante mit dem Zusatz \u201e<strong>Aged<\/strong>\u201c (<em>Invecchiato<\/em>), welche im Handel sehr selten zu finden ist, und nicht mit der g\u00fcnstigeren und auch im Supermarkt zu erhaltenen Version 5-Trauben-Variante\u00a0<strong>ohne den Zusatz \u201eAged\u201c <\/strong>zu verwechseln ist.<\/li>\n<\/ul>\n<p>&nbsp;<\/p>\n<ul>\n<li><em><strong>Aceto Balsamico di Modena I.G.P.<\/strong><\/em> <strong><em>Bronze Edition<\/em><\/strong> 250ml \u2013 <strong>Bernardo Tesori<\/strong>. <img loading=\"lazy\" decoding=\"async\" class=\"size-full wp-image-11857 alignleft\" src=\"https:\/\/balsamico.shop\/de\/wp-content\/uploads\/2022\/07\/Protected-geographical-indication-logo-de-min-groesse-1.png\" alt=\"\" width=\"100\" height=\"100\" srcset=\"https:\/\/balsamico.shop\/de\/wp-content\/uploads\/2022\/07\/Protected-geographical-indication-logo-de-min-groesse-1.png 100w, https:\/\/balsamico.shop\/de\/wp-content\/uploads\/2022\/07\/Protected-geographical-indication-logo-de-min-groesse-1-75x75.png 75w\" sizes=\"auto, (max-width: 100px) 100vw, 100px\" \/> Dieser\u00a0<strong>zertifizierte I.G.P. <\/strong>Balsamico ist eine exklusive Abf\u00fcllung. Dieser Balsamico ist holzfassgereift und eignet sich wegen seiner hohen Dichte sowie einer sirupartigen Konsistenz hervorragend zum t\u00e4glichen Gebrauch. Mit einem Traubenmostanteil von 80% z\u00e4hlt dieses Produkt zu den Premium-Produkten in seiner Klasse. Der fruchtig-intensive Geschmack mit Noten von Pflaume und Kirsche geben Ihren Gerichten die richtige W\u00fcrze.<\/li>\n<\/ul>\n<p>&nbsp;<\/p>\n<ul>\n<li><em><strong>IL NOVIZIO das Balsamessig-Dressing<\/strong><\/em> 500ml \u2013 <strong>Picci<\/strong>. <img loading=\"lazy\" decoding=\"async\" class=\"wp-image-10054 alignright\" src=\"https:\/\/balsamico.shop\/de\/wp-content\/uploads\/2022\/01\/Obizzo_II_Este3-e1641485956118-300x290.jpg\" alt=\"Obizzo_II_Este 3\" width=\"118\" height=\"114\" srcset=\"https:\/\/balsamico.shop\/de\/wp-content\/uploads\/2022\/01\/Obizzo_II_Este3-e1641485956118-300x293.jpg 300w, https:\/\/balsamico.shop\/de\/wp-content\/uploads\/2022\/01\/Obizzo_II_Este3-e1641485956118.jpg 303w\" sizes=\"auto, (max-width: 118px) 100vw, 118px\" \/> Der neuste Artikel in unserem Sortiment. Es handelt sich um einen jungen Balsamico mit einem lebendigen und fruchtigen Geschmack, dennoch mit einer milden S\u00e4ure. Er besteht ausschlie\u00dflich aus gekochtem Traubenmost und wird Holzf\u00e4ssern aus Eiche und Kastanie gereift und stammt aus einer Acetaia in Reggio Emilia mit langer Tradition.<\/li>\n<\/ul>\n<p>&nbsp;<\/p>\n<ul>\n<li><em><strong>Aceto Balsamico Tradizionale di Reggio Emilia D.O.P.<\/strong><\/em>\u00a0<em><strong>Argento<\/strong><\/em> 10ml \u2013 <strong>Bernardo Tesori<\/strong>. <img loading=\"lazy\" decoding=\"async\" class=\"size-full wp-image-11859 alignleft\" src=\"https:\/\/balsamico.shop\/de\/wp-content\/uploads\/2022\/07\/Protected-designation-origin-logo-de-min-groesse-2.png\" alt=\"\" width=\"100\" height=\"100\" srcset=\"https:\/\/balsamico.shop\/de\/wp-content\/uploads\/2022\/07\/Protected-designation-origin-logo-de-min-groesse-2.png 100w, https:\/\/balsamico.shop\/de\/wp-content\/uploads\/2022\/07\/Protected-designation-origin-logo-de-min-groesse-2-75x75.png 75w\" sizes=\"auto, (max-width: 100px) 100vw, 100px\" \/> Weltweit die erste 10ml Flasche von zertifiziertem Aceto Balsamico Tradizionale D.O.P. Mehr als 12 Jahre reifte dieser Balsamico in den zertifizierten Holzf\u00e4ssern unserer Partner <strong>Acetaia Cavalli<\/strong> und wurde auf traditionelle Art hergestellt. Die einzige zugelassene Zutat: <strong>100% eingekochter Traubenmost<\/strong> aus der Region Reggio Emilia.<\/li>\n<\/ul>\n<p>&nbsp;<\/p>\n<ul>\n<li><em><strong>Aceto Balsamico Tradizionale di Modena D.O.P. Affinato Silber Edition<\/strong>\u00a0<\/em>100ml \u2013 <strong>Bernardo Tesori.<\/strong> <img loading=\"lazy\" decoding=\"async\" class=\"size-full wp-image-11859 alignright\" src=\"https:\/\/balsamico.shop\/de\/wp-content\/uploads\/2022\/07\/Protected-designation-origin-logo-de-min-groesse-2.png\" alt=\"\" width=\"100\" height=\"100\" srcset=\"https:\/\/balsamico.shop\/de\/wp-content\/uploads\/2022\/07\/Protected-designation-origin-logo-de-min-groesse-2.png 100w, https:\/\/balsamico.shop\/de\/wp-content\/uploads\/2022\/07\/Protected-designation-origin-logo-de-min-groesse-2-75x75.png 75w\" sizes=\"auto, (max-width: 100px) 100vw, 100px\" \/>Die Bernardo Tesori Silber Edition ist ein Aceto Balsamico Tradizionale di Modena D.O.P Affinato, der 12 bis 24 Jahre in zertifizierten und registrierten Holzf\u00e4sser in Modena gereift ist. Der Aceto Balsamico Tradizionale di Modena D.O.P ist ein\u00a0reines Naturprodukt und besteht nur aus einer einzigen Zutat &#8211; <strong>100% gekochter Traubenmost<\/strong>.<\/li>\n<\/ul>\n<blockquote><p><img loading=\"lazy\" decoding=\"async\" class=\"wp-image-13490 alignleft\" src=\"https:\/\/balsamico.shop\/de\/wp-content\/uploads\/2023\/02\/thomas-sixt-300x292.png\" alt=\"Thomas Sixt - Koch und Kochbuchautor\" width=\"100\" height=\"97\" srcset=\"https:\/\/balsamico.shop\/de\/wp-content\/uploads\/2023\/02\/thomas-sixt-300x292.png 300w, https:\/\/balsamico.shop\/de\/wp-content\/uploads\/2023\/02\/thomas-sixt.png 373w\" sizes=\"auto, (max-width: 100px) 100vw, 100px\" \/>&#8222;<em>Die geschmackliche Bandbreite dieser Balsamico-Auswahl zeigt was auf diesem Gebiet m\u00f6glich ist. Es ist f\u00fcr mich jedes Mal ein Hochgenuss mit diesen edlen Zutaten ein Gericht zu verfeinern und gleichzeitig die Gaumen zu kitzeln. Diese Box vermittelt Ihnen auf beeindruckende Weise die traditionelle handwerkliche Kunst der Essigzubereitung aus der wundersch\u00f6nen Emilia Romagna in Italien.<\/em>&#8222;<\/p><\/blockquote>\n<p>Von einem qualitativen Aceto-Balsamico f\u00fcr schmackhafte Salatdressings sowie f\u00fcr den Balsamico-Klassiker \u201e<strong>Tomate Mozzarella<\/strong>\u201c bis hin zum exklusivsten Produkt f\u00fcr eure feinsten kulinarischen Gourmet-Kreationen. Das alles findet ihr in unserem <strong>Gourmet Balsamico Set.<\/strong><\/p>\n<p>Hinweise f\u00fcr Allergiker: Kann Sulfite enthalten.<\/p>\n","protected":false},"excerpt":{"rendered":"<p>In Zusammenarbeit mit dem <strong>Spitzenkoch Thomas Sixt<\/strong> entstand dieses einzigartige Angebot: Die <strong>Gourmet Balsamico Kochbox<\/strong>.<\/p>\n<p>Die <strong>Gourmet Balsamico Kochbox<\/strong> basiert auf der Idee alle Facetten dieses hochwertigen Produktes &#8211; des Balsamicos &#8211; in einem einzelnen Artikel zu umfassen und die Vielseitigkeit dieses Produktes in eure K\u00fcche zu bringen, denn <strong>Balsamico ist nicht gleich Balsamico<\/strong> &#8211; ganz im Gegenteil!<\/p>\n<p>Diese Zusammenarbeit entspringt dem, was Bernardo Tesori und Thomas Sixt am meisten gemeinsam haben: die Liebe zu <strong>Qualit\u00e4tsprodukten<\/strong>.<\/p>\n<p>Unsere Produktauswahl f\u00fcr diese Sonderedition hat die Aufgabe, euch auf eine echte Reise in die Welt des <strong>Balsamico<\/strong> zu begleiten und seine Verwendung bei der Zubereitung verschiedenster Gerichte nahezulegen.<\/p>\n","protected":false},"featured_media":13474,"template":"","meta":[],"product_brand":[],"product_cat":[73,77],"product_tag":[],"class_list":{"0":"post-13473","1":"product","2":"type-product","3":"status-publish","4":"has-post-thumbnail","6":"product_cat-neu","7":"product_cat-sonderaktion","8":"product_shipping_class-ueber-100","10":"first","11":"instock","12":"virtual","13":"taxable","14":"purchasable","15":"product-type-bundle"},"bundle_layout":"default","bundled_by":[],"bundled_items":[{"bundled_item_id":9,"product_id":8153,"menu_order":0,"quantity_min":1,"quantity_max":1,"priced_individually":false,"shipped_individually":false,"override_title":false,"title":"","override_description":false,"description":"","optional":false,"hide_thumbnail":false,"discount":"","override_variations":false,"allowed_variations":[],"override_default_variation_attributes":false,"default_variation_attributes":[],"single_product_visibility":"hidden","cart_visibility":"hidden","order_visibility":"hidden","single_product_price_visibility":"visible","cart_price_visibility":"visible","order_price_visibility":"visible","stock_status":"in_stock"},{"bundled_item_id":10,"product_id":2326,"menu_order":1,"quantity_min":1,"quantity_max":1,"priced_individually":false,"shipped_individually":false,"override_title":false,"title":"","override_description":false,"description":"","optional":false,"hide_thumbnail":false,"discount":"","override_variations":false,"allowed_variations":[],"override_default_variation_attributes":false,"default_variation_attributes":[],"single_product_visibility":"hidden","cart_visibility":"hidden","order_visibility":"hidden","single_product_price_visibility":"visible","cart_price_visibility":"visible","order_price_visibility":"visible","stock_status":"in_stock"},{"bundled_item_id":11,"product_id":5963,"menu_order":2,"quantity_min":1,"quantity_max":1,"priced_individually":false,"shipped_individually":false,"override_title":false,"title":"","override_description":false,"description":"","optional":false,"hide_thumbnail":false,"discount":"","override_variations":false,"allowed_variations":[],"override_default_variation_attributes":false,"default_variation_attributes":[],"single_product_visibility":"hidden","cart_visibility":"hidden","order_visibility":"hidden","single_product_price_visibility":"visible","cart_price_visibility":"visible","order_price_visibility":"visible","stock_status":"out_of_stock"},{"bundled_item_id":12,"product_id":3751,"menu_order":3,"quantity_min":1,"quantity_max":1,"priced_individually":false,"shipped_individually":false,"override_title":false,"title":"","override_description":false,"description":"","optional":false,"hide_thumbnail":false,"discount":"","override_variations":false,"allowed_variations":[],"override_default_variation_attributes":false,"default_variation_attributes":[],"single_product_visibility":"hidden","cart_visibility":"hidden","order_visibility":"hidden","single_product_price_visibility":"visible","cart_price_visibility":"visible","order_price_visibility":"visible","stock_status":"in_stock"},{"bundled_item_id":13,"product_id":13477,"menu_order":4,"quantity_min":1,"quantity_max":1,"priced_individually":false,"shipped_individually":false,"override_title":false,"title":"","override_description":false,"description":"","optional":false,"hide_thumbnail":false,"discount":"","override_variations":false,"allowed_variations":[],"override_default_variation_attributes":false,"default_variation_attributes":[],"single_product_visibility":"hidden","cart_visibility":"hidden","order_visibility":"hidden","single_product_price_visibility":"visible","cart_price_visibility":"visible","order_price_visibility":"visible","stock_status":"in_stock"}],"yoast_head":"<!-- This site is optimized with the Yoast SEO plugin v27.5 - https:\/\/yoast.com\/product\/yoast-seo-wordpress\/ -->\n<title>F\u00fcr dein Einstieg: Gourmet Aceto Balsamico Zutatenbox zum kochen - empfohlen von Koch Thomas Sixt<\/title>\n<meta name=\"description\" content=\"Die Gourmet Balsamico Kochbox in Zusammenarbeit mit dem Spitzenkoch Thomas Sixt: Von einem qualitativen Alltags-Balsamico f\u00fcr Salatdressings und f\u00fcr den Balsamico-Klassiker \u201eTomate Mozzarella\u201c bis hin zum exklusivsten Produkt f\u00fcr eure feinsten kulinarischen Kreationen. Das alles findet in unserer Gourmet Balsamico Kochbox.\" \/>\n<meta name=\"robots\" content=\"index, follow, max-snippet:-1, max-image-preview:large, max-video-preview:-1\" \/>\n<link rel=\"canonical\" href=\"https:\/\/balsamico.shop\/de\/produkt\/gourmet-balsamico-kochbox\/\" \/>\n<script type=\"application\/ld+json\" class=\"yoast-schema-graph\">{\"@context\":\"https:\\\/\\\/schema.org\",\"@graph\":[{\"@type\":\"WebPage\",\"@id\":\"https:\\\/\\\/balsamico.shop\\\/de\\\/produkt\\\/gourmet-balsamico-kochbox\\\/\",\"url\":\"https:\\\/\\\/balsamico.shop\\\/de\\\/produkt\\\/gourmet-balsamico-kochbox\\\/\",\"name\":\"F\u00fcr dein Einstieg: Gourmet Aceto Balsamico Zutatenbox zum kochen - empfohlen von Koch Thomas Sixt\",\"isPartOf\":{\"@id\":\"https:\\\/\\\/balsamico.shop\\\/de\\\/#website\"},\"primaryImageOfPage\":{\"@id\":\"https:\\\/\\\/balsamico.shop\\\/de\\\/produkt\\\/gourmet-balsamico-kochbox\\\/#primaryimage\"},\"image\":{\"@id\":\"https:\\\/\\\/balsamico.shop\\\/de\\\/produkt\\\/gourmet-balsamico-kochbox\\\/#primaryimage\"},\"thumbnailUrl\":\"https:\\\/\\\/balsamico.shop\\\/de\\\/wp-content\\\/uploads\\\/2023\\\/02\\\/gourmet-balsamico-kochbox.jpg\",\"datePublished\":\"2023-02-17T18:13:38+00:00\",\"dateModified\":\"2024-10-10T10:04:03+00:00\",\"description\":\"Die Gourmet Balsamico Kochbox in Zusammenarbeit mit dem Spitzenkoch Thomas Sixt: Von einem qualitativen Alltags-Balsamico f\u00fcr Salatdressings und f\u00fcr den Balsamico-Klassiker \u201eTomate Mozzarella\u201c bis hin zum exklusivsten Produkt f\u00fcr eure feinsten kulinarischen Kreationen. Das alles findet in unserer Gourmet Balsamico Kochbox.\",\"breadcrumb\":{\"@id\":\"https:\\\/\\\/balsamico.shop\\\/de\\\/produkt\\\/gourmet-balsamico-kochbox\\\/#breadcrumb\"},\"inLanguage\":\"de\",\"potentialAction\":[{\"@type\":\"ReadAction\",\"target\":[\"https:\\\/\\\/balsamico.shop\\\/de\\\/produkt\\\/gourmet-balsamico-kochbox\\\/\"]}]},{\"@type\":\"ImageObject\",\"inLanguage\":\"de\",\"@id\":\"https:\\\/\\\/balsamico.shop\\\/de\\\/produkt\\\/gourmet-balsamico-kochbox\\\/#primaryimage\",\"url\":\"https:\\\/\\\/balsamico.shop\\\/de\\\/wp-content\\\/uploads\\\/2023\\\/02\\\/gourmet-balsamico-kochbox.jpg\",\"contentUrl\":\"https:\\\/\\\/balsamico.shop\\\/de\\\/wp-content\\\/uploads\\\/2023\\\/02\\\/gourmet-balsamico-kochbox.jpg\",\"width\":1600,\"height\":1872,\"caption\":\"Gourmet Balsamico Kochbox\"},{\"@type\":\"BreadcrumbList\",\"@id\":\"https:\\\/\\\/balsamico.shop\\\/de\\\/produkt\\\/gourmet-balsamico-kochbox\\\/#breadcrumb\",\"itemListElement\":[{\"@type\":\"ListItem\",\"position\":1,\"name\":\"Startseite\",\"item\":\"https:\\\/\\\/balsamico.shop\\\/de\\\/\"},{\"@type\":\"ListItem\",\"position\":2,\"name\":\"Aceto Balsamico Shop\",\"item\":\"https:\\\/\\\/balsamico.shop\\\/de\\\/shop\\\/\"},{\"@type\":\"ListItem\",\"position\":3,\"name\":\"Gourmet Balsamico Set\"}]},{\"@type\":\"WebSite\",\"@id\":\"https:\\\/\\\/balsamico.shop\\\/de\\\/#website\",\"url\":\"https:\\\/\\\/balsamico.shop\\\/de\\\/\",\"name\":\"Aceto Balsamico Shop\",\"description\":\"Shop f\u00fcr Balsamico aus Modena &amp; Reggio Emilia\",\"publisher\":{\"@id\":\"https:\\\/\\\/balsamico.shop\\\/de\\\/#organization\"},\"potentialAction\":[{\"@type\":\"SearchAction\",\"target\":{\"@type\":\"EntryPoint\",\"urlTemplate\":\"https:\\\/\\\/balsamico.shop\\\/de\\\/?s={search_term_string}\"},\"query-input\":{\"@type\":\"PropertyValueSpecification\",\"valueRequired\":true,\"valueName\":\"search_term_string\"}}],\"inLanguage\":\"de\"},{\"@type\":\"Organization\",\"@id\":\"https:\\\/\\\/balsamico.shop\\\/de\\\/#organization\",\"name\":\"Bernardo Tesori\",\"url\":\"https:\\\/\\\/balsamico.shop\\\/de\\\/\",\"logo\":{\"@type\":\"ImageObject\",\"inLanguage\":\"de\",\"@id\":\"https:\\\/\\\/balsamico.shop\\\/de\\\/#\\\/schema\\\/logo\\\/image\\\/\",\"url\":\"https:\\\/\\\/balsamico.shop\\\/de\\\/wp-content\\\/uploads\\\/2016\\\/04\\\/logo_bernardo.png\",\"contentUrl\":\"https:\\\/\\\/balsamico.shop\\\/de\\\/wp-content\\\/uploads\\\/2016\\\/04\\\/logo_bernardo.png\",\"width\":278,\"height\":466,\"caption\":\"Bernardo Tesori\"},\"image\":{\"@id\":\"https:\\\/\\\/balsamico.shop\\\/de\\\/#\\\/schema\\\/logo\\\/image\\\/\"}}]}<\/script>\n<!-- \/ Yoast SEO plugin. -->","yoast_head_json":{"title":"F\u00fcr dein Einstieg: Gourmet Aceto Balsamico Zutatenbox zum kochen - empfohlen von Koch Thomas Sixt","description":"Die Gourmet Balsamico Kochbox in Zusammenarbeit mit dem Spitzenkoch Thomas Sixt: Von einem qualitativen Alltags-Balsamico f\u00fcr Salatdressings und f\u00fcr den Balsamico-Klassiker \u201eTomate Mozzarella\u201c bis hin zum exklusivsten Produkt f\u00fcr eure feinsten kulinarischen Kreationen. Das alles findet in unserer Gourmet Balsamico Kochbox.","robots":{"index":"index","follow":"follow","max-snippet":"max-snippet:-1","max-image-preview":"max-image-preview:large","max-video-preview":"max-video-preview:-1"},"canonical":"https:\/\/balsamico.shop\/de\/produkt\/gourmet-balsamico-kochbox\/","schema":{"@context":"https:\/\/schema.org","@graph":[{"@type":"WebPage","@id":"https:\/\/balsamico.shop\/de\/produkt\/gourmet-balsamico-kochbox\/","url":"https:\/\/balsamico.shop\/de\/produkt\/gourmet-balsamico-kochbox\/","name":"F\u00fcr dein Einstieg: Gourmet Aceto Balsamico Zutatenbox zum kochen - empfohlen von Koch Thomas Sixt","isPartOf":{"@id":"https:\/\/balsamico.shop\/de\/#website"},"primaryImageOfPage":{"@id":"https:\/\/balsamico.shop\/de\/produkt\/gourmet-balsamico-kochbox\/#primaryimage"},"image":{"@id":"https:\/\/balsamico.shop\/de\/produkt\/gourmet-balsamico-kochbox\/#primaryimage"},"thumbnailUrl":"https:\/\/balsamico.shop\/de\/wp-content\/uploads\/2023\/02\/gourmet-balsamico-kochbox.jpg","datePublished":"2023-02-17T18:13:38+00:00","dateModified":"2024-10-10T10:04:03+00:00","description":"Die Gourmet Balsamico Kochbox in Zusammenarbeit mit dem Spitzenkoch Thomas Sixt: Von einem qualitativen Alltags-Balsamico f\u00fcr Salatdressings und f\u00fcr den Balsamico-Klassiker \u201eTomate Mozzarella\u201c bis hin zum exklusivsten Produkt f\u00fcr eure feinsten kulinarischen Kreationen. Das alles findet in unserer Gourmet Balsamico Kochbox.","breadcrumb":{"@id":"https:\/\/balsamico.shop\/de\/produkt\/gourmet-balsamico-kochbox\/#breadcrumb"},"inLanguage":"de","potentialAction":[{"@type":"ReadAction","target":["https:\/\/balsamico.shop\/de\/produkt\/gourmet-balsamico-kochbox\/"]}]},{"@type":"ImageObject","inLanguage":"de","@id":"https:\/\/balsamico.shop\/de\/produkt\/gourmet-balsamico-kochbox\/#primaryimage","url":"https:\/\/balsamico.shop\/de\/wp-content\/uploads\/2023\/02\/gourmet-balsamico-kochbox.jpg","contentUrl":"https:\/\/balsamico.shop\/de\/wp-content\/uploads\/2023\/02\/gourmet-balsamico-kochbox.jpg","width":1600,"height":1872,"caption":"Gourmet Balsamico Kochbox"},{"@type":"BreadcrumbList","@id":"https:\/\/balsamico.shop\/de\/produkt\/gourmet-balsamico-kochbox\/#breadcrumb","itemListElement":[{"@type":"ListItem","position":1,"name":"Startseite","item":"https:\/\/balsamico.shop\/de\/"},{"@type":"ListItem","position":2,"name":"Aceto Balsamico Shop","item":"https:\/\/balsamico.shop\/de\/shop\/"},{"@type":"ListItem","position":3,"name":"Gourmet Balsamico Set"}]},{"@type":"WebSite","@id":"https:\/\/balsamico.shop\/de\/#website","url":"https:\/\/balsamico.shop\/de\/","name":"Aceto Balsamico Shop","description":"Shop f\u00fcr Balsamico aus Modena &amp; Reggio Emilia","publisher":{"@id":"https:\/\/balsamico.shop\/de\/#organization"},"potentialAction":[{"@type":"SearchAction","target":{"@type":"EntryPoint","urlTemplate":"https:\/\/balsamico.shop\/de\/?s={search_term_string}"},"query-input":{"@type":"PropertyValueSpecification","valueRequired":true,"valueName":"search_term_string"}}],"inLanguage":"de"},{"@type":"Organization","@id":"https:\/\/balsamico.shop\/de\/#organization","name":"Bernardo Tesori","url":"https:\/\/balsamico.shop\/de\/","logo":{"@type":"ImageObject","inLanguage":"de","@id":"https:\/\/balsamico.shop\/de\/#\/schema\/logo\/image\/","url":"https:\/\/balsamico.shop\/de\/wp-content\/uploads\/2016\/04\/logo_bernardo.png","contentUrl":"https:\/\/balsamico.shop\/de\/wp-content\/uploads\/2016\/04\/logo_bernardo.png","width":278,"height":466,"caption":"Bernardo Tesori"},"image":{"@id":"https:\/\/balsamico.shop\/de\/#\/schema\/logo\/image\/"}}]}},"_links":{"self":[{"href":"https:\/\/balsamico.shop\/de\/wp-json\/wp\/v2\/product\/13473","targetHints":{"allow":["GET"]}}],"collection":[{"href":"https:\/\/balsamico.shop\/de\/wp-json\/wp\/v2\/product"}],"about":[{"href":"https:\/\/balsamico.shop\/de\/wp-json\/wp\/v2\/types\/product"}],"wp:featuredmedia":[{"embeddable":true,"href":"https:\/\/balsamico.shop\/de\/wp-json\/wp\/v2\/media\/13474"}],"wp:attachment":[{"href":"https:\/\/balsamico.shop\/de\/wp-json\/wp\/v2\/media?parent=13473"}],"wp:term":[{"taxonomy":"product_brand","embeddable":true,"href":"https:\/\/balsamico.shop\/de\/wp-json\/wp\/v2\/product_brand?post=13473"},{"taxonomy":"product_cat","embeddable":true,"href":"https:\/\/balsamico.shop\/de\/wp-json\/wp\/v2\/product_cat?post=13473"},{"taxonomy":"product_tag","embeddable":true,"href":"https:\/\/balsamico.shop\/de\/wp-json\/wp\/v2\/product_tag?post=13473"}],"curies":[{"name":"wp","href":"https:\/\/api.w.org\/{rel}","templated":true}]}}