{"id":11,"date":"2016-03-28T18:11:08","date_gmt":"2016-03-28T16:11:08","guid":{"rendered":"http:\/\/de.aceto-balsamico-tradizionale.com\/?post_type=product&#038;p=11"},"modified":"2024-07-15T17:50:32","modified_gmt":"2024-07-15T15:50:32","slug":"aceto-balsamico-tradizionale-di-modena-12-jahre","status":"publish","type":"product","link":"https:\/\/balsamico.shop\/de\/produkt\/aceto-balsamico-tradizionale-di-modena-12-jahre\/","title":{"rendered":"Aceto Balsamico Tradizionale di Modena DOP &#8211; 12 Jahre &#8211; Bonini"},"content":{"rendered":"<p>Dieser Aceto Balsamico Tradizionale di Modena aus dem Hause Bonini ist mindestens 12 Jahre abwechselnd in verschiedenen Holzf\u00e4ssern gereift.\u00a0 Er wurde nach traditioneller Art hergestellt und darf sich nach Vorgaben der <a href=\"http:\/\/ec.europa.eu\/agriculture\/quality\/door\/registeredName.html?denominationId=59\">EU EWG Verordnung<\/a> &#8222;<strong>Aceto Balsamico Tradizionale di Modena D.O.P<\/strong>&#8220; nennen. Er wurde aus 100% gekochtem Traubenmost der Trebbiano Traube mit viel Liebe und Geduld gefertigt. Die originale Kugelflasche tr\u00e4gt eine rote Verschlusskappe.<\/p>\n<p>Bei unserer Verkostung zeigten sich folgende Eigenschaften: Im Geruch war dieser Tradizionale gut in der Direktheit und blieb leicht haften. Der Geschmack war intensiv fruchtig, s\u00fc\u00df und ausgewogen sauer. Dieser Aceto Balsamico Tradizionale hat eine sch\u00f6ne dunkelbraune bis stark dunkelbraune F\u00e4rbung. Er ist, trotz seines f\u00fcr einen Tradizionale jungen Alters und der damit verbundenen geringeren Dickfl\u00fcssigkeit im Vergleich zu einem Extra Vecchio, sirupartig &#8211; wie ein Faden aus hei\u00dfer Schokolade &#8211; aus dem gl\u00e4sernen Au\u00dfgie\u00dfer geflossen, ohne dabei einzelne Tropfen zu bilden. Dieser Balsamessig eignet sich unsere Meinung nach hervorragend zu Fr\u00fcchten oder einem frischen italienischen B\u00fcffelmozzarella.<\/p>\n<p><strong>Zutaten:<\/strong> 100% gekochter Traubenmost keine zus\u00e4tzlichen Sulfite. Glutenfrei.<\/p>\n<p><strong>Haltbar lt. Hersteller bis in das Jahr<\/strong>: 2025<\/p>\n","protected":false},"excerpt":{"rendered":"<p>Dieser Aceto Balsamico Tradizionale di Modena aus dem Hause Bonini ist mindestens 12 Jahre abwechselnd in verschiedenen Holzf\u00e4ssern gereift.\u00a0 Er wurde nach traditioneller Art hergestellt und darf sich nach Vorgaben der EU EWG Verordnung &#8222;Aceto Balsamico Tradizionale di Modena D.O.P&#8220; nennen. Er wurde aus 100% gekochtem Traubenmost der Trebbiano Traube mit viel Liebe und Geduld gefertigt. Die originale Kugelflasche tr\u00e4gt eine rote Verschlusskappe. Bei unserer Verkostung zeigten sich folgende Eigenschaften: Im Geruch war dieser Tradizionale gut in der Direktheit und blieb leicht haften. Der Geschmack war intensiv fruchtig, s\u00fc\u00df und ausgewogen sauer. Dieser Aceto Balsamico Tradizionale hat eine sch\u00f6ne dunkelbraune bis stark dunkelbraune F\u00e4rbung. Er ist, trotz seines f\u00fcr einen Tradizionale jungen Alters und der damit verbundenen geringeren Dickfl\u00fcssigkeit im Vergleich zu einem Extra Vecchio, sirupartig &#8211; wie ein Faden aus hei\u00dfer Schokolade &#8211; aus dem gl\u00e4sernen Au\u00dfgie\u00dfer geflossen, ohne dabei einzelne Tropfen zu bilden. Dieser Balsamessig eignet sich unsere Meinung nach hervorragend zu Fr\u00fcchten oder einem frischen italienischen B\u00fcffelmozzarella. Zutaten: 100% gekochter Traubenmost keine zus\u00e4tzlichen Sulfite. Glutenfrei. Haltbar lt. Hersteller bis in das Jahr: 2025<\/p>\n","protected":false},"featured_media":222,"template":"","meta":[],"product_brand":[],"product_cat":[25],"product_tag":[],"class_list":{"0":"post-11","1":"product","2":"type-product","3":"status-publish","4":"has-post-thumbnail","6":"product_cat-bonini","7":"product_shipping_class-balsamico","9":"first","10":"outofstock","11":"taxable","12":"shipping-taxable","13":"purchasable","14":"product-type-simple"},"bundle_layout":"","bundled_by":[],"bundled_items":[],"yoast_head":"<!-- This site is optimized with the Yoast SEO plugin v27.3 - https:\/\/yoast.com\/product\/yoast-seo-wordpress\/ -->\n<title>Aceto Balsamico Tradizionale di Modena DOP - 12 Jahre - Bonini &#187; Aceto Balsamico Shop<\/title>\n<meta name=\"robots\" content=\"index, follow, max-snippet:-1, max-image-preview:large, max-video-preview:-1\" \/>\n<link rel=\"canonical\" href=\"https:\/\/balsamico.shop\/de\/produkt\/aceto-balsamico-tradizionale-di-modena-12-jahre\/\" \/>\n<script type=\"application\/ld+json\" class=\"yoast-schema-graph\">{\"@context\":\"https:\\\/\\\/schema.org\",\"@graph\":[{\"@type\":\"ImageObject\",\"inLanguage\":\"de\",\"@id\":\"https:\\\/\\\/balsamico.shop\\\/de\\\/produkt\\\/aceto-balsamico-tradizionale-di-modena-12-jahre\\\/#primaryimage\",\"url\":\"https:\\\/\\\/balsamico.shop\\\/de\\\/wp-content\\\/uploads\\\/2016\\\/04\\\/bonini-12-aceto-balsamico-tradizionale.jpg\",\"contentUrl\":\"https:\\\/\\\/balsamico.shop\\\/de\\\/wp-content\\\/uploads\\\/2016\\\/04\\\/bonini-12-aceto-balsamico-tradizionale.jpg\",\"width\":400,\"height\":520,\"caption\":\"Bonini 12 Jahre Aceto Balsamico Tradizionale\"},{\"@type\":\"BreadcrumbList\",\"@id\":\"https:\\\/\\\/balsamico.shop\\\/de\\\/produkt\\\/aceto-balsamico-tradizionale-di-modena-12-jahre\\\/#breadcrumb\",\"itemListElement\":[{\"@type\":\"ListItem\",\"position\":1,\"name\":\"Startseite\",\"item\":\"https:\\\/\\\/balsamico.shop\\\/de\\\/\"},{\"@type\":\"ListItem\",\"position\":2,\"name\":\"Aceto Balsamico Shop\",\"item\":\"https:\\\/\\\/balsamico.shop\\\/de\\\/shop\\\/\"},{\"@type\":\"ListItem\",\"position\":3,\"name\":\"Aceto Balsamico Tradizionale di Modena DOP &#8211; 12 Jahre &#8211; Bonini\"}]},{\"@type\":\"WebSite\",\"@id\":\"https:\\\/\\\/balsamico.shop\\\/de\\\/#website\",\"url\":\"https:\\\/\\\/balsamico.shop\\\/de\\\/\",\"name\":\"Aceto Balsamico Shop\",\"description\":\"Shop f\u00fcr Balsamico aus Modena &amp; Reggio Emilia\",\"publisher\":{\"@id\":\"https:\\\/\\\/balsamico.shop\\\/de\\\/#organization\"},\"potentialAction\":[{\"@type\":\"SearchAction\",\"target\":{\"@type\":\"EntryPoint\",\"urlTemplate\":\"https:\\\/\\\/balsamico.shop\\\/de\\\/?s={search_term_string}\"},\"query-input\":{\"@type\":\"PropertyValueSpecification\",\"valueRequired\":true,\"valueName\":\"search_term_string\"}}],\"inLanguage\":\"de\"},{\"@type\":\"Organization\",\"@id\":\"https:\\\/\\\/balsamico.shop\\\/de\\\/#organization\",\"name\":\"Bernardo Tesori\",\"url\":\"https:\\\/\\\/balsamico.shop\\\/de\\\/\",\"logo\":{\"@type\":\"ImageObject\",\"inLanguage\":\"de\",\"@id\":\"https:\\\/\\\/balsamico.shop\\\/de\\\/#\\\/schema\\\/logo\\\/image\\\/\",\"url\":\"https:\\\/\\\/balsamico.shop\\\/de\\\/wp-content\\\/uploads\\\/2016\\\/04\\\/logo_bernardo.png\",\"contentUrl\":\"https:\\\/\\\/balsamico.shop\\\/de\\\/wp-content\\\/uploads\\\/2016\\\/04\\\/logo_bernardo.png\",\"width\":278,\"height\":466,\"caption\":\"Bernardo Tesori\"},\"image\":{\"@id\":\"https:\\\/\\\/balsamico.shop\\\/de\\\/#\\\/schema\\\/logo\\\/image\\\/\"}}]}<\/script>\n<!-- \/ Yoast SEO plugin. -->","yoast_head_json":{"title":"Aceto Balsamico Tradizionale di Modena DOP - 12 Jahre - Bonini &#187; Aceto Balsamico Shop","robots":{"index":"index","follow":"follow","max-snippet":"max-snippet:-1","max-image-preview":"max-image-preview:large","max-video-preview":"max-video-preview:-1"},"canonical":"https:\/\/balsamico.shop\/de\/produkt\/aceto-balsamico-tradizionale-di-modena-12-jahre\/","schema":{"@context":"https:\/\/schema.org","@graph":[{"@type":"ImageObject","inLanguage":"de","@id":"https:\/\/balsamico.shop\/de\/produkt\/aceto-balsamico-tradizionale-di-modena-12-jahre\/#primaryimage","url":"https:\/\/balsamico.shop\/de\/wp-content\/uploads\/2016\/04\/bonini-12-aceto-balsamico-tradizionale.jpg","contentUrl":"https:\/\/balsamico.shop\/de\/wp-content\/uploads\/2016\/04\/bonini-12-aceto-balsamico-tradizionale.jpg","width":400,"height":520,"caption":"Bonini 12 Jahre Aceto Balsamico Tradizionale"},{"@type":"BreadcrumbList","@id":"https:\/\/balsamico.shop\/de\/produkt\/aceto-balsamico-tradizionale-di-modena-12-jahre\/#breadcrumb","itemListElement":[{"@type":"ListItem","position":1,"name":"Startseite","item":"https:\/\/balsamico.shop\/de\/"},{"@type":"ListItem","position":2,"name":"Aceto Balsamico Shop","item":"https:\/\/balsamico.shop\/de\/shop\/"},{"@type":"ListItem","position":3,"name":"Aceto Balsamico Tradizionale di Modena DOP &#8211; 12 Jahre &#8211; Bonini"}]},{"@type":"WebSite","@id":"https:\/\/balsamico.shop\/de\/#website","url":"https:\/\/balsamico.shop\/de\/","name":"Aceto Balsamico Shop","description":"Shop f\u00fcr Balsamico aus Modena &amp; Reggio Emilia","publisher":{"@id":"https:\/\/balsamico.shop\/de\/#organization"},"potentialAction":[{"@type":"SearchAction","target":{"@type":"EntryPoint","urlTemplate":"https:\/\/balsamico.shop\/de\/?s={search_term_string}"},"query-input":{"@type":"PropertyValueSpecification","valueRequired":true,"valueName":"search_term_string"}}],"inLanguage":"de"},{"@type":"Organization","@id":"https:\/\/balsamico.shop\/de\/#organization","name":"Bernardo Tesori","url":"https:\/\/balsamico.shop\/de\/","logo":{"@type":"ImageObject","inLanguage":"de","@id":"https:\/\/balsamico.shop\/de\/#\/schema\/logo\/image\/","url":"https:\/\/balsamico.shop\/de\/wp-content\/uploads\/2016\/04\/logo_bernardo.png","contentUrl":"https:\/\/balsamico.shop\/de\/wp-content\/uploads\/2016\/04\/logo_bernardo.png","width":278,"height":466,"caption":"Bernardo Tesori"},"image":{"@id":"https:\/\/balsamico.shop\/de\/#\/schema\/logo\/image\/"}}]}},"_links":{"self":[{"href":"https:\/\/balsamico.shop\/de\/wp-json\/wp\/v2\/product\/11","targetHints":{"allow":["GET"]}}],"collection":[{"href":"https:\/\/balsamico.shop\/de\/wp-json\/wp\/v2\/product"}],"about":[{"href":"https:\/\/balsamico.shop\/de\/wp-json\/wp\/v2\/types\/product"}],"wp:featuredmedia":[{"embeddable":true,"href":"https:\/\/balsamico.shop\/de\/wp-json\/wp\/v2\/media\/222"}],"wp:attachment":[{"href":"https:\/\/balsamico.shop\/de\/wp-json\/wp\/v2\/media?parent=11"}],"wp:term":[{"taxonomy":"product_brand","embeddable":true,"href":"https:\/\/balsamico.shop\/de\/wp-json\/wp\/v2\/product_brand?post=11"},{"taxonomy":"product_cat","embeddable":true,"href":"https:\/\/balsamico.shop\/de\/wp-json\/wp\/v2\/product_cat?post=11"},{"taxonomy":"product_tag","embeddable":true,"href":"https:\/\/balsamico.shop\/de\/wp-json\/wp\/v2\/product_tag?post=11"}],"curies":[{"name":"wp","href":"https:\/\/api.w.org\/{rel}","templated":true}]}}