{"id":21,"date":"2016-03-28T23:23:26","date_gmt":"2016-03-28T21:23:26","guid":{"rendered":"http:\/\/de.aceto-balsamico-tradizionale.com\/?page_id=21"},"modified":"2024-01-01T08:38:25","modified_gmt":"2024-01-01T07:38:25","slug":"versand","status":"publish","type":"page","link":"https:\/\/balsamico.shop\/de\/versand\/","title":{"rendered":"Versand"},"content":{"rendered":"<p>In unserem Shop gilt ein erforderlicher <strong>Mindestbestellwert von 29,- EUR<\/strong>.<\/p>\n<p>Innerhalb\u00a0<strong>Deutschlands<\/strong> versenden wir mit <strong>DHL<\/strong> <mark><strong>versandkostenfrei<\/strong><\/mark> von Montag bis Freitag Ihre Bestellung mit einer Lieferfrist von 2-3 Tagen bis max. 30 kg.<\/p>\n<p>Bei einem Versand an Paketstationen der Deutschen Post, teilen Sie uns diesen Wunsch bitte als Anmerkung bei der Bestellung mit oder schreiben Sie uns kurz eine E-Mail an <a href=\"mailto:shop@balsamico.shop\">shop@balsamico.shop<\/a><\/p>\n<p><strong>Lieferungen an Packstationen<\/strong>: Bitte beachten Sie die korrekte Adressierung Ihrer Packstation gem\u00e4\u00df des DHL Adressierungshinweises. Sie finden diesen Hinweis auf den Seiten von <a href=\"https:\/\/www.dhl.de\/de\/privatkunden\/pakete-empfangen\/an-einem-abholort-empfangen\/packstation\/empfangen-packstation.html\" target=\"_blank\" rel=\"noopener\">DHL<\/a>. In der Regel m\u00fcssen Sie den Stra\u00dfennamen weglassen und das Format sieht dann zum Beispiel so aus:<\/p>\n<p><em>Max Musterkoch<\/em><br \/>\n<em>373929012<\/em><br \/>\n<em>Packstation 123<\/em><br \/>\n<em>12345 Gourmethausen<\/em><\/p>\n<p>Nach <strong>\u00d6sterreich<\/strong> &amp; <strong>Luxemburg<\/strong> versenden wir mit UPS\u00a0 f\u00fcr eine Versandkostenpauschale von <strong>5,95 EUR<\/strong> pro Sendung bis max. 20 kg mit einer Lieferfrist von 2-4 Tagen und ab 75,- EUR auch versandkostenfrei.<\/p>\n<p><strong>Versand in das EU Ausland (au\u00dfer \u00d6sterreich &amp; Luxemburg):<\/strong><\/p>\n<p>Der Versand in das EU Ausland kostet pauschal <strong>11,- EUR<\/strong>. <strong>Ab 200,- EUR<\/strong> Warenwert versenden wir in EU L\u00e4nder versandkostenfrei. Die Lieferfrist betr\u00e4gt bei Lieferung in das EU Ausland zwischen 4-7 Tage. Wir versenden die Ware ins EU Ausland stets mit UPS.<\/p>\n<p>Wir versenden nicht in die <strong>Schweiz<\/strong>. Schweizer k\u00f6nnen ggf. einen Paketservice im Grenzgebiet in Deutschland beliefern lassen. Bei ordnungsgem\u00e4\u00dfer Ausfuhr (gestempelte Rechnung vom Zoll), erstatten wir die deutsche Mehrwertsteuer auf Anfrage. Wenn Sie sich unsicher sind, kontaktieren Sie uns im Vorfeld der Bestellung bitte.<\/p>\n","protected":false},"excerpt":{"rendered":"<p>In unserem Shop gilt ein erforderlicher Mindestbestellwert von 29,- EUR. Innerhalb\u00a0Deutschlands versenden wir mit DHL versandkostenfrei von Montag bis Freitag Ihre Bestellung mit einer Lieferfrist von 2-3 Tagen bis max. 30 kg. Bei einem Versand an Paketstationen der Deutschen Post, teilen Sie uns diesen Wunsch bitte als Anmerkung bei der Bestellung mit oder schreiben Sie uns kurz eine E-Mail an shop@balsamico.shop Lieferungen an Packstationen: Bitte beachten Sie die korrekte Adressierung Ihrer Packstation gem\u00e4\u00df des DHL Adressierungshinweises. Sie finden diesen Hinweis auf den Seiten von DHL. In der Regel m\u00fcssen Sie den Stra\u00dfennamen weglassen und das Format sieht dann zum Beispiel so aus: Max Musterkoch 373929012 Packstation 123 12345 Gourmethausen Nach \u00d6sterreich &amp; Luxemburg versenden wir mit UPS\u00a0 f\u00fcr eine Versandkostenpauschale von 5,95 EUR pro Sendung bis max. 20 kg mit einer Lieferfrist von 2-4 Tagen und ab 75,- EUR auch versandkostenfrei. Versand in das EU Ausland (au\u00dfer \u00d6sterreich &amp; Luxemburg): Der Versand in das EU Ausland kostet pauschal 11,- EUR. Ab 200,- EUR Warenwert versenden wir in EU L\u00e4nder versandkostenfrei. Die Lieferfrist betr\u00e4gt bei Lieferung in das EU Ausland zwischen 4-7 Tage. Wir versenden die Ware ins EU Ausland stets mit UPS. Wir versenden nicht in die Schweiz. Schweizer k\u00f6nnen ggf. einen Paketservice im Grenzgebiet in Deutschland beliefern lassen. Bei ordnungsgem\u00e4\u00dfer Ausfuhr (gestempelte Rechnung vom Zoll), erstatten wir die deutsche Mehrwertsteuer auf Anfrage. Wenn Sie sich unsicher sind, kontaktieren Sie uns im Vorfeld der Bestellung bitte.<\/p>\n","protected":false},"author":1,"featured_media":0,"parent":0,"menu_order":0,"comment_status":"closed","ping_status":"closed","template":"","meta":{"footnotes":""},"class_list":["post-21","page","type-page","status-publish","hentry"],"yoast_head":"<!-- This site is optimized with the Yoast SEO plugin v27.3 - https:\/\/yoast.com\/product\/yoast-seo-wordpress\/ -->\n<title>Versand &#187; Aceto Balsamico Shop<\/title>\n<meta name=\"robots\" content=\"index, follow, max-snippet:-1, max-image-preview:large, max-video-preview:-1\" \/>\n<link rel=\"canonical\" href=\"https:\/\/balsamico.shop\/de\/versand\/\" \/>\n<script type=\"application\/ld+json\" class=\"yoast-schema-graph\">{\"@context\":\"https:\\\/\\\/schema.org\",\"@graph\":[{\"@type\":\"BreadcrumbList\",\"@id\":\"https:\\\/\\\/balsamico.shop\\\/de\\\/versand\\\/#breadcrumb\",\"itemListElement\":[{\"@type\":\"ListItem\",\"position\":1,\"name\":\"Startseite\",\"item\":\"https:\\\/\\\/balsamico.shop\\\/de\\\/\"},{\"@type\":\"ListItem\",\"position\":2,\"name\":\"Versand\"}]},{\"@type\":\"WebSite\",\"@id\":\"https:\\\/\\\/balsamico.shop\\\/de\\\/#website\",\"url\":\"https:\\\/\\\/balsamico.shop\\\/de\\\/\",\"name\":\"Aceto Balsamico Shop\",\"description\":\"Shop f\u00fcr Balsamico aus Modena &amp; Reggio Emilia\",\"publisher\":{\"@id\":\"https:\\\/\\\/balsamico.shop\\\/de\\\/#organization\"},\"potentialAction\":[{\"@type\":\"SearchAction\",\"target\":{\"@type\":\"EntryPoint\",\"urlTemplate\":\"https:\\\/\\\/balsamico.shop\\\/de\\\/?s={search_term_string}\"},\"query-input\":{\"@type\":\"PropertyValueSpecification\",\"valueRequired\":true,\"valueName\":\"search_term_string\"}}],\"inLanguage\":\"de\"},{\"@type\":\"Organization\",\"@id\":\"https:\\\/\\\/balsamico.shop\\\/de\\\/#organization\",\"name\":\"Bernardo Tesori\",\"url\":\"https:\\\/\\\/balsamico.shop\\\/de\\\/\",\"logo\":{\"@type\":\"ImageObject\",\"inLanguage\":\"de\",\"@id\":\"https:\\\/\\\/balsamico.shop\\\/de\\\/#\\\/schema\\\/logo\\\/image\\\/\",\"url\":\"https:\\\/\\\/balsamico.shop\\\/de\\\/wp-content\\\/uploads\\\/2016\\\/04\\\/logo_bernardo.png\",\"contentUrl\":\"https:\\\/\\\/balsamico.shop\\\/de\\\/wp-content\\\/uploads\\\/2016\\\/04\\\/logo_bernardo.png\",\"width\":278,\"height\":466,\"caption\":\"Bernardo Tesori\"},\"image\":{\"@id\":\"https:\\\/\\\/balsamico.shop\\\/de\\\/#\\\/schema\\\/logo\\\/image\\\/\"}}]}<\/script>\n<!-- \/ Yoast SEO plugin. -->","yoast_head_json":{"title":"Versand &#187; Aceto Balsamico Shop","robots":{"index":"index","follow":"follow","max-snippet":"max-snippet:-1","max-image-preview":"max-image-preview:large","max-video-preview":"max-video-preview:-1"},"canonical":"https:\/\/balsamico.shop\/de\/versand\/","schema":{"@context":"https:\/\/schema.org","@graph":[{"@type":"BreadcrumbList","@id":"https:\/\/balsamico.shop\/de\/versand\/#breadcrumb","itemListElement":[{"@type":"ListItem","position":1,"name":"Startseite","item":"https:\/\/balsamico.shop\/de\/"},{"@type":"ListItem","position":2,"name":"Versand"}]},{"@type":"WebSite","@id":"https:\/\/balsamico.shop\/de\/#website","url":"https:\/\/balsamico.shop\/de\/","name":"Aceto Balsamico Shop","description":"Shop f\u00fcr Balsamico aus Modena &amp; Reggio Emilia","publisher":{"@id":"https:\/\/balsamico.shop\/de\/#organization"},"potentialAction":[{"@type":"SearchAction","target":{"@type":"EntryPoint","urlTemplate":"https:\/\/balsamico.shop\/de\/?s={search_term_string}"},"query-input":{"@type":"PropertyValueSpecification","valueRequired":true,"valueName":"search_term_string"}}],"inLanguage":"de"},{"@type":"Organization","@id":"https:\/\/balsamico.shop\/de\/#organization","name":"Bernardo Tesori","url":"https:\/\/balsamico.shop\/de\/","logo":{"@type":"ImageObject","inLanguage":"de","@id":"https:\/\/balsamico.shop\/de\/#\/schema\/logo\/image\/","url":"https:\/\/balsamico.shop\/de\/wp-content\/uploads\/2016\/04\/logo_bernardo.png","contentUrl":"https:\/\/balsamico.shop\/de\/wp-content\/uploads\/2016\/04\/logo_bernardo.png","width":278,"height":466,"caption":"Bernardo Tesori"},"image":{"@id":"https:\/\/balsamico.shop\/de\/#\/schema\/logo\/image\/"}}]}},"_links":{"self":[{"href":"https:\/\/balsamico.shop\/de\/wp-json\/wp\/v2\/pages\/21","targetHints":{"allow":["GET"]}}],"collection":[{"href":"https:\/\/balsamico.shop\/de\/wp-json\/wp\/v2\/pages"}],"about":[{"href":"https:\/\/balsamico.shop\/de\/wp-json\/wp\/v2\/types\/page"}],"author":[{"embeddable":true,"href":"https:\/\/balsamico.shop\/de\/wp-json\/wp\/v2\/users\/1"}],"replies":[{"embeddable":true,"href":"https:\/\/balsamico.shop\/de\/wp-json\/wp\/v2\/comments?post=21"}],"version-history":[{"count":53,"href":"https:\/\/balsamico.shop\/de\/wp-json\/wp\/v2\/pages\/21\/revisions"}],"predecessor-version":[{"id":15502,"href":"https:\/\/balsamico.shop\/de\/wp-json\/wp\/v2\/pages\/21\/revisions\/15502"}],"wp:attachment":[{"href":"https:\/\/balsamico.shop\/de\/wp-json\/wp\/v2\/media?parent=21"}],"curies":[{"name":"wp","href":"https:\/\/api.w.org\/{rel}","templated":true}]}}