{"id":19,"date":"2016-03-28T23:19:01","date_gmt":"2016-03-28T21:19:01","guid":{"rendered":"http:\/\/de.aceto-balsamico-tradizionale.com\/?page_id=19"},"modified":"2023-09-25T13:32:48","modified_gmt":"2023-09-25T11:32:48","slug":"datenschutz","status":"publish","type":"page","link":"https:\/\/balsamico.shop\/de\/datenschutz\/","title":{"rendered":"Datenschutz"},"content":{"rendered":"<p>Datenschutz ist Vertrauenssache und Ihr Vertrauen ist uns wichtig. Wir nehmen den Schutz Ihrer personenbezogenen Daten sehr ernst und legen gro\u00dfen Wert auf Einhaltung der geltenden Datenschutzbestimmungen. Nachfolgend m\u00f6chten wir Sie darum dar\u00fcber informieren, welche Daten wir im Rahmen Ihrer Nutzung der Website (in der Regel aus technischen Gr\u00fcnden) erfassen m\u00fcssen bzw. welche Daten automatisch erfasst werden. Eine Weitergabe an Dritte erfolgt selbstverst\u00e4ndlich nicht.<\/p>\n<p><strong>Datenerfassung und Datenverwendung<\/strong><\/p>\n<p>Bei der Registrierung in den verschiedenen Services (z.B. Shop oder Redaktionsystem) von unter *.balsamico.shop bitten wir Sie um Mitteilung von personenbezogenen Daten (z. B. Name, Firma, Anschrift). Auf diese Angaben sind wir zur Begr\u00fcndung, Durchf\u00fchrung und \u00c4nderung des Vertragsverh\u00e4ltnisses angewiesen. Zur Abwicklung Ihrer Bestellung wird Ihre Lieferanschrift an unseren externen Logistiker die Firma Integralis Versenderservice GmbH, Mannheimer Stra\u00dfe 11, 30880 Laatzen weitergegeben.<\/p>\n<p>Des Weiteren erfassen wir bei jedem Zugriff auf unsere Webseite (*.balsamico.shop) automatisch folgende Informationen:<\/p>\n<p>Kundenkennung<br \/>\nIP-Adresse in Verbindung mit Ihren Cookie-Einstellungen<br \/>\nDatum und Uhrzeit der Daten\u00fcbertragung<br \/>\nPfad der abgerufenen Datei<br \/>\nhttp-Status-Code<br \/>\nReferrer-URL<br \/>\nBrowsertyp und -version,<br \/>\nVerwendetes Betriebssystem<\/p>\n<p>Bei einem Einkauf in unserem Shop werden zus\u00e4tzlich noch erfasst<\/p>\n<p>Rechnungsadresse<br \/>\nName, Vorname<br \/>\nLieferanschrift<br \/>\nE-Mail Adresse<\/p>\n<p>Diese Daten werden ausschlie\u00dflich zum Zweck der bedarfsgerechten Gestaltung und Verbesserung der Software, der Abwicklung der Transaktion und Ihres Einkaufs sowie der Sicherung des betrieblichen Ablaufs gespeichert und analysiert. Eine Weitergabe Ihrer Daten an Unternehmen, Werbetreibende oder sonstige Dritte erfolgt nicht.<\/p>\n<p>Wir werden Ihre Daten selbstverst\u00e4ndlich nicht f\u00fcr Gesch\u00e4ftszwecke au\u00dferhalb der Bereitstellung des Dienstes verwenden.<\/p>\n<p><strong>Cookies<\/strong><\/p>\n<p>Auf unserer Website verwenden wir sog. Cookies. Cookies sind kurze Textinformationen, die auf Ihrem Datentr\u00e4ger gespeichert werden und die bestimmte notwendige Einstellungen und Daten zum Austausch mit unserem System \u00fcber Ihren Browser speichern. Diese Technik ist notwendig, damit Sie diese Website optimal nutzen k\u00f6nnen. Beispielsweise k\u00f6nnen bestimmte Eingaben von Ihnen so gespeichert werden, dass Sie diese nicht st\u00e4ndig wiederholen m\u00fcssen. Zudem ben\u00f6tigen wir Cookies im Interesse Ihrer und unserer Sicherheit, um eine nicht gestattete Mehrfachnutzung der Services und Aktionen im Shop ausschlie\u00dfen zu k\u00f6nnen.<\/p>\n<p>Zur Verwaltung der eingesetzten Cookies und \u00e4hnlichen Technologien (Tracking-Pixel, Web-Beacons etc.) und diesbez\u00fcglicher Einwilligungen setzen wir das Consent Tool &#8222;Real Cookie Banner&#8220; ein. Details zur Funktionsweise von &#8222;Real Cookie Banner&#8220; findest du unter <a href=\"https:\/\/devowl.io\/de\/rcb\/datenverarbeitung\/\" target=\"_blank\" rel=\"nofollow noopener noreferrer\">https:\/\/devowl.io\/de\/rcb\/datenverarbeitung\/<\/a>.<\/p>\n<p>Rechtsgrundlagen f\u00fcr die Verarbeitung von personenbezogenen Daten in diesem Zusammenhang sind Art. 6 Abs. 1 lit. c DS-GVO und Art. 6 Abs. 1 lit. f DS-GVO. Unser berechtigtes Interesse ist die Verwaltung der eingesetzten Cookies und \u00e4hnlichen Technologien und der diesbez\u00fcglichen Einwilligungen.<\/p>\n<p>Die Bereitstellung der personenbezogenen Daten ist weder vertraglich vorgeschrieben noch f\u00fcr den Abschluss eines Vertrages notwendig. Du bist nicht verpflichtet die personenbezogenen Daten bereitzustellen. Wenn du die personenbezogenen Daten nicht bereitstellst, k\u00f6nnen wir deine Einwilligungen nicht verwalten.<\/p>\n<p>Falls Sie ein Konto haben und sich auf dieser Website anmelden, werden wir ein tempor\u00e4res Cookie setzen, um festzustellen, ob Ihr Browser Cookies akzeptiert. Dieses Cookie enth\u00e4lt keine personenbezogenen Daten und wird verworfen, wenn Sie Ihren Browser schlie\u00dfen.<\/p>\n<p>Wenn Sie sich anmelden, werden wir einige Cookies einrichten, um deine Anmeldeinformationen und Anzeigeoptionen zu speichern. Anmelde-Cookies verfallen nach zwei Tagen und Cookies f\u00fcr die Anzeigeoptionen nach einem Jahr. Falls Sie bei der Anmeldung \u201eAngemeldet bleiben\u201c ausw\u00e4hlen, wird Ihre Anmeldung zwei Wochen lang aufrechterhalten. Mit der Abmeldung aus Ihrem Konto werden die Anmelde-Cookies gel\u00f6scht.<\/p>\n<p><strong>Eingebettete Inhalte von anderen Websites<\/strong><\/p>\n<p>Beitr\u00e4ge auf dieser Website k\u00f6nnen eingebettete Inhalte beinhalten (z.\u00a0B. notwendige Zahlungsschnittstellen, erkl\u00e4rende Videos, Bilder oder Beitr\u00e4ge etc.). Eingebettete Inhalte von anderen Websites verhalten sich exakt so, als ob der Besucher die andere Website besucht h\u00e4tte.<\/p>\n<p>Diese Websites k\u00f6nnen Daten \u00fcber Sie sammeln, Cookies benutzen, zus\u00e4tzliche Tracking-Dienste von Dritten einbetten und Ihre Interaktion mit diesem eingebetteten Inhalt aufzeichnen, inklusive Ihrer Interaktion mit dem eingebetteten Inhalt, falls Sie ein bei uns Benutzerkonto haben und auf dieser Website angemeldet sind. Dies k\u00f6nnen auch notwendige Cookies sein, die f\u00fcr einen reibungslosen Zahlungsvorgang in unserem Shop notwendig sind oder daf\u00fcr notwendig sind, um eingebettete Inhalte anzeigen oder abspielen zu k\u00f6nnen.<\/p>\n<p>Ihr Browser erlaubt Ihnen einschr\u00e4nkende Einstellungen zur Nutzung von Cookies, wobei diese Einstellungen dazu f\u00fchren k\u00f6nnen, dass unser Angebot f\u00fcr Sie nicht mehr bzw. nur noch eingeschr\u00e4nkt funktioniert.<\/p>\n<ul>\n<li><a  href=\"#consent-change\" role=\"button\" id=\"rcb-sc-link-change\" data-success-message=\"\" class=\"rcb-sc-link rcb-sc-link-change \">Cookie Einstellungen \u00e4ndern<\/a><\/li>\n<li><a  href=\"#consent-history\" role=\"button\" id=\"rcb-sc-link-history\" data-success-message=\"\" class=\"rcb-sc-link rcb-sc-link-history \">Cookie Einstellungshistorie<\/a><\/li>\n<li><a  href=\"#consent-revoke\" role=\"button\" id=\"rcb-sc-link-revoke\" data-success-message=\"Sie haben erfolgreich Ihre Cookie Einwilligung zur\u00fcckgezogen. Die Webseite wird nun neu geladen.\" class=\"rcb-sc-link rcb-sc-link-revoke \">Cookie Einwilligung zur\u00fcckziehen<\/a><\/li>\n<\/ul>\n<p><strong>Auskunft<\/strong><\/p>\n<p>Sie haben jederzeit das Recht, unentgeltliche Auskunft \u00fcber die bez\u00fcglich Ihrer Person gespeicherten Daten zu verlangen. Des Weiteren haben Sie das Recht auf Berichtigung, L\u00f6schung oder Sperrung unrichtiger Daten. Einer L\u00f6schung k\u00f6nnen unter Umst\u00e4nden gesetzliche Vorschriften, insbesondere im Hinblick auf Daten f\u00fcr abrechnungstechnische und buchhalterische Zwecke, entgegenstehen.<\/p>\n<p><strong>Newsletter<\/strong><\/p>\n<p>Wir bieten Ihnen als Kunde oder als Interessent die M\u00f6glichkeit an, sich bei uns \u00fcber unseren Shop-Auftritt f\u00fcr unsere kostenlosen Newsletter anmelden zu k\u00f6nnen. Wir versenden unseren Newsletter \u00fcber unseren eigenen Server und geben die Daten nicht an Dritte. Unsere versandten Newsletter erm\u00f6glichen uns zum Teil die Analyse des Verhaltens der Newsletterempf\u00e4nger. Hierbei kann u. a. analysiert werden, wie viele Empf\u00e4nger die Newsletternachricht ge\u00f6ffnet haben und wie oft welcher Link im Newsletter angeklickt wurde. Bei allen Links in der E-Mail handelt es sich um sogenannte Tracking-Links, mit denen Ihre Klicks gez\u00e4hlt werden k\u00f6nnen.<\/p>\n<p>Wenn Sie keine Analyse wollen, m\u00fcssen Sie den Newsletter abbestellen. Hierf\u00fcr stellen wir in jedem Newsletter einen entsprechenden Abmelde-Link mit der Bezeichnung &#8222;Abmelden&#8220; zur Verf\u00fcgung. Des Weiteren k\u00f6nnen Sie Ihr Werbeeinverst\u00e4ndnis jederzeit formlos mit Wirkung f\u00fcr die Zukunft gegen\u00fcber Bernardo Tesori Inh. Uwe Tippmann per E-Mail an shop@balsamico.shop widerrufen. Durch Widerruf wird die Rechtm\u00e4\u00dfigkeit der aufgrund der Einwilligung bis zum Widerruf erfolgten Verarbeitung nicht ber\u00fchrt.<\/p>\n<p><strong>Einwilligung<\/strong><\/p>\n<p>Mit der Best\u00e4tigung dieser Datenschutzerkl\u00e4rung und Nutzung unserer Webseite willigen Sie in die oben beschriebene Datenerfassung und -verarbeitung ein. Diese Einwilligung kann jederzeit mit Wirkung f\u00fcr die Zukunft widerrufen werden. Im Falle eines Widerrufs ist eine Nutzung der Dienste und Webseiten aus technischen Gr\u00fcnden nicht mehr m\u00f6glich.<\/p>\n<p>Hiermit willige ich in die oben beschriebene Datenerhebung und -verwendung ein.<\/p>\n<p>Wenn Sie Fragen zum Datenschutz der Webseite haben, die wir Ihnen mit dieser Erkl\u00e4rung nicht beantworten konnten, richten Sie diese bitte an:<\/p>\n<p>Acoonia GmbH<br \/>\nBrabandtstrasse 8<br \/>\n38100 Braunschweig<br \/>\nE-Mail: shop@balsamico.shop<\/p>\n<p><strong>Bezahldienste zur Vertragserf\u00fcllung<\/strong><\/p>\n<p>Zur Abwicklung Ihrer Bestellung verwenden wir Bezahldienste von Drittanbietern. Dieser Shop speichert keine Kreditkartennummer und pers\u00f6nliche Zahlungsinformationen wie Kontoverbindungsdaten.<\/p>\n<p>F\u00fcr die Bezahlart <strong>Klarna<\/strong> Kauf auf Rechnung gilt nachfolgend:<\/p>\n<p>Wir nutzen Klarna als Zahlungsdienstleister. Das bedeutet, dass wir Ihre personenbezogenen Daten in Form von Kontakt- und Bestelldaten beim Aufruf der Kasse-Seite ggf. an Klarna \u00fcbertragen, damit Klarna Ihren Einkauf verwalten kann. Wenn Sie Klarna &#8211; Kauf auf Rechnung als Bezahlart w\u00e4hlen, k\u00f6nnen im w\u00e4hrend des Bezahlprozesses Ihre personenbezogenen Daten in Form von Kontakt- und Bestelldaten an Klarna weitergeben werden, damit Klarna beurteilen kann, ob Sie f\u00fcr deren Zahlungsmethoden in Frage kommen (Pr\u00fcfung Ihrer Bonit\u00e4t) und diese Zahlungsmethoden auf Sie abstimmen kann. Die Verarbeitung Ihrer \u00fcbermittelten personenbezogenen Daten erfolgt in \u00dcbereinstimmung mit den <a href=\"https:\/\/www.klarna.com\/international\/privacy-policy\/\" target=\"_blank\" rel=\"noopener\">Datenschutzbestimmungen von Klarna<\/a>.<\/p>\n<p>&nbsp;<\/p>\n","protected":false},"excerpt":{"rendered":"<p>Datenschutz ist Vertrauenssache und Ihr Vertrauen ist uns wichtig. Wir nehmen den Schutz Ihrer personenbezogenen Daten sehr ernst und legen gro\u00dfen Wert auf Einhaltung der geltenden Datenschutzbestimmungen. Nachfolgend m\u00f6chten wir Sie darum dar\u00fcber informieren, welche Daten wir im Rahmen Ihrer Nutzung der Website (in der Regel aus technischen Gr\u00fcnden) erfassen m\u00fcssen bzw. welche Daten automatisch erfasst werden. Eine Weitergabe an Dritte erfolgt selbstverst\u00e4ndlich nicht. Datenerfassung und Datenverwendung Bei der Registrierung in den verschiedenen Services (z.B. Shop oder Redaktionsystem) von unter *.balsamico.shop bitten wir Sie um Mitteilung von personenbezogenen Daten (z. B. Name, Firma, Anschrift). Auf diese Angaben sind wir zur Begr\u00fcndung, Durchf\u00fchrung und \u00c4nderung des Vertragsverh\u00e4ltnisses angewiesen. Zur Abwicklung Ihrer Bestellung wird Ihre Lieferanschrift an unseren externen Logistiker die Firma Integralis Versenderservice GmbH, Mannheimer Stra\u00dfe 11, 30880 Laatzen weitergegeben. Des Weiteren erfassen wir bei jedem Zugriff auf unsere Webseite (*.balsamico.shop) automatisch folgende Informationen: Kundenkennung IP-Adresse in Verbindung mit Ihren Cookie-Einstellungen Datum und Uhrzeit der Daten\u00fcbertragung Pfad der abgerufenen Datei http-Status-Code Referrer-URL Browsertyp und -version, Verwendetes Betriebssystem Bei einem Einkauf in unserem Shop werden zus\u00e4tzlich noch erfasst Rechnungsadresse Name, Vorname Lieferanschrift E-Mail Adresse Diese Daten werden ausschlie\u00dflich zum Zweck der bedarfsgerechten Gestaltung und Verbesserung der Software, der Abwicklung der Transaktion und Ihres Einkaufs sowie der Sicherung des betrieblichen Ablaufs gespeichert und analysiert. Eine Weitergabe Ihrer Daten an Unternehmen, Werbetreibende oder sonstige Dritte erfolgt nicht. Wir werden Ihre Daten selbstverst\u00e4ndlich nicht f\u00fcr Gesch\u00e4ftszwecke au\u00dferhalb der Bereitstellung des Dienstes verwenden. Cookies Auf unserer Website verwenden wir sog. Cookies. Cookies sind kurze Textinformationen, die auf Ihrem Datentr\u00e4ger gespeichert werden und die bestimmte notwendige Einstellungen und Daten zum Austausch mit unserem System \u00fcber Ihren Browser speichern. Diese Technik ist notwendig, damit Sie diese Website optimal nutzen k\u00f6nnen. Beispielsweise k\u00f6nnen bestimmte Eingaben von Ihnen so gespeichert werden, dass Sie diese nicht st\u00e4ndig wiederholen m\u00fcssen. Zudem ben\u00f6tigen wir Cookies im Interesse Ihrer und unserer Sicherheit, um eine nicht gestattete Mehrfachnutzung der Services und Aktionen im Shop ausschlie\u00dfen zu k\u00f6nnen. Zur Verwaltung der eingesetzten Cookies und \u00e4hnlichen Technologien (Tracking-Pixel, Web-Beacons etc.) und diesbez\u00fcglicher Einwilligungen setzen wir das Consent Tool &#8222;Real Cookie Banner&#8220; ein. Details zur Funktionsweise von &#8222;Real Cookie Banner&#8220; findest du unter https:\/\/devowl.io\/de\/rcb\/datenverarbeitung\/. Rechtsgrundlagen f\u00fcr die Verarbeitung von personenbezogenen Daten in diesem Zusammenhang sind Art. 6 Abs. 1 lit. c DS-GVO und Art. 6 Abs. 1 lit. f DS-GVO. Unser berechtigtes Interesse ist die Verwaltung der eingesetzten Cookies und \u00e4hnlichen Technologien und der diesbez\u00fcglichen Einwilligungen. Die Bereitstellung der personenbezogenen Daten ist weder vertraglich vorgeschrieben noch f\u00fcr den Abschluss eines Vertrages notwendig. Du bist nicht verpflichtet die personenbezogenen Daten bereitzustellen. Wenn du die personenbezogenen Daten nicht bereitstellst, k\u00f6nnen wir deine Einwilligungen nicht verwalten. Falls Sie ein Konto haben und sich auf dieser Website anmelden, werden wir ein tempor\u00e4res Cookie setzen, um festzustellen, ob Ihr Browser Cookies akzeptiert. Dieses Cookie enth\u00e4lt keine personenbezogenen Daten und wird verworfen, wenn Sie Ihren Browser schlie\u00dfen. Wenn Sie sich anmelden, werden wir einige Cookies einrichten, um deine Anmeldeinformationen und Anzeigeoptionen zu speichern. Anmelde-Cookies verfallen nach zwei Tagen und Cookies f\u00fcr die Anzeigeoptionen nach [&hellip;]<\/p>\n","protected":false},"author":1,"featured_media":0,"parent":0,"menu_order":0,"comment_status":"closed","ping_status":"closed","template":"","meta":{"footnotes":""},"class_list":["post-19","page","type-page","status-publish","hentry"],"yoast_head":"<!-- This site is optimized with the Yoast SEO plugin v27.3 - https:\/\/yoast.com\/product\/yoast-seo-wordpress\/ -->\n<title>Datenschutz &#187; Aceto Balsamico Shop<\/title>\n<meta name=\"robots\" content=\"index, follow, max-snippet:-1, max-image-preview:large, max-video-preview:-1\" \/>\n<link rel=\"canonical\" href=\"https:\/\/balsamico.shop\/de\/datenschutz\/\" \/>\n<script type=\"application\/ld+json\" class=\"yoast-schema-graph\">{\"@context\":\"https:\\\/\\\/schema.org\",\"@graph\":[{\"@type\":\"BreadcrumbList\",\"@id\":\"https:\\\/\\\/balsamico.shop\\\/de\\\/datenschutz\\\/#breadcrumb\",\"itemListElement\":[{\"@type\":\"ListItem\",\"position\":1,\"name\":\"Startseite\",\"item\":\"https:\\\/\\\/balsamico.shop\\\/de\\\/\"},{\"@type\":\"ListItem\",\"position\":2,\"name\":\"Datenschutz\"}]},{\"@type\":\"WebSite\",\"@id\":\"https:\\\/\\\/balsamico.shop\\\/de\\\/#website\",\"url\":\"https:\\\/\\\/balsamico.shop\\\/de\\\/\",\"name\":\"Aceto Balsamico Shop\",\"description\":\"Shop f\u00fcr Balsamico aus Modena &amp; Reggio Emilia\",\"publisher\":{\"@id\":\"https:\\\/\\\/balsamico.shop\\\/de\\\/#organization\"},\"potentialAction\":[{\"@type\":\"SearchAction\",\"target\":{\"@type\":\"EntryPoint\",\"urlTemplate\":\"https:\\\/\\\/balsamico.shop\\\/de\\\/?s={search_term_string}\"},\"query-input\":{\"@type\":\"PropertyValueSpecification\",\"valueRequired\":true,\"valueName\":\"search_term_string\"}}],\"inLanguage\":\"de\"},{\"@type\":\"Organization\",\"@id\":\"https:\\\/\\\/balsamico.shop\\\/de\\\/#organization\",\"name\":\"Bernardo Tesori\",\"url\":\"https:\\\/\\\/balsamico.shop\\\/de\\\/\",\"logo\":{\"@type\":\"ImageObject\",\"inLanguage\":\"de\",\"@id\":\"https:\\\/\\\/balsamico.shop\\\/de\\\/#\\\/schema\\\/logo\\\/image\\\/\",\"url\":\"https:\\\/\\\/balsamico.shop\\\/de\\\/wp-content\\\/uploads\\\/2016\\\/04\\\/logo_bernardo.png\",\"contentUrl\":\"https:\\\/\\\/balsamico.shop\\\/de\\\/wp-content\\\/uploads\\\/2016\\\/04\\\/logo_bernardo.png\",\"width\":278,\"height\":466,\"caption\":\"Bernardo Tesori\"},\"image\":{\"@id\":\"https:\\\/\\\/balsamico.shop\\\/de\\\/#\\\/schema\\\/logo\\\/image\\\/\"}}]}<\/script>\n<!-- \/ Yoast SEO plugin. -->","yoast_head_json":{"title":"Datenschutz &#187; Aceto Balsamico Shop","robots":{"index":"index","follow":"follow","max-snippet":"max-snippet:-1","max-image-preview":"max-image-preview:large","max-video-preview":"max-video-preview:-1"},"canonical":"https:\/\/balsamico.shop\/de\/datenschutz\/","schema":{"@context":"https:\/\/schema.org","@graph":[{"@type":"BreadcrumbList","@id":"https:\/\/balsamico.shop\/de\/datenschutz\/#breadcrumb","itemListElement":[{"@type":"ListItem","position":1,"name":"Startseite","item":"https:\/\/balsamico.shop\/de\/"},{"@type":"ListItem","position":2,"name":"Datenschutz"}]},{"@type":"WebSite","@id":"https:\/\/balsamico.shop\/de\/#website","url":"https:\/\/balsamico.shop\/de\/","name":"Aceto Balsamico Shop","description":"Shop f\u00fcr Balsamico aus Modena &amp; Reggio Emilia","publisher":{"@id":"https:\/\/balsamico.shop\/de\/#organization"},"potentialAction":[{"@type":"SearchAction","target":{"@type":"EntryPoint","urlTemplate":"https:\/\/balsamico.shop\/de\/?s={search_term_string}"},"query-input":{"@type":"PropertyValueSpecification","valueRequired":true,"valueName":"search_term_string"}}],"inLanguage":"de"},{"@type":"Organization","@id":"https:\/\/balsamico.shop\/de\/#organization","name":"Bernardo Tesori","url":"https:\/\/balsamico.shop\/de\/","logo":{"@type":"ImageObject","inLanguage":"de","@id":"https:\/\/balsamico.shop\/de\/#\/schema\/logo\/image\/","url":"https:\/\/balsamico.shop\/de\/wp-content\/uploads\/2016\/04\/logo_bernardo.png","contentUrl":"https:\/\/balsamico.shop\/de\/wp-content\/uploads\/2016\/04\/logo_bernardo.png","width":278,"height":466,"caption":"Bernardo Tesori"},"image":{"@id":"https:\/\/balsamico.shop\/de\/#\/schema\/logo\/image\/"}}]}},"_links":{"self":[{"href":"https:\/\/balsamico.shop\/de\/wp-json\/wp\/v2\/pages\/19","targetHints":{"allow":["GET"]}}],"collection":[{"href":"https:\/\/balsamico.shop\/de\/wp-json\/wp\/v2\/pages"}],"about":[{"href":"https:\/\/balsamico.shop\/de\/wp-json\/wp\/v2\/types\/page"}],"author":[{"embeddable":true,"href":"https:\/\/balsamico.shop\/de\/wp-json\/wp\/v2\/users\/1"}],"replies":[{"embeddable":true,"href":"https:\/\/balsamico.shop\/de\/wp-json\/wp\/v2\/comments?post=19"}],"version-history":[{"count":25,"href":"https:\/\/balsamico.shop\/de\/wp-json\/wp\/v2\/pages\/19\/revisions"}],"predecessor-version":[{"id":14834,"href":"https:\/\/balsamico.shop\/de\/wp-json\/wp\/v2\/pages\/19\/revisions\/14834"}],"wp:attachment":[{"href":"https:\/\/balsamico.shop\/de\/wp-json\/wp\/v2\/media?parent=19"}],"curies":[{"name":"wp","href":"https:\/\/api.w.org\/{rel}","templated":true}]}}