{"id":1568,"date":"2016-10-02T00:57:39","date_gmt":"2016-10-01T22:57:39","guid":{"rendered":"https:\/\/balsamico.shop\/be\/?post_type=product&#038;p=1568"},"modified":"2026-05-14T16:21:46","modified_gmt":"2026-05-14T14:21:46","slug":"duetto-aceti-balsamici-tradizionali-12-25-la-secchia","status":"publish","type":"product","link":"https:\/\/balsamico.shop\/be\/product\/duetto-aceti-balsamici-tradizionali-12-25-la-secchia\/","title":{"rendered":"Duetto &#8211; 2 Aceto Balsamico Tradizionale di Modena DOP &#8211; 12 + 25 Jaar &#8211; La Secchia"},"content":{"rendered":"<p>Het perfecte geschenk voor de liefhebber van balsamico azijn &#8211; &#8220;Il Duetto&#8221; &#8211; de twee perfections komen samen in een gesloten geheel. De &#8220;Aceto Balsamico Tradizionale di Modena DOP &#8211; Affinato &#8211; 12 jaar gerijpt&#8221; en de &#8220;Aceto Balsamico Tradizionale di Modena DOP Extravecchio &#8211; 25 jaar gerijpt&#8221; van Lorenzo Righi worden geleverd in een mooie, moderne dubbele doos met traditionele tuit en tonen de kenner de hele vari\u00ebteit van het traditionele balsamico ambacht van Modena.<\/p>\n<p><img loading=\"lazy\" decoding=\"async\" width=\"552\" height=\"505\" class=\"alignnone wp-image-393 size-full\" src=\"https:\/\/balsamico.shop\/be\/wp-content\/uploads\/2016\/10\/duetto-box.png\" alt=\"Aceto Balsamico Tradizionale 12 Jaar + 25 Jaar Modena\" srcset=\"https:\/\/balsamico.shop\/be\/wp-content\/uploads\/2016\/10\/duetto-box.png 552w, https:\/\/balsamico.shop\/be\/wp-content\/uploads\/2016\/10\/duetto-box-300x274.png 300w, https:\/\/balsamico.shop\/be\/wp-content\/uploads\/2016\/10\/duetto-box-390x357.png 390w\" sizes=\"auto, (max-width: 552px) 100vw, 552px\" \/><\/p>\n<p>Als co\u00f6rdinator van Club Excellence, een co\u00f6peratie van toonaangevende wijnhandelaren en wijnimporteurs in Itali\u00eb, en met zijn professionele ervaring in de wijnsector, weet Lorenzo Righi ook de weg in de wereld van de wijnbouw. Als exploitant van zijn <a href=\"https:\/\/lasecchia.it\/\" target=\"_blank\" rel=\"noopener noreferrer\">Acetaia La Secchia<\/a> in het zuiden van Modena geeft hij ook ge\u00efnteresseerden een direct inzicht in de wereld van de balsamico azijn met een rondleiding door zijn opslagfaciliteiten voor vaten en een daaropvolgende proeverij op verzoek:<\/p>\n<p><img loading=\"lazy\" decoding=\"async\" width=\"699\" height=\"747\" class=\"alignnone wp-image-391 size-full\" src=\"https:\/\/balsamico.shop\/be\/wp-content\/uploads\/2016\/10\/la-secchia.png\" alt=\"Acetaia La Secchia Modena\" srcset=\"https:\/\/balsamico.shop\/be\/wp-content\/uploads\/2016\/10\/la-secchia.png 699w, https:\/\/balsamico.shop\/be\/wp-content\/uploads\/2016\/10\/la-secchia-600x641.png 600w, https:\/\/balsamico.shop\/be\/wp-content\/uploads\/2016\/10\/la-secchia-281x300.png 281w, https:\/\/balsamico.shop\/be\/wp-content\/uploads\/2016\/10\/la-secchia-390x417.png 390w, https:\/\/balsamico.shop\/be\/wp-content\/uploads\/2016\/10\/la-secchia-300x321.png 300w\" sizes=\"auto, (max-width: 699px) 100vw, 699px\" \/><\/p>\n<p>De ingredi\u00ebnten: 100% druivenmost<\/p>\n<p>Opmerking: Kan natuurlijke sulfieten bevatten.<\/p>\n<p>&nbsp;<\/p>\n<p>&nbsp;<\/p>\n<p>Producent:<br \/>\nAntica Acetaia La Secchia di Righi L.<br \/>\nVia Francesco Ghiaroni, 169\/171<br \/>\n41126 Modena<br \/>\nItali\u00eb<\/p>\n","protected":false},"excerpt":{"rendered":"<p>Het perfecte geschenk voor de liefhebber van balsamico azijn &#8211; &#8220;Il Duetto&#8221; &#8211; de twee perfections komen samen in een gesloten geheel. De &#8220;Aceto Balsamico Tradizionale di Modena DOP &#8211; Affinato &#8211; 12 jaar gerijpt&#8221; en de &#8220;Aceto Balsamico Tradizionale di Modena DOP Extravecchio &#8211; 25 jaar gerijpt&#8221; van Lorenzo Righi worden geleverd in een mooie, moderne dubbele doos met traditionele tuit en tonen de kenner de hele vari\u00ebteit van het traditionele balsamico ambacht van Modena. Als co\u00f6rdinator van Club Excellence, een co\u00f6peratie van toonaangevende wijnhandelaren en wijnimporteurs in Itali\u00eb, en met zijn professionele ervaring in de wijnsector, weet Lorenzo Righi ook de weg in de wereld van de wijnbouw. Als exploitant van zijn Acetaia La Secchia in het zuiden van Modena geeft hij ook ge\u00efnteresseerden een direct inzicht in de wereld van de balsamico azijn met een rondleiding door zijn opslagfaciliteiten voor vaten en een daaropvolgende proeverij op verzoek: De ingredi\u00ebnten: 100% druivenmost Opmerking: Kan natuurlijke sulfieten bevatten. &nbsp; &nbsp; Producent: Antica Acetaia La Secchia di Righi L. Via Francesco Ghiaroni, 169\/171 41126 Modena Itali\u00eb<\/p>\n","protected":false},"featured_media":1949,"template":"","meta":[],"product_brand":[],"product_cat":[33],"product_tag":[],"class_list":{"0":"post-1568","1":"product","2":"type-product","3":"status-publish","4":"has-post-thumbnail","6":"product_cat-la-secchia","7":"product_shipping_class-ueber-100","9":"first","10":"instock","11":"taxable","12":"shipping-taxable","13":"purchasable","14":"product-type-simple"},"bundle_layout":"","bundled_by":[],"bundled_items":[],"yoast_head":"<!-- This site is optimized with the Yoast SEO plugin v27.5 - https:\/\/yoast.com\/product\/yoast-seo-wordpress\/ -->\n<title>Duetto - 2 Aceto Balsamico Tradizionale di Modena DOP - 12 + 25 Jaar - La Secchia - Aceto Balsamico Shop - Belgi\u00eb<\/title>\n<meta name=\"robots\" content=\"index, follow, max-snippet:-1, max-image-preview:large, max-video-preview:-1\" \/>\n<link rel=\"canonical\" href=\"https:\/\/balsamico.shop\/be\/product\/duetto-aceti-balsamici-tradizionali-12-25-la-secchia\/\" \/>\n<meta property=\"og:locale\" content=\"nl_NL\" \/>\n<meta property=\"og:type\" content=\"article\" \/>\n<meta property=\"og:title\" content=\"Duetto - 2 Aceto Balsamico Tradizionale di Modena DOP - 12 + 25 Jaar - La Secchia - Aceto Balsamico Shop - Belgi\u00eb\" \/>\n<meta property=\"og:description\" content=\"Het perfecte geschenk voor de liefhebber van balsamico azijn &#8211; &#8220;Il Duetto&#8221; &#8211; de twee perfections komen samen in een gesloten geheel. De &#8220;Aceto Balsamico Tradizionale di Modena DOP &#8211; Affinato &#8211; 12 jaar gerijpt&#8221; en de &#8220;Aceto Balsamico Tradizionale di Modena DOP Extravecchio &#8211; 25 jaar gerijpt&#8221; van Lorenzo Righi worden geleverd in een mooie, moderne dubbele doos met traditionele tuit en tonen de kenner de hele vari\u00ebteit van het traditionele balsamico ambacht van Modena. Als co\u00f6rdinator van Club Excellence, een co\u00f6peratie van toonaangevende wijnhandelaren en wijnimporteurs in Itali\u00eb, en met zijn professionele ervaring in de wijnsector, weet Lorenzo Righi ook de weg in de wereld van de wijnbouw. Als exploitant van zijn Acetaia La Secchia in het zuiden van Modena geeft hij ook ge\u00efnteresseerden een direct inzicht in de wereld van de balsamico azijn met een rondleiding door zijn opslagfaciliteiten voor vaten en een daaropvolgende proeverij op verzoek: De ingredi\u00ebnten: 100% druivenmost Opmerking: Kan natuurlijke sulfieten bevatten. &nbsp; &nbsp; Producent: Antica Acetaia La Secchia di Righi L. Via Francesco Ghiaroni, 169\/171 41126 Modena Itali\u00eb\" \/>\n<meta property=\"og:url\" content=\"https:\/\/balsamico.shop\/be\/product\/duetto-aceti-balsamici-tradizionali-12-25-la-secchia\/\" \/>\n<meta property=\"og:site_name\" content=\"Aceto Balsamico Shop - Belgi\u00eb\" \/>\n<meta property=\"article:modified_time\" content=\"2026-05-14T14:21:46+00:00\" \/>\n<meta property=\"og:image\" content=\"https:\/\/balsamico.shop\/be\/wp-content\/uploads\/2016\/10\/duetto-aceto-balsamico-affinato-extravecchio-1-1.jpg\" \/>\n\t<meta property=\"og:image:width\" content=\"1600\" \/>\n\t<meta property=\"og:image:height\" content=\"1872\" \/>\n\t<meta property=\"og:image:type\" content=\"image\/jpeg\" \/>\n<meta name=\"twitter:card\" content=\"summary_large_image\" \/>\n<meta name=\"twitter:label1\" content=\"Geschatte leestijd\" \/>\n\t<meta name=\"twitter:data1\" content=\"2 minuten\" \/>\n<script type=\"application\/ld+json\" class=\"yoast-schema-graph\">{\"@context\":\"https:\\\/\\\/schema.org\",\"@graph\":[{\"@type\":\"WebPage\",\"@id\":\"https:\\\/\\\/balsamico.shop\\\/be\\\/product\\\/duetto-aceti-balsamici-tradizionali-12-25-la-secchia\\\/\",\"url\":\"https:\\\/\\\/balsamico.shop\\\/be\\\/product\\\/duetto-aceti-balsamici-tradizionali-12-25-la-secchia\\\/\",\"name\":\"Duetto - 2 Aceto Balsamico Tradizionale di Modena DOP - 12 + 25 Jaar - La Secchia - Aceto Balsamico Shop - Belgi\u00eb\",\"isPartOf\":{\"@id\":\"https:\\\/\\\/balsamico.shop\\\/be\\\/#website\"},\"primaryImageOfPage\":{\"@id\":\"https:\\\/\\\/balsamico.shop\\\/be\\\/product\\\/duetto-aceti-balsamici-tradizionali-12-25-la-secchia\\\/#primaryimage\"},\"image\":{\"@id\":\"https:\\\/\\\/balsamico.shop\\\/be\\\/product\\\/duetto-aceti-balsamici-tradizionali-12-25-la-secchia\\\/#primaryimage\"},\"thumbnailUrl\":\"https:\\\/\\\/balsamico.shop\\\/be\\\/wp-content\\\/uploads\\\/2016\\\/10\\\/duetto-aceto-balsamico-affinato-extravecchio-1-1.jpg\",\"datePublished\":\"2016-10-01T22:57:39+00:00\",\"dateModified\":\"2026-05-14T14:21:46+00:00\",\"breadcrumb\":{\"@id\":\"https:\\\/\\\/balsamico.shop\\\/be\\\/product\\\/duetto-aceti-balsamici-tradizionali-12-25-la-secchia\\\/#breadcrumb\"},\"inLanguage\":\"nl-NL\",\"potentialAction\":[{\"@type\":\"ReadAction\",\"target\":[\"https:\\\/\\\/balsamico.shop\\\/be\\\/product\\\/duetto-aceti-balsamici-tradizionali-12-25-la-secchia\\\/\"]}]},{\"@type\":\"ImageObject\",\"inLanguage\":\"nl-NL\",\"@id\":\"https:\\\/\\\/balsamico.shop\\\/be\\\/product\\\/duetto-aceti-balsamici-tradizionali-12-25-la-secchia\\\/#primaryimage\",\"url\":\"https:\\\/\\\/balsamico.shop\\\/be\\\/wp-content\\\/uploads\\\/2016\\\/10\\\/duetto-aceto-balsamico-affinato-extravecchio-1-1.jpg\",\"contentUrl\":\"https:\\\/\\\/balsamico.shop\\\/be\\\/wp-content\\\/uploads\\\/2016\\\/10\\\/duetto-aceto-balsamico-affinato-extravecchio-1-1.jpg\",\"width\":1600,\"height\":1872},{\"@type\":\"BreadcrumbList\",\"@id\":\"https:\\\/\\\/balsamico.shop\\\/be\\\/product\\\/duetto-aceti-balsamici-tradizionali-12-25-la-secchia\\\/#breadcrumb\",\"itemListElement\":[{\"@type\":\"ListItem\",\"position\":1,\"name\":\"Home\",\"item\":\"https:\\\/\\\/balsamico.shop\\\/be\\\/\"},{\"@type\":\"ListItem\",\"position\":2,\"name\":\"Balsamico Azijn Shop\",\"item\":\"https:\\\/\\\/balsamico.shop\\\/be\\\/shop\\\/\"},{\"@type\":\"ListItem\",\"position\":3,\"name\":\"Duetto &#8211; 2 Aceto Balsamico Tradizionale di Modena DOP &#8211; 12 + 25 Jaar &#8211; La Secchia\"}]},{\"@type\":\"WebSite\",\"@id\":\"https:\\\/\\\/balsamico.shop\\\/be\\\/#website\",\"url\":\"https:\\\/\\\/balsamico.shop\\\/be\\\/\",\"name\":\"Aceto Balsamico Shop - Belgi\u00eb\",\"description\":\"Koop balsamico uit Modena en Reggio Emilia\",\"potentialAction\":[{\"@type\":\"SearchAction\",\"target\":{\"@type\":\"EntryPoint\",\"urlTemplate\":\"https:\\\/\\\/balsamico.shop\\\/be\\\/?s={search_term_string}\"},\"query-input\":{\"@type\":\"PropertyValueSpecification\",\"valueRequired\":true,\"valueName\":\"search_term_string\"}}],\"inLanguage\":\"nl-NL\"}]}<\/script>\n<!-- \/ Yoast SEO plugin. -->","yoast_head_json":{"title":"Duetto - 2 Aceto Balsamico Tradizionale di Modena DOP - 12 + 25 Jaar - La Secchia - Aceto Balsamico Shop - Belgi\u00eb","robots":{"index":"index","follow":"follow","max-snippet":"max-snippet:-1","max-image-preview":"max-image-preview:large","max-video-preview":"max-video-preview:-1"},"canonical":"https:\/\/balsamico.shop\/be\/product\/duetto-aceti-balsamici-tradizionali-12-25-la-secchia\/","og_locale":"nl_NL","og_type":"article","og_title":"Duetto - 2 Aceto Balsamico Tradizionale di Modena DOP - 12 + 25 Jaar - La Secchia - Aceto Balsamico Shop - Belgi\u00eb","og_description":"Het perfecte geschenk voor de liefhebber van balsamico azijn &#8211; &#8220;Il Duetto&#8221; &#8211; de twee perfections komen samen in een gesloten geheel. De &#8220;Aceto Balsamico Tradizionale di Modena DOP &#8211; Affinato &#8211; 12 jaar gerijpt&#8221; en de &#8220;Aceto Balsamico Tradizionale di Modena DOP Extravecchio &#8211; 25 jaar gerijpt&#8221; van Lorenzo Righi worden geleverd in een mooie, moderne dubbele doos met traditionele tuit en tonen de kenner de hele vari\u00ebteit van het traditionele balsamico ambacht van Modena. Als co\u00f6rdinator van Club Excellence, een co\u00f6peratie van toonaangevende wijnhandelaren en wijnimporteurs in Itali\u00eb, en met zijn professionele ervaring in de wijnsector, weet Lorenzo Righi ook de weg in de wereld van de wijnbouw. Als exploitant van zijn Acetaia La Secchia in het zuiden van Modena geeft hij ook ge\u00efnteresseerden een direct inzicht in de wereld van de balsamico azijn met een rondleiding door zijn opslagfaciliteiten voor vaten en een daaropvolgende proeverij op verzoek: De ingredi\u00ebnten: 100% druivenmost Opmerking: Kan natuurlijke sulfieten bevatten. &nbsp; &nbsp; Producent: Antica Acetaia La Secchia di Righi L. Via Francesco Ghiaroni, 169\/171 41126 Modena Itali\u00eb","og_url":"https:\/\/balsamico.shop\/be\/product\/duetto-aceti-balsamici-tradizionali-12-25-la-secchia\/","og_site_name":"Aceto Balsamico Shop - Belgi\u00eb","article_modified_time":"2026-05-14T14:21:46+00:00","og_image":[{"width":1600,"height":1872,"url":"https:\/\/balsamico.shop\/be\/wp-content\/uploads\/2016\/10\/duetto-aceto-balsamico-affinato-extravecchio-1-1.jpg","type":"image\/jpeg"}],"twitter_card":"summary_large_image","twitter_misc":{"Geschatte leestijd":"2 minuten"},"schema":{"@context":"https:\/\/schema.org","@graph":[{"@type":"WebPage","@id":"https:\/\/balsamico.shop\/be\/product\/duetto-aceti-balsamici-tradizionali-12-25-la-secchia\/","url":"https:\/\/balsamico.shop\/be\/product\/duetto-aceti-balsamici-tradizionali-12-25-la-secchia\/","name":"Duetto - 2 Aceto Balsamico Tradizionale di Modena DOP - 12 + 25 Jaar - La Secchia - Aceto Balsamico Shop - Belgi\u00eb","isPartOf":{"@id":"https:\/\/balsamico.shop\/be\/#website"},"primaryImageOfPage":{"@id":"https:\/\/balsamico.shop\/be\/product\/duetto-aceti-balsamici-tradizionali-12-25-la-secchia\/#primaryimage"},"image":{"@id":"https:\/\/balsamico.shop\/be\/product\/duetto-aceti-balsamici-tradizionali-12-25-la-secchia\/#primaryimage"},"thumbnailUrl":"https:\/\/balsamico.shop\/be\/wp-content\/uploads\/2016\/10\/duetto-aceto-balsamico-affinato-extravecchio-1-1.jpg","datePublished":"2016-10-01T22:57:39+00:00","dateModified":"2026-05-14T14:21:46+00:00","breadcrumb":{"@id":"https:\/\/balsamico.shop\/be\/product\/duetto-aceti-balsamici-tradizionali-12-25-la-secchia\/#breadcrumb"},"inLanguage":"nl-NL","potentialAction":[{"@type":"ReadAction","target":["https:\/\/balsamico.shop\/be\/product\/duetto-aceti-balsamici-tradizionali-12-25-la-secchia\/"]}]},{"@type":"ImageObject","inLanguage":"nl-NL","@id":"https:\/\/balsamico.shop\/be\/product\/duetto-aceti-balsamici-tradizionali-12-25-la-secchia\/#primaryimage","url":"https:\/\/balsamico.shop\/be\/wp-content\/uploads\/2016\/10\/duetto-aceto-balsamico-affinato-extravecchio-1-1.jpg","contentUrl":"https:\/\/balsamico.shop\/be\/wp-content\/uploads\/2016\/10\/duetto-aceto-balsamico-affinato-extravecchio-1-1.jpg","width":1600,"height":1872},{"@type":"BreadcrumbList","@id":"https:\/\/balsamico.shop\/be\/product\/duetto-aceti-balsamici-tradizionali-12-25-la-secchia\/#breadcrumb","itemListElement":[{"@type":"ListItem","position":1,"name":"Home","item":"https:\/\/balsamico.shop\/be\/"},{"@type":"ListItem","position":2,"name":"Balsamico Azijn Shop","item":"https:\/\/balsamico.shop\/be\/shop\/"},{"@type":"ListItem","position":3,"name":"Duetto &#8211; 2 Aceto Balsamico Tradizionale di Modena DOP &#8211; 12 + 25 Jaar &#8211; La Secchia"}]},{"@type":"WebSite","@id":"https:\/\/balsamico.shop\/be\/#website","url":"https:\/\/balsamico.shop\/be\/","name":"Aceto Balsamico Shop - Belgi\u00eb","description":"Koop balsamico uit Modena en Reggio Emilia","potentialAction":[{"@type":"SearchAction","target":{"@type":"EntryPoint","urlTemplate":"https:\/\/balsamico.shop\/be\/?s={search_term_string}"},"query-input":{"@type":"PropertyValueSpecification","valueRequired":true,"valueName":"search_term_string"}}],"inLanguage":"nl-NL"}]}},"_links":{"self":[{"href":"https:\/\/balsamico.shop\/be\/wp-json\/wp\/v2\/product\/1568","targetHints":{"allow":["GET"]}}],"collection":[{"href":"https:\/\/balsamico.shop\/be\/wp-json\/wp\/v2\/product"}],"about":[{"href":"https:\/\/balsamico.shop\/be\/wp-json\/wp\/v2\/types\/product"}],"wp:featuredmedia":[{"embeddable":true,"href":"https:\/\/balsamico.shop\/be\/wp-json\/wp\/v2\/media\/1949"}],"wp:attachment":[{"href":"https:\/\/balsamico.shop\/be\/wp-json\/wp\/v2\/media?parent=1568"}],"wp:term":[{"taxonomy":"product_brand","embeddable":true,"href":"https:\/\/balsamico.shop\/be\/wp-json\/wp\/v2\/product_brand?post=1568"},{"taxonomy":"product_cat","embeddable":true,"href":"https:\/\/balsamico.shop\/be\/wp-json\/wp\/v2\/product_cat?post=1568"},{"taxonomy":"product_tag","embeddable":true,"href":"https:\/\/balsamico.shop\/be\/wp-json\/wp\/v2\/product_tag?post=1568"}],"curies":[{"name":"wp","href":"https:\/\/api.w.org\/{rel}","templated":true}]}}