{"id":21,"date":"2016-03-28T23:23:26","date_gmt":"2016-03-28T21:23:26","guid":{"rendered":"http:\/\/de.aceto-balsamico-tradizionale.com\/?page_id=21"},"modified":"2023-11-13T12:20:12","modified_gmt":"2023-11-13T11:20:12","slug":"verzenden","status":"publish","type":"page","link":"https:\/\/balsamico.shop\/be\/verzenden\/","title":{"rendered":"Verzenden"},"content":{"rendered":"<p>Verzendkosten zijn in <strong>Belgi\u00eb<\/strong>, Nederland, Duitsland en Oostenrijk\u00a0<strong>5,95 EUR<\/strong>\u00a0\/ verzendkosten tot een maximum van 5 kg.<\/p>\r\n<p>Voor bestellingen van\u00a0<strong>meer dan 100, \u2013 EUR<\/strong>, zijn leveringen naar Nederland, Duitsland en Oostenrijk\u00a0<strong>gratis<\/strong>!<\/p>\r\n<p>De levertijd is tussen de 3 en 5 werkdagen. Wij verzenden alle pakketten met <strong>UPS<\/strong>.<\/p>\r\n<p>Wij bieden momenteel alleen postadressen in de volgende landen:\u00a0 Belgi\u00eb<strong>, <\/strong>Nederland<strong>, <\/strong>Duitsland, Oostenrijk, Frankrijk, Denemarken, Finland, Tsjechi\u00eb, Polen, Zweden, Cyprus (Cyprus \u2013 Non-noord), Slowakije, Sloveni\u00eb, Luxemburg, Spanje, Verenigd Koninkrijk (VK) behalve eilanden, Kroati\u00eb, Litouwen, Letland, Estland, Griekenland, en Hongarije.<\/p>\r\n<p>Verzending naar Frankrijk, Tsjechi\u00eb, Zweden, Cyprus (Cyprus \u2013 Niet-Noord), Slowakije, Sloveni\u00eb, Luxemburg, Verenigd Koninkrijk (UK), behalve eilanden, Kroati\u00eb, Litouwen, Letland, Estland, Griekenland en Hongarijekosten een vaste prijs van 10,00 EUR.<\/p>\r\n\r\n<p>&nbsp;<\/p>\r\n","protected":false},"excerpt":{"rendered":"<p>Verzendkosten zijn in Belgi\u00eb, Nederland, Duitsland en Oostenrijk\u00a05,95 EUR\u00a0\/ verzendkosten tot een maximum van 5 kg. Voor bestellingen van\u00a0meer dan 100, \u2013 EUR, zijn leveringen naar Nederland, Duitsland en Oostenrijk\u00a0gratis! De levertijd is tussen de 3 en 5 werkdagen. Wij verzenden alle pakketten met UPS. Wij bieden momenteel alleen postadressen in de volgende landen:\u00a0 Belgi\u00eb, Nederland, Duitsland, Oostenrijk, Frankrijk, Denemarken, Finland, Tsjechi\u00eb, Polen, Zweden, Cyprus (Cyprus \u2013 Non-noord), Slowakije, Sloveni\u00eb, Luxemburg, Spanje, Verenigd Koninkrijk (VK) behalve eilanden, Kroati\u00eb, Litouwen, Letland, Estland, Griekenland, en Hongarije. Verzending naar Frankrijk, Tsjechi\u00eb, Zweden, Cyprus (Cyprus \u2013 Niet-Noord), Slowakije, Sloveni\u00eb, Luxemburg, Verenigd Koninkrijk (UK), behalve eilanden, Kroati\u00eb, Litouwen, Letland, Estland, Griekenland en Hongarijekosten een vaste prijs van 10,00 EUR. &nbsp;<\/p>\n","protected":false},"author":1,"featured_media":0,"parent":0,"menu_order":0,"comment_status":"closed","ping_status":"closed","template":"","meta":{"footnotes":""},"class_list":["post-21","page","type-page","status-publish","hentry"],"yoast_head":"<!-- This site is optimized with the Yoast SEO plugin v27.3 - https:\/\/yoast.com\/product\/yoast-seo-wordpress\/ -->\n<title>Verzenden - Aceto Balsamico Shop - Belgi\u00eb<\/title>\n<meta name=\"robots\" content=\"index, follow, max-snippet:-1, max-image-preview:large, max-video-preview:-1\" \/>\n<link rel=\"canonical\" href=\"https:\/\/balsamico.shop\/be\/verzenden\/\" \/>\n<meta property=\"og:locale\" content=\"nl_NL\" \/>\n<meta property=\"og:type\" content=\"article\" \/>\n<meta property=\"og:title\" content=\"Verzenden - Aceto Balsamico Shop - Belgi\u00eb\" \/>\n<meta property=\"og:description\" content=\"Verzendkosten zijn in Belgi\u00eb, Nederland, Duitsland en Oostenrijk\u00a05,95 EUR\u00a0\/ verzendkosten tot een maximum van 5 kg. Voor bestellingen van\u00a0meer dan 100, \u2013 EUR, zijn leveringen naar Nederland, Duitsland en Oostenrijk\u00a0gratis! De levertijd is tussen de 3 en 5 werkdagen. Wij verzenden alle pakketten met UPS. Wij bieden momenteel alleen postadressen in de volgende landen:\u00a0 Belgi\u00eb, Nederland, Duitsland, Oostenrijk, Frankrijk, Denemarken, Finland, Tsjechi\u00eb, Polen, Zweden, Cyprus (Cyprus \u2013 Non-noord), Slowakije, Sloveni\u00eb, Luxemburg, Spanje, Verenigd Koninkrijk (VK) behalve eilanden, Kroati\u00eb, Litouwen, Letland, Estland, Griekenland, en Hongarije. Verzending naar Frankrijk, Tsjechi\u00eb, Zweden, Cyprus (Cyprus \u2013 Niet-Noord), Slowakije, Sloveni\u00eb, Luxemburg, Verenigd Koninkrijk (UK), behalve eilanden, Kroati\u00eb, Litouwen, Letland, Estland, Griekenland en Hongarijekosten een vaste prijs van 10,00 EUR. &nbsp;\" \/>\n<meta property=\"og:url\" content=\"https:\/\/balsamico.shop\/be\/verzenden\/\" \/>\n<meta property=\"og:site_name\" content=\"Aceto Balsamico Shop - Belgi\u00eb\" \/>\n<meta property=\"article:modified_time\" content=\"2023-11-13T11:20:12+00:00\" \/>\n<meta name=\"twitter:card\" content=\"summary_large_image\" \/>\n<meta name=\"twitter:label1\" content=\"Geschatte leestijd\" \/>\n\t<meta name=\"twitter:data1\" content=\"1 minuut\" \/>\n<script type=\"application\/ld+json\" class=\"yoast-schema-graph\">{\"@context\":\"https:\\\/\\\/schema.org\",\"@graph\":[{\"@type\":\"WebPage\",\"@id\":\"https:\\\/\\\/balsamico.shop\\\/be\\\/verzenden\\\/\",\"url\":\"https:\\\/\\\/balsamico.shop\\\/be\\\/verzenden\\\/\",\"name\":\"Verzenden - Aceto Balsamico Shop - Belgi\u00eb\",\"isPartOf\":{\"@id\":\"https:\\\/\\\/balsamico.shop\\\/be\\\/#website\"},\"datePublished\":\"2016-03-28T21:23:26+00:00\",\"dateModified\":\"2023-11-13T11:20:12+00:00\",\"breadcrumb\":{\"@id\":\"https:\\\/\\\/balsamico.shop\\\/be\\\/verzenden\\\/#breadcrumb\"},\"inLanguage\":\"nl-NL\",\"potentialAction\":[{\"@type\":\"ReadAction\",\"target\":[\"https:\\\/\\\/balsamico.shop\\\/be\\\/verzenden\\\/\"]}]},{\"@type\":\"BreadcrumbList\",\"@id\":\"https:\\\/\\\/balsamico.shop\\\/be\\\/verzenden\\\/#breadcrumb\",\"itemListElement\":[{\"@type\":\"ListItem\",\"position\":1,\"name\":\"Home\",\"item\":\"https:\\\/\\\/balsamico.shop\\\/be\\\/\"},{\"@type\":\"ListItem\",\"position\":2,\"name\":\"Verzenden\"}]},{\"@type\":\"WebSite\",\"@id\":\"https:\\\/\\\/balsamico.shop\\\/be\\\/#website\",\"url\":\"https:\\\/\\\/balsamico.shop\\\/be\\\/\",\"name\":\"Aceto Balsamico Shop - Belgi\u00eb\",\"description\":\"Koop balsamico uit Modena en Reggio Emilia\",\"potentialAction\":[{\"@type\":\"SearchAction\",\"target\":{\"@type\":\"EntryPoint\",\"urlTemplate\":\"https:\\\/\\\/balsamico.shop\\\/be\\\/?s={search_term_string}\"},\"query-input\":{\"@type\":\"PropertyValueSpecification\",\"valueRequired\":true,\"valueName\":\"search_term_string\"}}],\"inLanguage\":\"nl-NL\"}]}<\/script>\n<!-- \/ Yoast SEO plugin. -->","yoast_head_json":{"title":"Verzenden - Aceto Balsamico Shop - Belgi\u00eb","robots":{"index":"index","follow":"follow","max-snippet":"max-snippet:-1","max-image-preview":"max-image-preview:large","max-video-preview":"max-video-preview:-1"},"canonical":"https:\/\/balsamico.shop\/be\/verzenden\/","og_locale":"nl_NL","og_type":"article","og_title":"Verzenden - Aceto Balsamico Shop - Belgi\u00eb","og_description":"Verzendkosten zijn in Belgi\u00eb, Nederland, Duitsland en Oostenrijk\u00a05,95 EUR\u00a0\/ verzendkosten tot een maximum van 5 kg. Voor bestellingen van\u00a0meer dan 100, \u2013 EUR, zijn leveringen naar Nederland, Duitsland en Oostenrijk\u00a0gratis! De levertijd is tussen de 3 en 5 werkdagen. Wij verzenden alle pakketten met UPS. Wij bieden momenteel alleen postadressen in de volgende landen:\u00a0 Belgi\u00eb, Nederland, Duitsland, Oostenrijk, Frankrijk, Denemarken, Finland, Tsjechi\u00eb, Polen, Zweden, Cyprus (Cyprus \u2013 Non-noord), Slowakije, Sloveni\u00eb, Luxemburg, Spanje, Verenigd Koninkrijk (VK) behalve eilanden, Kroati\u00eb, Litouwen, Letland, Estland, Griekenland, en Hongarije. Verzending naar Frankrijk, Tsjechi\u00eb, Zweden, Cyprus (Cyprus \u2013 Niet-Noord), Slowakije, Sloveni\u00eb, Luxemburg, Verenigd Koninkrijk (UK), behalve eilanden, Kroati\u00eb, Litouwen, Letland, Estland, Griekenland en Hongarijekosten een vaste prijs van 10,00 EUR. &nbsp;","og_url":"https:\/\/balsamico.shop\/be\/verzenden\/","og_site_name":"Aceto Balsamico Shop - Belgi\u00eb","article_modified_time":"2023-11-13T11:20:12+00:00","twitter_card":"summary_large_image","twitter_misc":{"Geschatte leestijd":"1 minuut"},"schema":{"@context":"https:\/\/schema.org","@graph":[{"@type":"WebPage","@id":"https:\/\/balsamico.shop\/be\/verzenden\/","url":"https:\/\/balsamico.shop\/be\/verzenden\/","name":"Verzenden - Aceto Balsamico Shop - Belgi\u00eb","isPartOf":{"@id":"https:\/\/balsamico.shop\/be\/#website"},"datePublished":"2016-03-28T21:23:26+00:00","dateModified":"2023-11-13T11:20:12+00:00","breadcrumb":{"@id":"https:\/\/balsamico.shop\/be\/verzenden\/#breadcrumb"},"inLanguage":"nl-NL","potentialAction":[{"@type":"ReadAction","target":["https:\/\/balsamico.shop\/be\/verzenden\/"]}]},{"@type":"BreadcrumbList","@id":"https:\/\/balsamico.shop\/be\/verzenden\/#breadcrumb","itemListElement":[{"@type":"ListItem","position":1,"name":"Home","item":"https:\/\/balsamico.shop\/be\/"},{"@type":"ListItem","position":2,"name":"Verzenden"}]},{"@type":"WebSite","@id":"https:\/\/balsamico.shop\/be\/#website","url":"https:\/\/balsamico.shop\/be\/","name":"Aceto Balsamico Shop - Belgi\u00eb","description":"Koop balsamico uit Modena en Reggio Emilia","potentialAction":[{"@type":"SearchAction","target":{"@type":"EntryPoint","urlTemplate":"https:\/\/balsamico.shop\/be\/?s={search_term_string}"},"query-input":{"@type":"PropertyValueSpecification","valueRequired":true,"valueName":"search_term_string"}}],"inLanguage":"nl-NL"}]}},"_links":{"self":[{"href":"https:\/\/balsamico.shop\/be\/wp-json\/wp\/v2\/pages\/21","targetHints":{"allow":["GET"]}}],"collection":[{"href":"https:\/\/balsamico.shop\/be\/wp-json\/wp\/v2\/pages"}],"about":[{"href":"https:\/\/balsamico.shop\/be\/wp-json\/wp\/v2\/types\/page"}],"author":[{"embeddable":true,"href":"https:\/\/balsamico.shop\/be\/wp-json\/wp\/v2\/users\/1"}],"replies":[{"embeddable":true,"href":"https:\/\/balsamico.shop\/be\/wp-json\/wp\/v2\/comments?post=21"}],"version-history":[{"count":10,"href":"https:\/\/balsamico.shop\/be\/wp-json\/wp\/v2\/pages\/21\/revisions"}],"predecessor-version":[{"id":1986,"href":"https:\/\/balsamico.shop\/be\/wp-json\/wp\/v2\/pages\/21\/revisions\/1986"}],"wp:attachment":[{"href":"https:\/\/balsamico.shop\/be\/wp-json\/wp\/v2\/media?parent=21"}],"curies":[{"name":"wp","href":"https:\/\/api.w.org\/{rel}","templated":true}]}}